{"id":294536,"date":"2022-12-12T12:50:11","date_gmt":"2022-12-12T11:50:11","guid":{"rendered":"http:\/\/dev.claret.cat\/llibre\/leo-tiene-una-rabieta\/"},"modified":"2023-10-06T07:05:29","modified_gmt":"2023-10-06T05:05:29","slug":"leo-tiene-una-rabieta-9788419048240","status":"publish","type":"product","link":"https:\/\/www.claret.cat\/es\/libro\/leo-tiene-una-rabieta-9788419048240\/","title":{"rendered":"LEO TIENE UNA RABIETA"},"content":{"rendered":"<p>Una colecci\u00f3n de tu pediatra de referencia en crianza respetuosa, Anna Estap\u00e9 \u00a1Dentro de esta barriga hay una tormenta! Se oyen truenos y llueve con fuerza. \u00a1Sin duda, es un caso de rabia! Las rabietas forman parte del proceso de desarrollo de los ni\u00f1os y  las ni\u00f1as, son su manera de comunicarnos que nos necesitan. En este cuento, la pediatra de referencia en crianza respetuosa, Anna Estap\u00e9, nos ense\u00f1a a afrontar el enfado de los m\u00e1s peque\u00f1os desde la  empat\u00eda y el cari\u00f1o, y a compartir con ellos habilidades emocionales que les ser\u00e1n \u00fatiles en el futuro. Gracias a la historia de Leo, peque\u00f1os y mayores aprender\u00e1n a gestionar las rabietas con consciencia y respeto, y a  experimentarlas como una oportunidad para el crecimiento y el aprendizaje emocional. \u00b7 Un libro perfecto para leer en familia. \u00b7 Con consejos pr\u00e1cticos para que padres y madres entiendan cu\u00e1l es su funci\u00f3n ante una rabieta y c\u00f3mo deben actuar. \u00b7 Una tierna historia para familias que apuestan por una crianza basada en el respeto, el amor y los l\u00edmites positivos.<\/p>\n","protected":false},"excerpt":{"rendered":"<p>ESTAP\u00c9, ANNA \/ PERPI\u00d1\u00c1N, ARANCHA<\/p>\n","protected":false},"featured_media":307551,"template":"","meta":{"_acf_changed":false,"om_disable_all_campaigns":false,"rs_blank_template":"","rs_page_bg_color":"","slide_template_v7":"","inline_featured_image":false,"_monsterinsights_skip_tracking":false,"_monsterinsights_sitenote_active":false,"_monsterinsights_sitenote_note":"","_monsterinsights_sitenote_category":0},"product_brand":[],"product_cat":[361],"product_tag":[],"class_list":{"0":"post-294536","1":"product","2":"type-product","3":"status-publish","4":"has-post-thumbnail","6":"product_cat-cuentos-para-ninos-0-6-anos","8":"first","9":"instock","10":"taxable","11":"shipping-taxable","12":"purchasable","13":"product-type-simple"},"acf":{"autor":"ESTAP\u00c9, ANNA \/ PERPI\u00d1\u00c1N, ARANCHA","codart":"8419048240","libros-coleccion":"B DE BLOK","ediciones":"1","encuadernacion":"Carton\u00e9","fecha_de_publicacion":"01\/11\/2022","novedad":"1","paginas":"0","subtitulo":"UN CUENTO PARA AFRONTAR EL ENFADO CON EMPAT\u00cdA","orden":"0","portada":"0","idioma":"spa","editorial":[{"ID":294535,"post_author":"3","post_date":"2022-12-12 12:50:10","post_date_gmt":"2022-12-12 11:50:10","post_content":"","post_title":"B de Blok","post_excerpt":"","post_status":"publish","comment_status":"closed","ping_status":"closed","post_password":"","post_name":"b-de-blok","to_ping":"","pinged":"","post_modified":"2022-12-12 12:50:10","post_modified_gmt":"2022-12-12 11:50:10","post_content_filtered":"","post_parent":0,"guid":"http:\/\/dev.claret.cat\/editorial\/b-de-blok\/","menu_order":0,"post_type":"editorial","post_mime_type":"","comment_count":"0","filter":"raw"}],"autores-libros":[{"ID":151048,"post_author":"3","post_date":"2022-10-14 14:37:48","post_date_gmt":"2022-10-14 12:37:48","post_content":"","post_title":"ARANCHA PERPI\u00d1\u00c1N","post_excerpt":"","post_status":"publish","comment_status":"closed","ping_status":"closed","post_password":"","post_name":"arancha-perpinan","to_ping":"","pinged":"","post_modified":"2022-10-14 14:37:48","post_modified_gmt":"2022-10-14 12:37:48","post_content_filtered":"","post_parent":0,"guid":"http:\/\/dev.claret.cat\/autor\/arancha-perpinan\/","menu_order":0,"post_type":"autor","post_mime_type":"","comment_count":"0","filter":"raw"},{"ID":150559,"post_author":"3","post_date":"2022-10-14 14:33:56","post_date_gmt":"2022-10-14 12:33:56","post_content":"","post_title":"ANNA ESTAP\u00c9","post_excerpt":"","post_status":"publish","comment_status":"closed","ping_status":"closed","post_password":"","post_name":"anna-estape","to_ping":"","pinged":"","post_modified":"2022-10-14 14:33:56","post_modified_gmt":"2022-10-14 12:33:56","post_content_filtered":"","post_parent":0,"guid":"http:\/\/dev.claret.cat\/autor\/anna-estape\/","menu_order":0,"post_type":"autor","post_mime_type":"","comment_count":"0","filter":"raw"}]},"aioseo_notices":[],"_links":{"self":[{"href":"https:\/\/www.claret.cat\/es\/wp-json\/wp\/v2\/product\/294536","targetHints":{"allow":["GET"]}}],"collection":[{"href":"https:\/\/www.claret.cat\/es\/wp-json\/wp\/v2\/product"}],"about":[{"href":"https:\/\/www.claret.cat\/es\/wp-json\/wp\/v2\/types\/product"}],"wp:featuredmedia":[{"embeddable":true,"href":"https:\/\/www.claret.cat\/es\/wp-json\/wp\/v2\/media\/307551"}],"wp:attachment":[{"href":"https:\/\/www.claret.cat\/es\/wp-json\/wp\/v2\/media?parent=294536"}],"wp:term":[{"taxonomy":"product_brand","embeddable":true,"href":"https:\/\/www.claret.cat\/es\/wp-json\/wp\/v2\/product_brand?post=294536"},{"taxonomy":"product_cat","embeddable":true,"href":"https:\/\/www.claret.cat\/es\/wp-json\/wp\/v2\/product_cat?post=294536"},{"taxonomy":"product_tag","embeddable":true,"href":"https:\/\/www.claret.cat\/es\/wp-json\/wp\/v2\/product_tag?post=294536"}],"curies":[{"name":"wp","href":"https:\/\/api.w.org\/{rel}","templated":true}]}}