{"id":294854,"date":"2022-12-12T17:55:30","date_gmt":"2022-12-12T16:55:30","guid":{"rendered":"http:\/\/dev.claret.cat\/llibre\/en-defensa-de-jesus\/"},"modified":"2026-04-17T18:25:06","modified_gmt":"2026-04-17T16:25:06","slug":"en-defensa-de-jesus-9788418467868","status":"publish","type":"product","link":"https:\/\/www.claret.cat\/es\/libro\/en-defensa-de-jesus-9788418467868\/","title":{"rendered":"EN DEFENSA DE JES\u00daS"},"content":{"rendered":"<p><span>\u00abBrant Pitre, que ya ha demostrado su deslumbrante competencia en libros anteriores, explica aqu\u00ed de manera sorprendentemente sencilla de comprender por qu\u00e9 podemos fiarnos de los Evangelios. Detr\u00e1s de su eficaz comunicaci\u00f3n, sin embargo, hay una muy basta investigaci\u00f3n y un detallado replanteamiento\u00bb. \u2014Craig S. Keener, Asbury Theological Seminary \u00abEn defensa de Jes\u00fas derroca el escepticismo ingenuo que con demasiada frecuencia domina el estudio de los Evangelios, al mostrar que las pruebas de la verdad de los Evangelios son mucho m\u00e1s s\u00f3lidas de lo que se suele suponer. Este libro deber\u00eda estar en la estanter\u00eda de todo aquel que predica, o da catequesis o dirige un estudio b\u00edblico\u00bb. \u2014Mary Healy, Sacred Heart Major Seminary<\/span><\/p>\n","protected":false},"excerpt":{"rendered":"<p>PITRE, BRANT<\/p>\n","protected":false},"featured_media":1093355,"template":"","meta":{"_acf_changed":false,"om_disable_all_campaigns":false,"rs_blank_template":"","rs_page_bg_color":"","slide_template_v7":"","inline_featured_image":false,"_monsterinsights_skip_tracking":false,"_monsterinsights_sitenote_active":false,"_monsterinsights_sitenote_note":"","_monsterinsights_sitenote_category":0},"product_brand":[],"product_cat":[91,541],"product_tag":[],"class_list":{"0":"post-294854","1":"product","2":"type-product","3":"status-publish","4":"has-post-thumbnail","6":"product_cat-cristologia","7":"product_cat-cristologia-1_espiritualidad-spa","9":"first","10":"instock","11":"taxable","12":"shipping-taxable","13":"purchasable","14":"product-type-simple"},"acf":{"autor":"PITRE, BRANT","codart":"841846786","libros-coleccion":"FORA DE COL.LECCI\u00d3","ediciones":"1","encuadernacion":"R\u00fastica","fecha_de_publicacion":"01\/11\/2022","novedad":"1","paginas":"267","subtitulo":"LAS PRUEBAS B\u00cdBLICAS E HIST\u00d3RICAS EN FAVOR DE JESUCRISTO","orden":"0","portada":"0","idioma":"spa","editorial":[{"ID":147790,"post_author":"3","post_date":"2022-10-14 11:53:14","post_date_gmt":"2022-10-14 09:53:14","post_content":"","post_title":"Ediciones Cor Iesu","post_excerpt":"","post_status":"publish","comment_status":"closed","ping_status":"closed","post_password":"","post_name":"ediciones-cor-iesu","to_ping":"","pinged":"","post_modified":"2022-10-14 11:53:14","post_modified_gmt":"2022-10-14 09:53:14","post_content_filtered":"","post_parent":0,"guid":"http:\/\/dev.claret.cat\/editorial\/ediciones-cor-iesu\/","menu_order":0,"post_type":"editorial","post_mime_type":"","comment_count":"0","filter":"raw"}],"autores-libros":[{"ID":5305,"post_author":"3","post_date":"2022-07-28 17:21:10","post_date_gmt":"2022-07-28 15:21:10","post_content":"","post_title":"BRANT PITRE","post_excerpt":"","post_status":"publish","comment_status":"closed","ping_status":"closed","post_password":"","post_name":"brant-pitre","to_ping":"","pinged":"","post_modified":"2022-07-28 17:21:10","post_modified_gmt":"2022-07-28 15:21:10","post_content_filtered":"","post_parent":0,"guid":"http:\/\/dev.claret.cat\/autor\/brant-pitre\/","menu_order":0,"post_type":"autor","post_mime_type":"","comment_count":"0","filter":"raw"}],"booktrailer":"","resenas":""},"aioseo_notices":[],"_links":{"self":[{"href":"https:\/\/www.claret.cat\/es\/wp-json\/wp\/v2\/product\/294854","targetHints":{"allow":["GET"]}}],"collection":[{"href":"https:\/\/www.claret.cat\/es\/wp-json\/wp\/v2\/product"}],"about":[{"href":"https:\/\/www.claret.cat\/es\/wp-json\/wp\/v2\/types\/product"}],"wp:featuredmedia":[{"embeddable":true,"href":"https:\/\/www.claret.cat\/es\/wp-json\/wp\/v2\/media\/1093355"}],"wp:attachment":[{"href":"https:\/\/www.claret.cat\/es\/wp-json\/wp\/v2\/media?parent=294854"}],"wp:term":[{"taxonomy":"product_brand","embeddable":true,"href":"https:\/\/www.claret.cat\/es\/wp-json\/wp\/v2\/product_brand?post=294854"},{"taxonomy":"product_cat","embeddable":true,"href":"https:\/\/www.claret.cat\/es\/wp-json\/wp\/v2\/product_cat?post=294854"},{"taxonomy":"product_tag","embeddable":true,"href":"https:\/\/www.claret.cat\/es\/wp-json\/wp\/v2\/product_tag?post=294854"}],"curies":[{"name":"wp","href":"https:\/\/api.w.org\/{rel}","templated":true}]}}