{"id":294911,"date":"2022-12-12T18:35:18","date_gmt":"2022-12-12T17:35:18","guid":{"rendered":"http:\/\/dev.claret.cat\/llibre\/la-persecucion-religiosa-en-espana-durante-la-segunta-republica-1931-1939\/"},"modified":"2024-05-24T04:16:45","modified_gmt":"2024-05-24T02:16:45","slug":"la-persecucion-religiosa-en-espana-durante-la-segunta-republica-19311939-9788432162886","status":"publish","type":"product","link":"https:\/\/www.claret.cat\/es\/libro\/la-persecucion-religiosa-en-espana-durante-la-segunta-republica-19311939-9788432162886\/","title":{"rendered":"LA PERSECUCI\u00d3N RELIGIOSA EN ESPA\u00d1A DURANTE LA SEGUNTA REP\u00daBLICA (1931-1939)"},"content":{"rendered":"<p>Con serenidad y rigor, el autor analiza las llamadas responsabilidades hist\u00f3ricas de la Iglesia, documenta el conflicto Rep\u00fablica-Iglesia y elabora los datos y caracter\u00edsticas de la persecuci\u00f3n sin confundirla ni compararla con la represi\u00f3n pol\u00edtica, que se dio tanto en la zona republicana como en la nacional.<br \/> Analiza tambi\u00e9n las negociaciones entre Negr\u00edn y el Vaticano, que trataban de normalizar la situaci\u00f3n religiosa, y ofrece una s\u00edntesis de algunos de los primeros procesos de beatificaci\u00f3n de m\u00e1rtires examinados por la Santa Sede.<\/p>\n","protected":false},"excerpt":{"rendered":"<p>C\u00c1RCEL ORT\u00cd, VICENTE<\/p>\n","protected":false},"featured_media":344768,"template":"","meta":{"_acf_changed":false,"om_disable_all_campaigns":false,"rs_blank_template":"","rs_page_bg_color":"","slide_template_v7":"","inline_featured_image":false,"_monsterinsights_skip_tracking":false,"_monsterinsights_sitenote_active":false,"_monsterinsights_sitenote_note":"","_monsterinsights_sitenote_category":0},"product_brand":[],"product_cat":[368,151,431,154],"product_tag":[],"class_list":{"0":"post-294911","1":"product","2":"type-product","3":"status-publish","4":"has-post-thumbnail","6":"product_cat-contemporanea","7":"product_cat-contemporania","8":"product_cat-espana","9":"product_cat-espanaya","11":"first","12":"instock","13":"taxable","14":"shipping-taxable","15":"purchasable","16":"product-type-simple"},"acf":{"autor":"C\u00c1RCEL ORT\u00cd, VICENTE","codart":"843216288","libros-coleccion":"Historia y Biograf\u00edas","ediciones":"3","encuadernacion":"R\u00fastica","fecha_de_publicacion":"01\/12\/2022","novedad":"1","paginas":"404","subtitulo":"(1931-1939)","orden":"0","portada":"0","idioma":"spa","editorial":[{"ID":6348,"post_author":"3","post_date":"2022-07-28 17:50:16","post_date_gmt":"2022-07-28 15:50:16","post_content":"","post_title":"Rialp","post_excerpt":"","post_status":"publish","comment_status":"closed","ping_status":"closed","post_password":"","post_name":"rialp","to_ping":"","pinged":"","post_modified":"2022-07-28 17:50:16","post_modified_gmt":"2022-07-28 15:50:16","post_content_filtered":"","post_parent":0,"guid":"http:\/\/dev.claret.cat\/editorial\/rialp\/","menu_order":0,"post_type":"editorial","post_mime_type":"","comment_count":"0","filter":"raw"}],"autores-libros":[{"ID":170951,"post_author":"3","post_date":"2022-10-14 22:39:29","post_date_gmt":"2022-10-14 20:39:29","post_content":"","post_title":"VICENTE CARCEL ORTI","post_excerpt":"","post_status":"publish","comment_status":"closed","ping_status":"closed","post_password":"","post_name":"vicente-carcel-orti-2","to_ping":"","pinged":"","post_modified":"2022-10-14 22:39:29","post_modified_gmt":"2022-10-14 20:39:29","post_content_filtered":"","post_parent":0,"guid":"http:\/\/dev.claret.cat\/autor\/vicente-carcel-orti-2\/","menu_order":0,"post_type":"autor","post_mime_type":"","comment_count":"0","filter":"raw"}]},"aioseo_notices":[],"_links":{"self":[{"href":"https:\/\/www.claret.cat\/es\/wp-json\/wp\/v2\/product\/294911","targetHints":{"allow":["GET"]}}],"collection":[{"href":"https:\/\/www.claret.cat\/es\/wp-json\/wp\/v2\/product"}],"about":[{"href":"https:\/\/www.claret.cat\/es\/wp-json\/wp\/v2\/types\/product"}],"wp:featuredmedia":[{"embeddable":true,"href":"https:\/\/www.claret.cat\/es\/wp-json\/wp\/v2\/media\/344768"}],"wp:attachment":[{"href":"https:\/\/www.claret.cat\/es\/wp-json\/wp\/v2\/media?parent=294911"}],"wp:term":[{"taxonomy":"product_brand","embeddable":true,"href":"https:\/\/www.claret.cat\/es\/wp-json\/wp\/v2\/product_brand?post=294911"},{"taxonomy":"product_cat","embeddable":true,"href":"https:\/\/www.claret.cat\/es\/wp-json\/wp\/v2\/product_cat?post=294911"},{"taxonomy":"product_tag","embeddable":true,"href":"https:\/\/www.claret.cat\/es\/wp-json\/wp\/v2\/product_tag?post=294911"}],"curies":[{"name":"wp","href":"https:\/\/api.w.org\/{rel}","templated":true}]}}