{"id":294954,"date":"2022-12-12T18:36:52","date_gmt":"2022-12-12T17:36:52","guid":{"rendered":"http:\/\/dev.claret.cat\/llibre\/rutes-per-descobrir-les-comarques-de-girona\/"},"modified":"2023-10-06T07:05:11","modified_gmt":"2023-10-06T05:05:11","slug":"rutes-per-descobrir-les-comarques-de-girona-9788482168326","status":"publish","type":"product","link":"https:\/\/www.claret.cat\/es\/libro\/rutes-per-descobrir-les-comarques-de-girona-9788482168326\/","title":{"rendered":"RUTES PER DESCOBRIR LES COMARQUES DE GIRONA"},"content":{"rendered":"<p>El paisatge que desperta els sentits. Les vuit comarques que donen forma a la prov\u00edncia de Gi-rona ofereixen una geografia molt variada, des de la mar Mediterr\u00e0nia fins als Pirineus. Aquest llibre en descobreix patrimoni natural amb espais protegits, i cultural amb po-bles medievals, monestirs rom\u00e0nics i  castells. Proposem un recorregut de m\u00e9s de 800 km en 12 etapes perqu\u00e8 cadasc\u00fa pugui planificar el viatge: la Costa Brava amb les seves cales i platges, la id\u00edl\u00b7lica Cerdanya, les valls de N\u00faria i Camprodon, els volcans i fagedes de la Garrotxa, les aig\u00fces termals del Montseny i els jardins vora mar de Blanes i Lloret de Mar&#8230; Mapes detallats, nombroses imatges i destacats us ajuda-ran a descobrir racons in\u00e8dits, viure experi\u00e8ncies gratifi-cants i aprofundir en la hist\u00f2ria i gastronomia de cada lloc.<\/p>\n","protected":false},"excerpt":{"rendered":"<p>BASTART I CASSE, JORDI<\/p>\n","protected":false},"featured_media":307716,"template":"","meta":{"_acf_changed":false,"om_disable_all_campaigns":false,"rs_blank_template":"","rs_page_bg_color":"","slide_template_v7":"","inline_featured_image":false,"_monsterinsights_skip_tracking":false,"_monsterinsights_sitenote_active":false,"_monsterinsights_sitenote_note":"","_monsterinsights_sitenote_category":0},"product_brand":[],"product_cat":[107],"product_tag":[],"class_list":{"0":"post-294954","1":"product","2":"type-product","3":"status-publish","4":"has-post-thumbnail","6":"product_cat-guies-de-viatge","8":"first","9":"instock","10":"taxable","11":"shipping-taxable","12":"purchasable","13":"product-type-simple"},"acf":{"autor":"BASTART I CASSE, JORDI","codart":"848216832","libros-coleccion":"En ruta","ediciones":"1","encuadernacion":"R\u00fastica","fecha_de_publicacion":"01\/11\/2022","novedad":"1","paginas":"215","subtitulo":"ELS MILLORS ITINERARIS EN COTXE","orden":"0","portada":"0","idioma":"cat","editorial":[{"ID":147855,"post_author":"3","post_date":"2022-10-14 11:53:44","post_date_gmt":"2022-10-14 09:53:44","post_content":"","post_title":"EDICIONES SUA-TXINPARTETAN,S.L","post_excerpt":"","post_status":"publish","comment_status":"closed","ping_status":"closed","post_password":"","post_name":"ediciones-sua-txinpartetans-l","to_ping":"","pinged":"","post_modified":"2022-10-14 11:53:44","post_modified_gmt":"2022-10-14 09:53:44","post_content_filtered":"","post_parent":0,"guid":"http:\/\/dev.claret.cat\/editorial\/ediciones-sua-txinpartetans-l\/","menu_order":0,"post_type":"editorial","post_mime_type":"","comment_count":"0","filter":"raw"}],"autores-libros":[{"ID":159827,"post_author":"3","post_date":"2022-10-14 15:48:03","post_date_gmt":"2022-10-14 13:48:03","post_content":"","post_title":"JORDI BASTART I CASS\u00c9","post_excerpt":"","post_status":"publish","comment_status":"closed","ping_status":"closed","post_password":"","post_name":"jordi-bastart-i-casse","to_ping":"","pinged":"","post_modified":"2022-10-14 15:48:03","post_modified_gmt":"2022-10-14 13:48:03","post_content_filtered":"","post_parent":0,"guid":"http:\/\/dev.claret.cat\/autor\/jordi-bastart-i-casse\/","menu_order":0,"post_type":"autor","post_mime_type":"","comment_count":"0","filter":"raw"}]},"aioseo_notices":[],"_links":{"self":[{"href":"https:\/\/www.claret.cat\/es\/wp-json\/wp\/v2\/product\/294954","targetHints":{"allow":["GET"]}}],"collection":[{"href":"https:\/\/www.claret.cat\/es\/wp-json\/wp\/v2\/product"}],"about":[{"href":"https:\/\/www.claret.cat\/es\/wp-json\/wp\/v2\/types\/product"}],"wp:featuredmedia":[{"embeddable":true,"href":"https:\/\/www.claret.cat\/es\/wp-json\/wp\/v2\/media\/307716"}],"wp:attachment":[{"href":"https:\/\/www.claret.cat\/es\/wp-json\/wp\/v2\/media?parent=294954"}],"wp:term":[{"taxonomy":"product_brand","embeddable":true,"href":"https:\/\/www.claret.cat\/es\/wp-json\/wp\/v2\/product_brand?post=294954"},{"taxonomy":"product_cat","embeddable":true,"href":"https:\/\/www.claret.cat\/es\/wp-json\/wp\/v2\/product_cat?post=294954"},{"taxonomy":"product_tag","embeddable":true,"href":"https:\/\/www.claret.cat\/es\/wp-json\/wp\/v2\/product_tag?post=294954"}],"curies":[{"name":"wp","href":"https:\/\/api.w.org\/{rel}","templated":true}]}}