{"id":294963,"date":"2022-12-12T18:40:13","date_gmt":"2022-12-12T17:40:13","guid":{"rendered":"http:\/\/dev.claret.cat\/llibre\/simbolos-en-san-juan-de-la-cruz\/"},"modified":"2024-05-23T02:42:55","modified_gmt":"2024-05-23T00:42:55","slug":"simbolos-en-san-juan-de-la-cruz-9788491655367","status":"publish","type":"product","link":"https:\/\/www.claret.cat\/es\/libro\/simbolos-en-san-juan-de-la-cruz-9788491655367\/","title":{"rendered":"S\u00cdMBOLOS EN SAN JUAN DE LA CRUZ"},"content":{"rendered":"<p>Resumen: San Juan de la Cruz ha sido ampliamente estudiado, interpretado y comentado por numerosos especialistas y estudios. Es uno de los autores del Siglo de Oro espa\u00f1ol m\u00e1s admirados, en Espa\u00f1a y fuera de ella. Sin embargo, pocos se han detenido en descifrar en clave sacramental esta riqueza de expresi\u00f3n po\u00e9tico-simb\u00f3lica y m\u00edstica del autor. En este trabajo nos centramos en los s\u00edmbolos, semejanzas, comparaciones, im\u00e1genes empleadas directamente por san Juan de la Cruz, o que se desprenden de sus explicaciones, escritos, y de su vida entera. Nuestro objetivo es ver c\u00f3mo se manifiesta en ellos una cierta visi\u00f3n y vivencia de la sacramentalidad, aunque no siempre se refiera expl\u00edcitamente a los signos sacramentales de la Iglesia.<\/p>\n","protected":false},"excerpt":{"rendered":"<p>BOROBIO, DIONISIO<\/p>\n","protected":false},"featured_media":361640,"template":"","meta":{"_acf_changed":false,"om_disable_all_campaigns":false,"rs_blank_template":"","rs_page_bg_color":"","slide_template_v7":"","inline_featured_image":false,"_monsterinsights_skip_tracking":false,"_monsterinsights_sitenote_active":false,"_monsterinsights_sitenote_note":"","_monsterinsights_sitenote_category":0},"product_brand":[],"product_cat":[298,522,545,95],"product_tag":[],"class_list":{"0":"post-294963","1":"product","2":"type-product","3":"status-publish","4":"has-post-thumbnail","6":"product_cat-sacramental","7":"product_cat-sacramental-pastoral-1_espiritualidad","8":"product_cat-santoral-1_espiritualidad-spa","9":"product_cat-santoral","11":"first","12":"instock","13":"taxable","14":"shipping-taxable","15":"purchasable","16":"product-type-simple"},"acf":{"autor":"BOROBIO, DIONISIO","codart":"8491655367","libros-coleccion":"Cuadernos PHASE","ediciones":"1","encuadernacion":"R\u00fastica","fecha_de_publicacion":"02\/12\/2022","novedad":"1","paginas":"84","subtitulo":"UNA INTERPRETACI\u00d3N SACRAMENTAL ","orden":"0","portada":"0","idioma":"spa","editorial":[{"ID":6172,"post_author":"3","post_date":"2022-07-28 17:46:27","post_date_gmt":"2022-07-28 15:46:27","post_content":"","post_title":"CPL","post_excerpt":"","post_status":"publish","comment_status":"closed","ping_status":"closed","post_password":"","post_name":"cpl","to_ping":"","pinged":"","post_modified":"2022-07-28 17:46:27","post_modified_gmt":"2022-07-28 15:46:27","post_content_filtered":"","post_parent":0,"guid":"http:\/\/dev.claret.cat\/editorial\/cpl\/","menu_order":0,"post_type":"editorial","post_mime_type":"","comment_count":"0","filter":"raw"}],"autores-libros":[{"ID":8311,"post_author":"3","post_date":"2022-09-30 09:47:37","post_date_gmt":"2022-09-30 07:47:37","post_content":"","post_title":"DIONISIO BOROBIO","post_excerpt":"","post_status":"publish","comment_status":"closed","ping_status":"closed","post_password":"","post_name":"dionisio-borobio","to_ping":"","pinged":"","post_modified":"2022-09-30 09:47:37","post_modified_gmt":"2022-09-30 07:47:37","post_content_filtered":"","post_parent":0,"guid":"http:\/\/dev.claret.cat\/autor\/dionisio-borobio\/","menu_order":0,"post_type":"autor","post_mime_type":"","comment_count":"0","filter":"raw"}]},"aioseo_notices":[],"_links":{"self":[{"href":"https:\/\/www.claret.cat\/es\/wp-json\/wp\/v2\/product\/294963","targetHints":{"allow":["GET"]}}],"collection":[{"href":"https:\/\/www.claret.cat\/es\/wp-json\/wp\/v2\/product"}],"about":[{"href":"https:\/\/www.claret.cat\/es\/wp-json\/wp\/v2\/types\/product"}],"wp:featuredmedia":[{"embeddable":true,"href":"https:\/\/www.claret.cat\/es\/wp-json\/wp\/v2\/media\/361640"}],"wp:attachment":[{"href":"https:\/\/www.claret.cat\/es\/wp-json\/wp\/v2\/media?parent=294963"}],"wp:term":[{"taxonomy":"product_brand","embeddable":true,"href":"https:\/\/www.claret.cat\/es\/wp-json\/wp\/v2\/product_brand?post=294963"},{"taxonomy":"product_cat","embeddable":true,"href":"https:\/\/www.claret.cat\/es\/wp-json\/wp\/v2\/product_cat?post=294963"},{"taxonomy":"product_tag","embeddable":true,"href":"https:\/\/www.claret.cat\/es\/wp-json\/wp\/v2\/product_tag?post=294963"}],"curies":[{"name":"wp","href":"https:\/\/api.w.org\/{rel}","templated":true}]}}