{"id":295093,"date":"2022-12-13T10:55:03","date_gmt":"2022-12-13T09:55:03","guid":{"rendered":"http:\/\/dev.claret.cat\/llibre\/el-llibre-dels-sants\/"},"modified":"2024-05-22T22:10:41","modified_gmt":"2024-05-22T20:10:41","slug":"el-llibre-dels-sants-9788498050400","status":"publish","type":"product","link":"https:\/\/www.claret.cat\/es\/libro\/el-llibre-dels-sants-9788498050400\/","title":{"rendered":"EL LLIBRE DELS SANTS"},"content":{"rendered":"<p>Dia per dia, al llarg de tot l&#8217;any, aquest llibre va recollint la biografia breu, per\u00f2 ben documentada i explicada, de m\u00e9s de 550 sants o grups de sants, que corresponen a un total d&#8217;uns 800 noms de persona.<br \/>En aquest llibre, el lector no nom\u00e9s hi trobar\u00e0 la biografia d&#8217;aquell sant concret que li interessa, sin\u00f3 tamb\u00e9 una \u00e0mplia mirada a tota riquesa de vida i de fe que han generat els m\u00e9s de dos mil anys d&#8217;hist\u00f2ria del cristianisme.<\/p>\n","protected":false},"excerpt":{"rendered":"<p>LLIGADAS<\/p>\n","protected":false},"featured_media":385860,"template":"","meta":{"_acf_changed":false,"om_disable_all_campaigns":false,"rs_blank_template":"","rs_page_bg_color":"","slide_template_v7":"","inline_featured_image":false,"_monsterinsights_skip_tracking":false,"_monsterinsights_sitenote_active":false,"_monsterinsights_sitenote_note":"","_monsterinsights_sitenote_category":0},"product_brand":[],"product_cat":[90,540],"product_tag":[],"class_list":{"0":"post-295093","1":"product","2":"type-product","3":"status-publish","4":"has-post-thumbnail","6":"product_cat-altres","7":"product_cat-otros","9":"first","10":"instock","11":"taxable","12":"shipping-taxable","13":"purchasable","14":"product-type-simple"},"acf":{"autor":"LLIGADAS","codart":"849805040","libros-coleccion":"","ediciones":"1","encuadernacion":"[Vac\u00edo]","fecha_de_publicacion":"01\/01\/2005","novedad":"0","paginas":"239","subtitulo":"","orden":"999","portada":"0","idioma":"cat","editorial":[{"ID":6172,"post_author":"3","post_date":"2022-07-28 17:46:27","post_date_gmt":"2022-07-28 15:46:27","post_content":"","post_title":"CPL","post_excerpt":"","post_status":"publish","comment_status":"closed","ping_status":"closed","post_password":"","post_name":"cpl","to_ping":"","pinged":"","post_modified":"2022-07-28 17:46:27","post_modified_gmt":"2022-07-28 15:46:27","post_content_filtered":"","post_parent":0,"guid":"http:\/\/dev.claret.cat\/editorial\/cpl\/","menu_order":0,"post_type":"editorial","post_mime_type":"","comment_count":"0","filter":"raw"}],"autores-libros":[{"ID":295092,"post_author":"3","post_date":"2022-12-13 10:55:02","post_date_gmt":"2022-12-13 09:55:02","post_content":"","post_title":"JOSEP  LLIGADAS","post_excerpt":"","post_status":"publish","comment_status":"closed","ping_status":"closed","post_password":"","post_name":"josep-lligadas-4","to_ping":"","pinged":"","post_modified":"2022-12-13 10:55:02","post_modified_gmt":"2022-12-13 09:55:02","post_content_filtered":"","post_parent":0,"guid":"http:\/\/dev.claret.cat\/autor\/josep-lligadas-4\/","menu_order":0,"post_type":"autor","post_mime_type":"","comment_count":"0","filter":"raw"}]},"aioseo_notices":[],"_links":{"self":[{"href":"https:\/\/www.claret.cat\/es\/wp-json\/wp\/v2\/product\/295093","targetHints":{"allow":["GET"]}}],"collection":[{"href":"https:\/\/www.claret.cat\/es\/wp-json\/wp\/v2\/product"}],"about":[{"href":"https:\/\/www.claret.cat\/es\/wp-json\/wp\/v2\/types\/product"}],"wp:featuredmedia":[{"embeddable":true,"href":"https:\/\/www.claret.cat\/es\/wp-json\/wp\/v2\/media\/385860"}],"wp:attachment":[{"href":"https:\/\/www.claret.cat\/es\/wp-json\/wp\/v2\/media?parent=295093"}],"wp:term":[{"taxonomy":"product_brand","embeddable":true,"href":"https:\/\/www.claret.cat\/es\/wp-json\/wp\/v2\/product_brand?post=295093"},{"taxonomy":"product_cat","embeddable":true,"href":"https:\/\/www.claret.cat\/es\/wp-json\/wp\/v2\/product_cat?post=295093"},{"taxonomy":"product_tag","embeddable":true,"href":"https:\/\/www.claret.cat\/es\/wp-json\/wp\/v2\/product_tag?post=295093"}],"curies":[{"name":"wp","href":"https:\/\/api.w.org\/{rel}","templated":true}]}}