{"id":295468,"date":"2022-12-13T16:55:09","date_gmt":"2022-12-13T15:55:09","guid":{"rendered":"http:\/\/dev.claret.cat\/llibre\/nachtjager\/"},"modified":"2023-10-06T06:57:26","modified_gmt":"2023-10-06T04:57:26","slug":"nachtjager-9788412497366","status":"publish","type":"product","link":"https:\/\/www.claret.cat\/es\/libro\/nachtjager-9788412497366\/","title":{"rendered":"NACHTJ\u00c4GER"},"content":{"rendered":"<p>En las p\u00e1ginas de este libro, el lector podr\u00e1 revivir el apasionante proceso de nacimiento, auge y ca\u00edda de la Nachtjagd, la caza nocturna alemana, conociendo tanto la guerra tecnol\u00f3gica desencadenada para controlar los cielos de Europa, como los testimonios personales de los ases alemanes que se enfrentaron con sus cazas a las masivas formaciones de bombarderos y a las temidas incursiones de los r\u00e1pidos bimotores brit\u00e1nicos Mosquito.     La Luftwaffe emple\u00f3 para estas misiones una variada serie de aviones que abarc\u00f3 desde cazas y bombarderos convencionales modificados, hasta modernos aparatos especialmente fabricados como cazas nocturnos, incluyendo tambi\u00e9n los m\u00e1s avanzados reactores, que se batieron en desesperadas batallas a\u00e9reas nocturnas en los cielos de Berl\u00edn al final del conflicto.    El libro ofrece tambi\u00e9n un estudio de las diversas estrategias y t\u00e1cticas puestas en pr\u00e1ctica por la fuerza a\u00e9rea alemana para intentar frenar la ofensiva a\u00e9rea aliada, tratando tambi\u00e9n las diferencias entre los distintos teatros de operaciones, como el frente del Este o el Mediterr\u00e1neo, donde las misiones de caza noc<\/p>\n","protected":false},"excerpt":{"rendered":"<p>GIL MART\u00cdNEZ, EDUARDO MANUEL<\/p>\n","protected":false},"featured_media":307420,"template":"","meta":{"_acf_changed":false,"om_disable_all_campaigns":false,"rs_blank_template":"","rs_page_bg_color":"","slide_template_v7":"","inline_featured_image":false,"_monsterinsights_skip_tracking":false,"_monsterinsights_sitenote_active":false,"_monsterinsights_sitenote_note":"","_monsterinsights_sitenote_category":0},"product_brand":[],"product_cat":[90,540],"product_tag":[],"class_list":{"0":"post-295468","1":"product","2":"type-product","3":"status-publish","4":"has-post-thumbnail","6":"product_cat-altres","7":"product_cat-otros","9":"first","10":"instock","11":"taxable","12":"shipping-taxable","13":"purchasable","14":"product-type-simple"},"acf":{"autor":"GIL MART\u00cdNEZ, EDUARDO MANUEL","codart":"841249736","libros-coleccion":"Im\u00e1genes de Guerra","ediciones":"1","encuadernacion":"R\u00fastica","fecha_de_publicacion":"01\/11\/2022","novedad":"1","paginas":"163","subtitulo":"LA CAZA NOCTURNA ALEMANA EN LA SEGUNDA GUERRA MUNDIAL","orden":"0","portada":"0","idioma":"spa","editorial":[{"ID":147407,"post_author":"3","post_date":"2022-10-14 11:50:20","post_date_gmt":"2022-10-14 09:50:20","post_content":"","post_title":"Almena Ediciones","post_excerpt":"","post_status":"publish","comment_status":"closed","ping_status":"closed","post_password":"","post_name":"almena-ediciones","to_ping":"","pinged":"","post_modified":"2022-10-14 11:50:20","post_modified_gmt":"2022-10-14 09:50:20","post_content_filtered":"","post_parent":0,"guid":"http:\/\/dev.claret.cat\/editorial\/almena-ediciones\/","menu_order":0,"post_type":"editorial","post_mime_type":"","comment_count":"0","filter":"raw"}],"autores-libros":[{"ID":154599,"post_author":"3","post_date":"2022-10-14 15:06:06","post_date_gmt":"2022-10-14 13:06:06","post_content":"","post_title":"EDUARDO MANUEL GIL MART\u00cdNEZ","post_excerpt":"","post_status":"publish","comment_status":"closed","ping_status":"closed","post_password":"","post_name":"eduardo-manuel-gil-martinez","to_ping":"","pinged":"","post_modified":"2022-10-14 15:06:06","post_modified_gmt":"2022-10-14 13:06:06","post_content_filtered":"","post_parent":0,"guid":"http:\/\/dev.claret.cat\/autor\/eduardo-manuel-gil-martinez\/","menu_order":0,"post_type":"autor","post_mime_type":"","comment_count":"0","filter":"raw"}]},"aioseo_notices":[],"_links":{"self":[{"href":"https:\/\/www.claret.cat\/es\/wp-json\/wp\/v2\/product\/295468","targetHints":{"allow":["GET"]}}],"collection":[{"href":"https:\/\/www.claret.cat\/es\/wp-json\/wp\/v2\/product"}],"about":[{"href":"https:\/\/www.claret.cat\/es\/wp-json\/wp\/v2\/types\/product"}],"wp:featuredmedia":[{"embeddable":true,"href":"https:\/\/www.claret.cat\/es\/wp-json\/wp\/v2\/media\/307420"}],"wp:attachment":[{"href":"https:\/\/www.claret.cat\/es\/wp-json\/wp\/v2\/media?parent=295468"}],"wp:term":[{"taxonomy":"product_brand","embeddable":true,"href":"https:\/\/www.claret.cat\/es\/wp-json\/wp\/v2\/product_brand?post=295468"},{"taxonomy":"product_cat","embeddable":true,"href":"https:\/\/www.claret.cat\/es\/wp-json\/wp\/v2\/product_cat?post=295468"},{"taxonomy":"product_tag","embeddable":true,"href":"https:\/\/www.claret.cat\/es\/wp-json\/wp\/v2\/product_tag?post=295468"}],"curies":[{"name":"wp","href":"https:\/\/api.w.org\/{rel}","templated":true}]}}