{"id":29552,"date":"2022-10-02T11:27:28","date_gmt":"2022-10-02T09:27:28","guid":{"rendered":"http:\/\/dev.claret.cat\/producte\/la-cata-de-vinos\/"},"modified":"2023-01-28T10:46:07","modified_gmt":"2023-01-28T09:46:07","slug":"la-cata-de-vinos-9788418007705","status":"publish","type":"product","link":"https:\/\/www.claret.cat\/es\/libro\/la-cata-de-vinos-9788418007705\/","title":{"rendered":"LA CATA DE VINOS"},"content":{"rendered":"<p>An\u00e9cdotas y curiosidades, consejos y trucos de experto, tablas y  glosarios hacen de este manual pr\u00e1ctico de cata el compa\u00f1ero ideal para iniciarse en la cultura y en los placeres del vino. Catar un vino, ante todo, nos permite disfrutar de \u00e9l en toda su  amplitud apreciando matices de colores, gustos y aromas que pasan  inadvertidos al no iniciado. El aprendizaje de la cata, adem\u00e1s de  resultar muy placentero, abre siempre una dimensi\u00f3n nueva en la experiencia cotidiana del iniciado: saber disfrutar del vino es  introducir en nuestra vida un nuevo motivo de placer. Catar un vino es conocerlo en toda su amplitud: gusto, aroma, origen,  a\u00f1ada&#8230; Con La cata de vinos nos adentramos en la cultura enol\u00f3gica:  desde las t\u00e9cnicas b\u00e1sicas de la degustaci\u00f3n hasta los secretos del  servicio del vino y de su maridaje con distintos platos, pasando por las  variedades de uva, las artes de elaboraci\u00f3n de diferentes vinos o las  denominaciones de origen. Todo cuanto conviene conocer acerca del  fascinante mundo del vino est\u00e1 explicado en esta obra de una manera sencilla, pr\u00e1ctica y amena.<\/p>\n","protected":false},"excerpt":{"rendered":"<p>BARBA, LLU\u00cdS MANEL<\/p>\n","protected":false},"featured_media":64318,"template":"","meta":{"_acf_changed":false,"om_disable_all_campaigns":false,"rs_blank_template":"","rs_page_bg_color":"","slide_template_v7":"","inline_featured_image":false,"_monsterinsights_skip_tracking":false,"_monsterinsights_sitenote_active":false,"_monsterinsights_sitenote_note":"","_monsterinsights_sitenote_category":0},"product_brand":[],"product_cat":[103],"product_tag":[],"class_list":{"0":"post-29552","1":"product","2":"type-product","3":"status-publish","4":"has-post-thumbnail","6":"product_cat-cuina","8":"first","9":"instock","10":"taxable","11":"shipping-taxable","12":"purchasable","13":"product-type-simple"},"acf":{"autor":"BARBA, LLU\u00cdS MANEL","codart":"841800770","libros-coleccion":"Vivir mejor","ediciones":"1","encuadernacion":"R\u00fastica","fecha_de_publicacion":"01\/09\/2021","novedad":"1","paginas":"142","subtitulo":"GU\u00cdA COMPLETA PARA CONOCER Y DEGUSTAR LOS VINOS. EDICI\u00d3N ACTUALIZADA 2021","orden":"0","portada":"0","idioma":"spa","editorial":[{"ID":148228,"post_author":"3","post_date":"2022-10-14 11:56:37","post_date_gmt":"2022-10-14 09:56:37","post_content":"","post_title":"GRIJALBO ILUSTRADOS","post_excerpt":"","post_status":"publish","comment_status":"closed","ping_status":"closed","post_password":"","post_name":"grijalbo-ilustrados","to_ping":"","pinged":"","post_modified":"2022-10-14 11:56:37","post_modified_gmt":"2022-10-14 09:56:37","post_content_filtered":"","post_parent":0,"guid":"http:\/\/dev.claret.cat\/editorial\/grijalbo-ilustrados\/","menu_order":0,"post_type":"editorial","post_mime_type":"","comment_count":"0","filter":"raw"}],"autores-libros":[{"ID":162362,"post_author":"3","post_date":"2022-10-14 17:30:25","post_date_gmt":"2022-10-14 15:30:25","post_content":"","post_title":"LLUIS MANEL BARBA","post_excerpt":"","post_status":"publish","comment_status":"closed","ping_status":"closed","post_password":"","post_name":"lluis-manel-barba","to_ping":"","pinged":"","post_modified":"2022-10-14 17:30:25","post_modified_gmt":"2022-10-14 15:30:25","post_content_filtered":"","post_parent":0,"guid":"http:\/\/dev.claret.cat\/autor\/lluis-manel-barba\/","menu_order":0,"post_type":"autor","post_mime_type":"","comment_count":"0","filter":"raw"}]},"aioseo_notices":[],"_links":{"self":[{"href":"https:\/\/www.claret.cat\/es\/wp-json\/wp\/v2\/product\/29552","targetHints":{"allow":["GET"]}}],"collection":[{"href":"https:\/\/www.claret.cat\/es\/wp-json\/wp\/v2\/product"}],"about":[{"href":"https:\/\/www.claret.cat\/es\/wp-json\/wp\/v2\/types\/product"}],"wp:featuredmedia":[{"embeddable":true,"href":"https:\/\/www.claret.cat\/es\/wp-json\/wp\/v2\/media\/64318"}],"wp:attachment":[{"href":"https:\/\/www.claret.cat\/es\/wp-json\/wp\/v2\/media?parent=29552"}],"wp:term":[{"taxonomy":"product_brand","embeddable":true,"href":"https:\/\/www.claret.cat\/es\/wp-json\/wp\/v2\/product_brand?post=29552"},{"taxonomy":"product_cat","embeddable":true,"href":"https:\/\/www.claret.cat\/es\/wp-json\/wp\/v2\/product_cat?post=29552"},{"taxonomy":"product_tag","embeddable":true,"href":"https:\/\/www.claret.cat\/es\/wp-json\/wp\/v2\/product_tag?post=29552"}],"curies":[{"name":"wp","href":"https:\/\/api.w.org\/{rel}","templated":true}]}}