{"id":29564,"date":"2022-10-02T11:27:41","date_gmt":"2022-10-02T09:27:41","guid":{"rendered":"http:\/\/dev.claret.cat\/producte\/que-viva-la-cocina-2\/"},"modified":"2023-01-28T15:28:25","modified_gmt":"2023-01-28T14:28:25","slug":"que-viva-la-cocina-2-9788418007873","status":"publish","type":"product","link":"https:\/\/www.claret.cat\/es\/libro\/que-viva-la-cocina-2-9788418007873\/","title":{"rendered":"\u00a1QUE VIVA LA COCINA! 2"},"content":{"rendered":"<p>\u00a1Hola, receteros y receteras! Soy Gorka Barredo y os presento mi nuevo libro de recetas a\u00fan m\u00e1s f\u00e1ciles, r\u00e1pidas y econ\u00f3micas.  Todav\u00eda m\u00e1s intuitivo, sencillo de manejar y claro en sus explicaciones, \u00a1Qu\u00e9 viva la cocina! 2 incluye m\u00e1s de 75 elaboraciones  nuevas divididas en tres cap\u00edtulos: recetas que se hacen con tan solo 3  ingredientes, otras con 4 y otras tantas a base de 5 ingredientes.  Son  caseras, sabrosas, nutritivas y -\u00a1c\u00f3mo no!- est\u00e1n al alcance de todos los bolsillos. Y no importa si tienes mucha o poca experiencia entre fogones; \u00a1este ser\u00e1, sin duda, tu recetario de cabecera! Aprender\u00e1s a preparar garbanzos a la sart\u00e9n, hamburguesas de pollo y  espinacas, pulpo con cachelos, sopa de noodles, solomillos Strogonoff,  cordero al curry, yemas de Santa Teresa y muchos otros platos. Todos ellos \u00a1con un m\u00e1ximo 5 ingredientes!  \u00bfA qu\u00e9 esperas para convertirte en el mejor cocinillas de tu casa? cocinacaserayfacil.net M\u00e1s de 2.000.000 visitas mensuales en su blog M\u00e1s de 9.000.000 seguidores en Facebook M\u00e1s de 3.000.000 seguidores en YouTube<\/p>\n","protected":false},"excerpt":{"rendered":"<p>BARREDO, GORKA<\/p>\n","protected":false},"featured_media":64410,"template":"","meta":{"_acf_changed":false,"om_disable_all_campaigns":false,"rs_blank_template":"","rs_page_bg_color":"","slide_template_v7":"","inline_featured_image":false,"_monsterinsights_skip_tracking":false,"_monsterinsights_sitenote_active":false,"_monsterinsights_sitenote_note":"","_monsterinsights_sitenote_category":0},"product_brand":[],"product_cat":[103],"product_tag":[],"class_list":{"0":"post-29564","1":"product","2":"type-product","3":"status-publish","4":"has-post-thumbnail","6":"product_cat-cuina","8":"first","9":"instock","10":"taxable","11":"shipping-taxable","12":"purchasable","13":"product-type-simple"},"acf":{"autor":"BARREDO, GORKA","codart":"841800787","libros-coleccion":"Cocina casera","ediciones":"1","encuadernacion":"R\u00fastica","fecha_de_publicacion":"01\/09\/2021","novedad":"1","paginas":"186","subtitulo":"RECETAS CASERAS Y F\u00c1CILES CON 3, 4 Y 5 INGREDIENTES","orden":"0","portada":"0","idioma":"spa","editorial":[{"ID":148228,"post_author":"3","post_date":"2022-10-14 11:56:37","post_date_gmt":"2022-10-14 09:56:37","post_content":"","post_title":"GRIJALBO ILUSTRADOS","post_excerpt":"","post_status":"publish","comment_status":"closed","ping_status":"closed","post_password":"","post_name":"grijalbo-ilustrados","to_ping":"","pinged":"","post_modified":"2022-10-14 11:56:37","post_modified_gmt":"2022-10-14 09:56:37","post_content_filtered":"","post_parent":0,"guid":"http:\/\/dev.claret.cat\/editorial\/grijalbo-ilustrados\/","menu_order":0,"post_type":"editorial","post_mime_type":"","comment_count":"0","filter":"raw"}],"autores-libros":[{"ID":157072,"post_author":"3","post_date":"2022-10-14 15:25:54","post_date_gmt":"2022-10-14 13:25:54","post_content":"","post_title":"GORKA BARREDO","post_excerpt":"","post_status":"publish","comment_status":"closed","ping_status":"closed","post_password":"","post_name":"gorka-barredo","to_ping":"","pinged":"","post_modified":"2022-10-14 15:25:54","post_modified_gmt":"2022-10-14 13:25:54","post_content_filtered":"","post_parent":0,"guid":"http:\/\/dev.claret.cat\/autor\/gorka-barredo\/","menu_order":0,"post_type":"autor","post_mime_type":"","comment_count":"0","filter":"raw"}]},"aioseo_notices":[],"_links":{"self":[{"href":"https:\/\/www.claret.cat\/es\/wp-json\/wp\/v2\/product\/29564","targetHints":{"allow":["GET"]}}],"collection":[{"href":"https:\/\/www.claret.cat\/es\/wp-json\/wp\/v2\/product"}],"about":[{"href":"https:\/\/www.claret.cat\/es\/wp-json\/wp\/v2\/types\/product"}],"wp:featuredmedia":[{"embeddable":true,"href":"https:\/\/www.claret.cat\/es\/wp-json\/wp\/v2\/media\/64410"}],"wp:attachment":[{"href":"https:\/\/www.claret.cat\/es\/wp-json\/wp\/v2\/media?parent=29564"}],"wp:term":[{"taxonomy":"product_brand","embeddable":true,"href":"https:\/\/www.claret.cat\/es\/wp-json\/wp\/v2\/product_brand?post=29564"},{"taxonomy":"product_cat","embeddable":true,"href":"https:\/\/www.claret.cat\/es\/wp-json\/wp\/v2\/product_cat?post=29564"},{"taxonomy":"product_tag","embeddable":true,"href":"https:\/\/www.claret.cat\/es\/wp-json\/wp\/v2\/product_tag?post=29564"}],"curies":[{"name":"wp","href":"https:\/\/api.w.org\/{rel}","templated":true}]}}