{"id":296279,"date":"2022-12-15T16:55:52","date_gmt":"2022-12-15T15:55:52","guid":{"rendered":"http:\/\/dev.claret.cat\/llibre\/acompanar-la-infancia-9788419138330\/"},"modified":"2023-10-06T10:29:26","modified_gmt":"2023-10-06T08:29:26","slug":"acompanar-la-infancia-9788419138330","status":"publish","type":"product","link":"https:\/\/www.claret.cat\/es\/libro\/acompanar-la-infancia-9788419138330\/","title":{"rendered":"ACOMPA\u00d1AR LA INFANCIA"},"content":{"rendered":"<p>El juego es la herramienta m\u00e1s poderosa que tiene la infancia para crecer y aprender. Este libro te guiar\u00e1 para que, de forma te\u00f3rica y pr\u00e1ctica, puedas hacer un acompa\u00f1amiento respetuoso de los procesos de aprendizaje de los ni\u00f1os y las ni\u00f1as.<\/p>\n","protected":false},"excerpt":{"rendered":"<p>LAURA ALBERT PLA<\/p>\n","protected":false},"featured_media":310540,"template":"","meta":{"_acf_changed":false,"om_disable_all_campaigns":false,"rs_blank_template":"","rs_page_bg_color":"","slide_template_v7":"","inline_featured_image":false,"_monsterinsights_skip_tracking":false,"_monsterinsights_sitenote_active":false,"_monsterinsights_sitenote_note":"","_monsterinsights_sitenote_category":0},"product_brand":[],"product_cat":[575],"product_tag":[],"class_list":{"0":"post-296279","1":"product","2":"type-product","3":"status-publish","4":"has-post-thumbnail","6":"product_cat-orientacion-profesional-escolar-4_escolar-spa","8":"first","9":"instock","10":"taxable","11":"shipping-taxable","12":"purchasable","13":"product-type-simple"},"acf":{"autor":"LAURA ALBERT PLA","codart":"841913833","libros-coleccion":"","ediciones":"1","encuadernacion":"R\u00fastica","fecha_de_publicacion":"01\/03\/2022","novedad":"1","paginas":"270","subtitulo":"","orden":"0","portada":"0","idioma":"spa","autores-libros":[{"ID":296278,"post_author":"3","post_date":"2022-12-15 16:55:50","post_date_gmt":"2022-12-15 15:55:50","post_content":"","post_title":"LAURA ALBERT PLA","post_excerpt":"","post_status":"publish","comment_status":"closed","ping_status":"closed","post_password":"","post_name":"laura-albert-pla","to_ping":"","pinged":"","post_modified":"2022-12-15 16:55:50","post_modified_gmt":"2022-12-15 15:55:50","post_content_filtered":"","post_parent":0,"guid":"http:\/\/dev.claret.cat\/autor\/laura-albert-pla\/","menu_order":0,"post_type":"autor","post_mime_type":"","comment_count":"0","filter":"raw"}],"editorial":[{"ID":307556,"post_author":"3","post_date":"2022-12-19 08:58:54","post_date_gmt":"2022-12-19 07:58:54","post_content":"","post_title":"UNIVERSO DE LETRAS","post_excerpt":"","post_status":"publish","comment_status":"closed","ping_status":"closed","post_password":"","post_name":"universo-de-letras","to_ping":"","pinged":"","post_modified":"2022-12-19 08:58:54","post_modified_gmt":"2022-12-19 07:58:54","post_content_filtered":"","post_parent":0,"guid":"https:\/\/www.claret.cat\/editorial\/universo-de-letras\/","menu_order":0,"post_type":"editorial","post_mime_type":"","comment_count":"0","filter":"raw"}]},"aioseo_notices":[],"_links":{"self":[{"href":"https:\/\/www.claret.cat\/es\/wp-json\/wp\/v2\/product\/296279","targetHints":{"allow":["GET"]}}],"collection":[{"href":"https:\/\/www.claret.cat\/es\/wp-json\/wp\/v2\/product"}],"about":[{"href":"https:\/\/www.claret.cat\/es\/wp-json\/wp\/v2\/types\/product"}],"wp:featuredmedia":[{"embeddable":true,"href":"https:\/\/www.claret.cat\/es\/wp-json\/wp\/v2\/media\/310540"}],"wp:attachment":[{"href":"https:\/\/www.claret.cat\/es\/wp-json\/wp\/v2\/media?parent=296279"}],"wp:term":[{"taxonomy":"product_brand","embeddable":true,"href":"https:\/\/www.claret.cat\/es\/wp-json\/wp\/v2\/product_brand?post=296279"},{"taxonomy":"product_cat","embeddable":true,"href":"https:\/\/www.claret.cat\/es\/wp-json\/wp\/v2\/product_cat?post=296279"},{"taxonomy":"product_tag","embeddable":true,"href":"https:\/\/www.claret.cat\/es\/wp-json\/wp\/v2\/product_tag?post=296279"}],"curies":[{"name":"wp","href":"https:\/\/api.w.org\/{rel}","templated":true}]}}