{"id":296289,"date":"2022-12-15T16:56:23","date_gmt":"2022-12-15T15:56:23","guid":{"rendered":"http:\/\/dev.claret.cat\/llibre\/los-puentes-de-madison-county-9788419311061\/"},"modified":"2025-01-31T22:48:37","modified_gmt":"2025-01-31T21:48:37","slug":"los-puentes-de-madison-county-9788419311061","status":"publish","type":"product","link":"https:\/\/www.claret.cat\/es\/libro\/los-puentes-de-madison-county-9788419311061\/","title":{"rendered":"LOS PUENTES DE MADISON COUNTY"},"content":{"rendered":"<p>La pl\u00e1cida existencia de Francesca, casada y con dos hijos, se ve completamente sacudida por la llegada de Robert Kincaid, un fot\u00f3grafo n\u00f3mada, libre y generoso, que transforma en ternura toda su energ\u00eda. El destino los une inexorablemente cuando se encuentran en el oto\u00f1o de sus vidas. Su amor, corto como una tarde madura, fue sin embargo tan profundo como las ra\u00edces de un \u00e1rbol. Sus cenizas se encuentran esparcidas muy cerca de los puentes de Madison. Y, as\u00ed, en apenas doscientas p\u00e1ginas, Robert James Waller nos devuelve el gusto de recordar que la pasi\u00f3n no tiene edad en una novela que es ya un cl\u00e1sico que se recomienda de generaci\u00f3n en generaci\u00f3n.<\/p>\n","protected":false},"excerpt":{"rendered":"<p>WALLER, ROBERT JAMES<\/p>\n","protected":false},"featured_media":307582,"template":"","meta":{"_acf_changed":false,"om_disable_all_campaigns":false,"rs_blank_template":"","rs_page_bg_color":"","slide_template_v7":"","inline_featured_image":false,"_monsterinsights_skip_tracking":false,"_monsterinsights_sitenote_active":false,"_monsterinsights_sitenote_note":"","_monsterinsights_sitenote_category":0},"product_brand":[],"product_cat":[127,357],"product_tag":[],"class_list":{"0":"post-296289","1":"product","2":"type-product","3":"status-publish","4":"has-post-thumbnail","6":"product_cat-novella-contemporania","7":"product_cat-novela-contemporanea","9":"first","10":"instock","11":"taxable","12":"shipping-taxable","13":"purchasable","14":"product-type-simple"},"acf":{"autor":"WALLER, ROBERT JAMES","codart":"841931106","libros-coleccion":"FORA DE COL.LECCI\u00d3","ediciones":"1","encuadernacion":"R\u00fastica","fecha_de_publicacion":"01\/05\/2022","novedad":"1","paginas":"0","subtitulo":"","orden":"0","portada":"0","idioma":"spa","editorial":[{"ID":6313,"post_author":"3","post_date":"2022-07-28 17:49:30","post_date_gmt":"2022-07-28 15:49:30","post_content":"","post_title":"Navona Editorial","post_excerpt":"","post_status":"publish","comment_status":"closed","ping_status":"closed","post_password":"","post_name":"navona-editorial","to_ping":"","pinged":"","post_modified":"2022-07-28 17:49:30","post_modified_gmt":"2022-07-28 15:49:30","post_content_filtered":"","post_parent":0,"guid":"http:\/\/dev.claret.cat\/editorial\/navona-editorial\/","menu_order":0,"post_type":"editorial","post_mime_type":"","comment_count":"0","filter":"raw"}],"autores-libros":[{"ID":269448,"post_author":"3","post_date":"2022-12-02 11:30:02","post_date_gmt":"2022-12-02 10:30:02","post_content":"","post_title":"ROBERT JAMES WALLER","post_excerpt":"","post_status":"publish","comment_status":"closed","ping_status":"closed","post_password":"","post_name":"robert-james-waller","to_ping":"","pinged":"","post_modified":"2022-12-02 11:30:02","post_modified_gmt":"2022-12-02 10:30:02","post_content_filtered":"","post_parent":0,"guid":"http:\/\/dev.claret.cat\/autor\/robert-james-waller\/","menu_order":0,"post_type":"autor","post_mime_type":"","comment_count":"0","filter":"raw"}]},"aioseo_notices":[],"_links":{"self":[{"href":"https:\/\/www.claret.cat\/es\/wp-json\/wp\/v2\/product\/296289","targetHints":{"allow":["GET"]}}],"collection":[{"href":"https:\/\/www.claret.cat\/es\/wp-json\/wp\/v2\/product"}],"about":[{"href":"https:\/\/www.claret.cat\/es\/wp-json\/wp\/v2\/types\/product"}],"wp:featuredmedia":[{"embeddable":true,"href":"https:\/\/www.claret.cat\/es\/wp-json\/wp\/v2\/media\/307582"}],"wp:attachment":[{"href":"https:\/\/www.claret.cat\/es\/wp-json\/wp\/v2\/media?parent=296289"}],"wp:term":[{"taxonomy":"product_brand","embeddable":true,"href":"https:\/\/www.claret.cat\/es\/wp-json\/wp\/v2\/product_brand?post=296289"},{"taxonomy":"product_cat","embeddable":true,"href":"https:\/\/www.claret.cat\/es\/wp-json\/wp\/v2\/product_cat?post=296289"},{"taxonomy":"product_tag","embeddable":true,"href":"https:\/\/www.claret.cat\/es\/wp-json\/wp\/v2\/product_tag?post=296289"}],"curies":[{"name":"wp","href":"https:\/\/api.w.org\/{rel}","templated":true}]}}