{"id":296359,"date":"2022-12-15T17:18:31","date_gmt":"2022-12-15T16:18:31","guid":{"rendered":"http:\/\/dev.claret.cat\/llibre\/15-dias-con-el-cardenal-newman-9788497154437\/"},"modified":"2024-05-22T23:06:35","modified_gmt":"2024-05-22T21:06:35","slug":"15-dias-con-el-cardenal-newman-9788497154437","status":"publish","type":"product","link":"https:\/\/www.claret.cat\/es\/libro\/15-dias-con-el-cardenal-newman-9788497154437\/","title":{"rendered":"15 D\u00cdAS CON EL CARDENAL NEWMAN"},"content":{"rendered":"<p>Proclamado santo el 13 de octubre de 2019 por el papa Francisco, J. H. Newman (1801-1890) es una figura destacada de la Iglesia en los \u00faltimos siglos. Fue pastor anglicano y jefe de filas del Movimiento de Oxford, corriente de renovaci\u00f3n teol\u00f3gica, lit\u00fargica y espiritual del anglicanismo. Su esfuerzo renovador lo llev\u00f3 por caminos imprevistos y en 1845 es recibido en la Iglesia Cat\u00f3lica. Le\u00f3n XIII lo crea cardenal por su leal aportaci\u00f3n a la Iglesia Cat\u00f3lica durante m\u00e1s de 30 a\u00f1os. Muri\u00f3 en el Oratorio de Felipe Neri fundado por \u00e9l en Birmingham. Adelantado a la Iglesia de su tiempo, en el siglo XX se comprendi\u00f3 el alcance de su pensamiento y se lo llam\u00f3 \u00abel pensador invisible del Vaticano II&#8217;. Proponemos un itinerario espiritual que parte del descubrimiento de Dios como Presencia interior y lleva a una espiritualidad del \u00ababandonarse\u00bb a \u00c9l aun en medio del mundo.<\/p>\n","protected":false},"excerpt":{"rendered":"<p>BEAUMONT, KEITH<\/p>\n","protected":false},"featured_media":387711,"template":"","meta":{"_acf_changed":false,"om_disable_all_campaigns":false,"rs_blank_template":"","rs_page_bg_color":"","slide_template_v7":"","inline_featured_image":false,"_monsterinsights_skip_tracking":false,"_monsterinsights_sitenote_active":false,"_monsterinsights_sitenote_note":"","_monsterinsights_sitenote_category":0},"product_brand":[],"product_cat":[542,92],"product_tag":[],"class_list":{"0":"post-296359","1":"product","2":"type-product","3":"status-publish","4":"has-post-thumbnail","6":"product_cat-vida-religiosa-1_espiritualidad-spa","7":"product_cat-vida-religiosa","9":"first","10":"instock","11":"taxable","12":"shipping-taxable","13":"purchasable","14":"product-type-simple"},"acf":{"autor":"BEAUMONT, KEITH","codart":"849715443","libros-coleccion":"","ediciones":"3","encuadernacion":"R\u00fastica","fecha_de_publicacion":"18\/11\/2022","novedad":"0","paginas":"128","subtitulo":"","orden":"999","portada":"0","idioma":"spa","editorial":[{"ID":6157,"post_author":"3","post_date":"2022-07-28 17:46:07","post_date_gmt":"2022-07-28 15:46:07","post_content":"","post_title":"Ciudad Nueva","post_excerpt":"","post_status":"publish","comment_status":"closed","ping_status":"closed","post_password":"","post_name":"ciudad-nueva","to_ping":"","pinged":"","post_modified":"2022-07-28 17:46:07","post_modified_gmt":"2022-07-28 15:46:07","post_content_filtered":"","post_parent":0,"guid":"http:\/\/dev.claret.cat\/editorial\/ciudad-nueva\/","menu_order":0,"post_type":"editorial","post_mime_type":"","comment_count":"0","filter":"raw"}],"autores-libros":[{"ID":263649,"post_author":"3","post_date":"2022-12-01 11:19:26","post_date_gmt":"2022-12-01 10:19:26","post_content":"","post_title":"KEITH BEAUMONT","post_excerpt":"","post_status":"publish","comment_status":"closed","ping_status":"closed","post_password":"","post_name":"keith-beaumont","to_ping":"","pinged":"","post_modified":"2022-12-01 11:19:26","post_modified_gmt":"2022-12-01 10:19:26","post_content_filtered":"","post_parent":0,"guid":"http:\/\/dev.claret.cat\/autor\/keith-beaumont\/","menu_order":0,"post_type":"autor","post_mime_type":"","comment_count":"0","filter":"raw"}]},"aioseo_notices":[],"_links":{"self":[{"href":"https:\/\/www.claret.cat\/es\/wp-json\/wp\/v2\/product\/296359","targetHints":{"allow":["GET"]}}],"collection":[{"href":"https:\/\/www.claret.cat\/es\/wp-json\/wp\/v2\/product"}],"about":[{"href":"https:\/\/www.claret.cat\/es\/wp-json\/wp\/v2\/types\/product"}],"wp:featuredmedia":[{"embeddable":true,"href":"https:\/\/www.claret.cat\/es\/wp-json\/wp\/v2\/media\/387711"}],"wp:attachment":[{"href":"https:\/\/www.claret.cat\/es\/wp-json\/wp\/v2\/media?parent=296359"}],"wp:term":[{"taxonomy":"product_brand","embeddable":true,"href":"https:\/\/www.claret.cat\/es\/wp-json\/wp\/v2\/product_brand?post=296359"},{"taxonomy":"product_cat","embeddable":true,"href":"https:\/\/www.claret.cat\/es\/wp-json\/wp\/v2\/product_cat?post=296359"},{"taxonomy":"product_tag","embeddable":true,"href":"https:\/\/www.claret.cat\/es\/wp-json\/wp\/v2\/product_tag?post=296359"}],"curies":[{"name":"wp","href":"https:\/\/api.w.org\/{rel}","templated":true}]}}