{"id":296503,"date":"2022-12-15T17:42:07","date_gmt":"2022-12-15T16:42:07","guid":{"rendered":"http:\/\/dev.claret.cat\/llibre\/calafell-desaparegut-9788418243950\/"},"modified":"2023-10-06T10:50:25","modified_gmt":"2023-10-06T08:50:25","slug":"calafell-desaparegut-9788418243950","status":"publish","type":"product","link":"https:\/\/www.claret.cat\/es\/libro\/calafell-desaparegut-9788418243950\/","title":{"rendered":"CALAFELL DESAPAREGUT"},"content":{"rendered":"<p>Calafell desaparegut ens proposa una passejada pel passat del municipi. A partir d\u2019un recull gr\u00e0fic d\u2019aproximadament 200 imatges, el lector podr\u00e0 descobrir indrets, oficis desapareguts, costums i tradicions fonamentals per entendre els darrers cent anys de la hist\u00f2ria del municipi. Aix\u00ed, doncs, l\u2019obra fa un recorregut pels tres grans nuclis que conformen Calafell \u2013el Poble, la Platja i Segur\u2013 i dona a con\u00e8ixer les principals entitats i associacions que han forjat la identitat d\u2019un poble mil\u00b7lenari<\/p>\n","protected":false},"excerpt":{"rendered":"<p>PARAISO GALLARDO, RAMON \/ JUNCOSA ROMEU, MAGDA \/ POU VALL\u00c8S, JOSEP<\/p>\n","protected":false},"featured_media":540427,"template":"","meta":{"_acf_changed":false,"om_disable_all_campaigns":false,"rs_blank_template":"","rs_page_bg_color":"","slide_template_v7":"","inline_featured_image":false,"_monsterinsights_skip_tracking":false,"_monsterinsights_sitenote_active":false,"_monsterinsights_sitenote_note":"","_monsterinsights_sitenote_category":0},"product_brand":[],"product_cat":[153,105],"product_tag":[],"class_list":{"0":"post-296503","1":"product","2":"type-product","3":"status-publish","4":"has-post-thumbnail","6":"product_cat-catalunya","7":"product_cat-regal","9":"first","10":"instock","11":"taxable","12":"shipping-taxable","13":"purchasable","14":"product-type-simple"},"acf":{"autor":"PARAISO GALLARDO, RAMON \/ JUNCOSA ROMEU, MAGDA \/ POU VALL\u00c8S, JOSEP","codart":"841824395","libros-coleccion":"","ediciones":"1","encuadernacion":"Carton\u00e9","fecha_de_publicacion":"01\/02\/2022","novedad":"1","paginas":"184","subtitulo":"","orden":"0","portada":"0","idioma":"cat","editorial":[{"ID":148055,"post_author":"3","post_date":"2022-10-14 11:55:17","post_date_gmt":"2022-10-14 09:55:17","post_content":"","post_title":"EFADOS EDICIONS","post_excerpt":"","post_status":"publish","comment_status":"closed","ping_status":"closed","post_password":"","post_name":"efados-edicions","to_ping":"","pinged":"","post_modified":"2022-10-14 11:55:17","post_modified_gmt":"2022-10-14 09:55:17","post_content_filtered":"","post_parent":0,"guid":"http:\/\/dev.claret.cat\/editorial\/efados-edicions\/","menu_order":0,"post_type":"editorial","post_mime_type":"","comment_count":"0","filter":"raw"}],"autores-libros":[{"ID":167741,"post_author":"3","post_date":"2022-10-14 18:13:38","post_date_gmt":"2022-10-14 16:13:38","post_content":"","post_title":"RAMON PARAISO GALLARDO","post_excerpt":"","post_status":"publish","comment_status":"closed","ping_status":"closed","post_password":"","post_name":"ramon-paraiso-gallardo","to_ping":"","pinged":"","post_modified":"2022-10-14 18:13:38","post_modified_gmt":"2022-10-14 16:13:38","post_content_filtered":"","post_parent":0,"guid":"http:\/\/dev.claret.cat\/autor\/ramon-paraiso-gallardo\/","menu_order":0,"post_type":"autor","post_mime_type":"","comment_count":"0","filter":"raw"},{"ID":162979,"post_author":"3","post_date":"2022-10-14 17:35:21","post_date_gmt":"2022-10-14 15:35:21","post_content":"","post_title":"MAGDA JUNCOSA ROMEU","post_excerpt":"","post_status":"publish","comment_status":"closed","ping_status":"closed","post_password":"","post_name":"magda-juncosa-romeu","to_ping":"","pinged":"","post_modified":"2022-10-14 17:35:21","post_modified_gmt":"2022-10-14 15:35:21","post_content_filtered":"","post_parent":0,"guid":"http:\/\/dev.claret.cat\/autor\/magda-juncosa-romeu\/","menu_order":0,"post_type":"autor","post_mime_type":"","comment_count":"0","filter":"raw"},{"ID":160807,"post_author":"3","post_date":"2022-10-14 15:56:03","post_date_gmt":"2022-10-14 13:56:03","post_content":"","post_title":"JOSEP POU VALL\u00c8S","post_excerpt":"","post_status":"publish","comment_status":"closed","ping_status":"closed","post_password":"","post_name":"josep-pou-valles","to_ping":"","pinged":"","post_modified":"2022-10-14 15:56:03","post_modified_gmt":"2022-10-14 13:56:03","post_content_filtered":"","post_parent":0,"guid":"http:\/\/dev.claret.cat\/autor\/josep-pou-valles\/","menu_order":0,"post_type":"autor","post_mime_type":"","comment_count":"0","filter":"raw"}]},"aioseo_notices":[],"_links":{"self":[{"href":"https:\/\/www.claret.cat\/es\/wp-json\/wp\/v2\/product\/296503","targetHints":{"allow":["GET"]}}],"collection":[{"href":"https:\/\/www.claret.cat\/es\/wp-json\/wp\/v2\/product"}],"about":[{"href":"https:\/\/www.claret.cat\/es\/wp-json\/wp\/v2\/types\/product"}],"wp:featuredmedia":[{"embeddable":true,"href":"https:\/\/www.claret.cat\/es\/wp-json\/wp\/v2\/media\/540427"}],"wp:attachment":[{"href":"https:\/\/www.claret.cat\/es\/wp-json\/wp\/v2\/media?parent=296503"}],"wp:term":[{"taxonomy":"product_brand","embeddable":true,"href":"https:\/\/www.claret.cat\/es\/wp-json\/wp\/v2\/product_brand?post=296503"},{"taxonomy":"product_cat","embeddable":true,"href":"https:\/\/www.claret.cat\/es\/wp-json\/wp\/v2\/product_cat?post=296503"},{"taxonomy":"product_tag","embeddable":true,"href":"https:\/\/www.claret.cat\/es\/wp-json\/wp\/v2\/product_tag?post=296503"}],"curies":[{"name":"wp","href":"https:\/\/api.w.org\/{rel}","templated":true}]}}