{"id":296512,"date":"2022-12-15T17:42:58","date_gmt":"2022-12-15T16:42:58","guid":{"rendered":"http:\/\/dev.claret.cat\/llibre\/sabadell-desaparegut-9788419239143\/"},"modified":"2023-10-06T10:57:28","modified_gmt":"2023-10-06T08:57:28","slug":"sabadell-desaparegut-9788419239143","status":"publish","type":"product","link":"https:\/\/www.claret.cat\/es\/libro\/sabadell-desaparegut-9788419239143\/","title":{"rendered":"SABADELL DESAPAREGUT"},"content":{"rendered":"<p>Sabadell desaparegut \u00e9s un recull gr\u00e0fic de la transformaci\u00f3 que ha viscut la ciutat des de finals del segle xix<br \/>fins als primers anys de la d\u00e8cada del 1970, on els vapors i les f\u00e0briques es convertiren en el principal s\u00edmbol<br \/>d\u2019identitat. Sobretot \u00e9s un llibre per gaudir i recordar,<br \/>que desperta la curiositat i fa venir ganes de saber-ne<br \/>m\u00e9s. \u00c9s un viatge, en blanc i negre, a les nostres arrels<br \/>i que ens mostra una ciutat diferent de l\u2019actual. En<br \/>definitiva, una retrospectiva visual evocadora i emotiva<br \/>amb els nostres avantpassats com a protagonistes.<\/p>\n","protected":false},"excerpt":{"rendered":"<p>GONZ\u00c1LEZ RUIZ, DAVID<\/p>\n","protected":false},"featured_media":453573,"template":"","meta":{"_acf_changed":false,"om_disable_all_campaigns":false,"rs_blank_template":"","rs_page_bg_color":"","slide_template_v7":"","inline_featured_image":false,"_monsterinsights_skip_tracking":false,"_monsterinsights_sitenote_active":false,"_monsterinsights_sitenote_note":"","_monsterinsights_sitenote_category":0},"product_brand":[],"product_cat":[153,105],"product_tag":[],"class_list":{"0":"post-296512","1":"product","2":"type-product","3":"status-publish","4":"has-post-thumbnail","6":"product_cat-catalunya","7":"product_cat-regal","9":"first","10":"instock","11":"taxable","12":"shipping-taxable","13":"purchasable","14":"product-type-simple"},"acf":{"autor":"GONZ\u00c1LEZ RUIZ, DAVID","codart":"841923914","libros-coleccion":"","ediciones":"1","encuadernacion":"Carton\u00e9","fecha_de_publicacion":"01\/02\/2022","novedad":"1","paginas":"184","subtitulo":"","orden":"0","portada":"0","idioma":"cat","editorial":[{"ID":147967,"post_author":"3","post_date":"2022-10-14 11:54:36","post_date_gmt":"2022-10-14 09:54:36","post_content":"","post_title":"EDITORIAL EFAD\u00d3S SL","post_excerpt":"","post_status":"publish","comment_status":"closed","ping_status":"closed","post_password":"","post_name":"editorial-efados-sl","to_ping":"","pinged":"","post_modified":"2022-10-14 11:54:36","post_modified_gmt":"2022-10-14 09:54:36","post_content_filtered":"","post_parent":0,"guid":"http:\/\/dev.claret.cat\/editorial\/editorial-efados-sl\/","menu_order":0,"post_type":"editorial","post_mime_type":"","comment_count":"0","filter":"raw"}],"autores-libros":[{"ID":153831,"post_author":"3","post_date":"2022-10-14 14:59:53","post_date_gmt":"2022-10-14 12:59:53","post_content":"","post_title":"DAVID GONZ\u00c1LEZ RUIZ","post_excerpt":"","post_status":"publish","comment_status":"closed","ping_status":"closed","post_password":"","post_name":"david-gonzalez-ruiz","to_ping":"","pinged":"","post_modified":"2022-10-14 14:59:53","post_modified_gmt":"2022-10-14 12:59:53","post_content_filtered":"","post_parent":0,"guid":"http:\/\/dev.claret.cat\/autor\/david-gonzalez-ruiz\/","menu_order":0,"post_type":"autor","post_mime_type":"","comment_count":"0","filter":"raw"}]},"aioseo_notices":[],"_links":{"self":[{"href":"https:\/\/www.claret.cat\/es\/wp-json\/wp\/v2\/product\/296512","targetHints":{"allow":["GET"]}}],"collection":[{"href":"https:\/\/www.claret.cat\/es\/wp-json\/wp\/v2\/product"}],"about":[{"href":"https:\/\/www.claret.cat\/es\/wp-json\/wp\/v2\/types\/product"}],"wp:featuredmedia":[{"embeddable":true,"href":"https:\/\/www.claret.cat\/es\/wp-json\/wp\/v2\/media\/453573"}],"wp:attachment":[{"href":"https:\/\/www.claret.cat\/es\/wp-json\/wp\/v2\/media?parent=296512"}],"wp:term":[{"taxonomy":"product_brand","embeddable":true,"href":"https:\/\/www.claret.cat\/es\/wp-json\/wp\/v2\/product_brand?post=296512"},{"taxonomy":"product_cat","embeddable":true,"href":"https:\/\/www.claret.cat\/es\/wp-json\/wp\/v2\/product_cat?post=296512"},{"taxonomy":"product_tag","embeddable":true,"href":"https:\/\/www.claret.cat\/es\/wp-json\/wp\/v2\/product_tag?post=296512"}],"curies":[{"name":"wp","href":"https:\/\/api.w.org\/{rel}","templated":true}]}}