{"id":296556,"date":"2022-12-15T18:01:40","date_gmt":"2022-12-15T17:01:40","guid":{"rendered":"http:\/\/dev.claret.cat\/llibre\/els-colors-9788419565037\/"},"modified":"2023-10-06T07:54:20","modified_gmt":"2023-10-06T05:54:20","slug":"els-colors-9788419565037","status":"publish","type":"product","link":"https:\/\/www.claret.cat\/es\/libro\/els-colors-9788419565037\/","title":{"rendered":"ELS COLORS"},"content":{"rendered":"<p>Llegir \u00e9s f\u00e0cil \u00e9s una col\u00b7lecci\u00f3 de petits llibres per a infants que s&#8221;estan iniciant en l&#8221;aprenentatge de la lectura, i tamb\u00e9 per a nens i nenes que, per d\u00e8ficit d&#8221;atenci\u00f3, immaduresa o bloqueig, manifesten poca motivaci\u00f3 per aquest aprenentatge.<br \/> T\u00e9 com a objectiu fomentar la comprensi\u00f3 lectora, la confian\u00e7a i la il\u00b7lusi\u00f3 per aprendre a llegir.<br \/> Les estructures repetitives de les frases, amb el suport dels dibuixos, aporten seguretat a l&#8221;infant i l&#8221;ajuden a avan\u00e7ar en el seu aprenentatge.<br \/> Aquest llibre t\u00e9 dos tipus de lletra, de pal i lligada, per ser llegit en dues direccions de manera independent, per tal que puguem triar en quina de les dues opcions el volem llegir.<br \/> Aix\u00ed, primer de tot, escollim el tipus de lletra amb qu\u00e8 el volem llegir, ja sigui de pal o lligada. Per un cant\u00f3, trobarem el conte en lletra de pal i, si li donem la volta, el tindrem en lletra lligada, o a l&#8221;inrev\u00e9s.<br \/> Aquest conta repassa molts colors amb l&#8221;ajuda d&#8221;aliments, plantes o animals. Amb ells, hi ha un camale\u00f3, un amic que els acompanya, igual que acompanya els infants en l&#8221;experi\u00e8ncia d&#8221;aprenentatge. Ho proposem com un joc perqu\u00e8 l&#8221;infant el busqui a cada p\u00e0gina i sigui un element que el motivi en el gust per la lectura.<\/p>\n","protected":false},"excerpt":{"rendered":"<p>CUBINS\u00c0 ADSUAR, N\u00daRIA \/ RIBES RIERA, MERITXELL<\/p>\n","protected":false},"featured_media":310290,"template":"","meta":{"_acf_changed":false,"om_disable_all_campaigns":false,"rs_blank_template":"","rs_page_bg_color":"","slide_template_v7":"","inline_featured_image":false,"_monsterinsights_skip_tracking":false,"_monsterinsights_sitenote_active":false,"_monsterinsights_sitenote_note":"","_monsterinsights_sitenote_category":0},"product_brand":[],"product_cat":[131],"product_tag":[],"class_list":{"0":"post-296556","1":"product","2":"type-product","3":"status-publish","4":"has-post-thumbnail","6":"product_cat-contes-per-infants-0-6-anys","8":"first","9":"instock","10":"taxable","11":"shipping-taxable","12":"purchasable","13":"product-type-simple"},"acf":{"autor":"CUBINS\u00c0 ADSUAR, N\u00daRIA \/ RIBES RIERA, MERITXELL","codart":"841956503","libros-coleccion":"FORA DE COL.LECCI\u00d3","ediciones":"1","encuadernacion":"R\u00fastica","fecha_de_publicacion":"01\/10\/2022","novedad":"1","paginas":"24","subtitulo":"","orden":"0","portada":"0","idioma":"cat","editorial":[{"ID":148775,"post_author":"3","post_date":"2022-10-14 12:00:53","post_date_gmt":"2022-10-14 10:00:53","post_content":"","post_title":"Salvatella","post_excerpt":"","post_status":"publish","comment_status":"closed","ping_status":"closed","post_password":"","post_name":"salvatella","to_ping":"","pinged":"","post_modified":"2022-10-14 12:00:53","post_modified_gmt":"2022-10-14 10:00:53","post_content_filtered":"","post_parent":0,"guid":"http:\/\/dev.claret.cat\/editorial\/salvatella\/","menu_order":0,"post_type":"editorial","post_mime_type":"","comment_count":"0","filter":"raw"}],"autores-libros":[{"ID":166025,"post_author":"3","post_date":"2022-10-14 17:59:49","post_date_gmt":"2022-10-14 15:59:49","post_content":"","post_title":"N\u00daRIA CUBINS\u00c0 ADSUAR","post_excerpt":"","post_status":"publish","comment_status":"closed","ping_status":"closed","post_password":"","post_name":"nuria-cubinsa-adsuar","to_ping":"","pinged":"","post_modified":"2022-10-14 17:59:49","post_modified_gmt":"2022-10-14 15:59:49","post_content_filtered":"","post_parent":0,"guid":"http:\/\/dev.claret.cat\/autor\/nuria-cubinsa-adsuar\/","menu_order":0,"post_type":"autor","post_mime_type":"","comment_count":"0","filter":"raw"},{"ID":296533,"post_author":"3","post_date":"2022-12-15 17:50:19","post_date_gmt":"2022-12-15 16:50:19","post_content":"","post_title":"MERITXELL RIBES RIERA","post_excerpt":"","post_status":"publish","comment_status":"closed","ping_status":"closed","post_password":"","post_name":"meritxell-ribes-riera","to_ping":"","pinged":"","post_modified":"2022-12-15 17:50:19","post_modified_gmt":"2022-12-15 16:50:19","post_content_filtered":"","post_parent":0,"guid":"http:\/\/dev.claret.cat\/autor\/meritxell-ribes-riera\/","menu_order":0,"post_type":"autor","post_mime_type":"","comment_count":"0","filter":"raw"}]},"aioseo_notices":[],"_links":{"self":[{"href":"https:\/\/www.claret.cat\/es\/wp-json\/wp\/v2\/product\/296556","targetHints":{"allow":["GET"]}}],"collection":[{"href":"https:\/\/www.claret.cat\/es\/wp-json\/wp\/v2\/product"}],"about":[{"href":"https:\/\/www.claret.cat\/es\/wp-json\/wp\/v2\/types\/product"}],"wp:featuredmedia":[{"embeddable":true,"href":"https:\/\/www.claret.cat\/es\/wp-json\/wp\/v2\/media\/310290"}],"wp:attachment":[{"href":"https:\/\/www.claret.cat\/es\/wp-json\/wp\/v2\/media?parent=296556"}],"wp:term":[{"taxonomy":"product_brand","embeddable":true,"href":"https:\/\/www.claret.cat\/es\/wp-json\/wp\/v2\/product_brand?post=296556"},{"taxonomy":"product_cat","embeddable":true,"href":"https:\/\/www.claret.cat\/es\/wp-json\/wp\/v2\/product_cat?post=296556"},{"taxonomy":"product_tag","embeddable":true,"href":"https:\/\/www.claret.cat\/es\/wp-json\/wp\/v2\/product_tag?post=296556"}],"curies":[{"name":"wp","href":"https:\/\/api.w.org\/{rel}","templated":true}]}}