{"id":296643,"date":"2022-12-15T18:26:28","date_gmt":"2022-12-15T17:26:28","guid":{"rendered":"http:\/\/dev.claret.cat\/llibre\/bona-lletra-5-cat-847210502\/"},"modified":"2026-03-10T10:15:32","modified_gmt":"2026-03-10T09:15:32","slug":"bona-lletra-5-cat-9788472105027","status":"publish","type":"product","link":"https:\/\/www.claret.cat\/es\/libro\/bona-lletra-5-cat-9788472105027\/","title":{"rendered":"BONA LLETRA 5 (CAT)"},"content":{"rendered":"<p>L&#8221;infant va adquirint el domini de la m\u00e0 alhora que l&#8221;adquireix de tot el seu cos. <br \/> Tanmateix, creiem que la cal\u00b7ligrafia significa un exercici de gran ajut per a la coordinaci\u00f3 de mans-dits.<br \/> Com indica el t\u00edtol, el primer objectiu d&#8221;aquests quaderns \u00e9s aconseguir que l&#8221;infant faci bona lletra, alhora que treballa el conte, la lectura i el vocabulari.<\/p>\n","protected":false},"excerpt":{"rendered":"<p>SABAT\u00c9 RODI\u00c9, TERESA<\/p>\n","protected":false},"featured_media":1075786,"template":"","meta":{"_acf_changed":false,"om_disable_all_campaigns":false,"rs_blank_template":"","rs_page_bg_color":"","slide_template_v7":"","inline_featured_image":false,"_monsterinsights_skip_tracking":false,"_monsterinsights_sitenote_active":false,"_monsterinsights_sitenote_note":"","_monsterinsights_sitenote_category":0},"product_brand":[],"product_cat":[131,361,86,352],"product_tag":[],"class_list":{"0":"post-296643","1":"product","2":"type-product","3":"status-publish","4":"has-post-thumbnail","6":"product_cat-contes-per-infants-0-6-anys","7":"product_cat-cuentos-para-ninos-0-6-anos","8":"product_cat-infantil","9":"product_cat-infantil-3_infantil-juvenil-spa","11":"first","12":"instock","13":"taxable","14":"shipping-taxable","15":"purchasable","16":"product-type-simple"},"acf":{"autor":"SABAT\u00c9 RODI\u00c9, TERESA","codart":"847210502","libros-coleccion":"FORA DE COL.LECCI\u00d3","ediciones":"1","encuadernacion":"R\u00fastica","fecha_de_publicacion":"01\/01\/1985","novedad":"0","paginas":"32","subtitulo":"P-5","orden":"999","portada":"0","idioma":"cau","editorial":[{"ID":262462,"post_author":"3","post_date":"2022-10-24 11:24:41","post_date_gmt":"2022-10-24 09:24:41","post_content":"","post_title":"SALVATELLA, MIGUEL A.","post_excerpt":"","post_status":"publish","comment_status":"closed","ping_status":"closed","post_password":"","post_name":"salvatella-miguel-a","to_ping":"","pinged":"","post_modified":"2022-10-24 11:24:41","post_modified_gmt":"2022-10-24 09:24:41","post_content_filtered":"","post_parent":0,"guid":"http:\/\/dev.claret.cat\/editorial\/salvatella-miguel-a\/","menu_order":0,"post_type":"editorial","post_mime_type":"","comment_count":"0","filter":"raw"}],"autores-libros":[{"ID":296639,"post_author":"3","post_date":"2022-12-15 18:26:19","post_date_gmt":"2022-12-15 17:26:19","post_content":"","post_title":"EDITORIAL SALVATELLA","post_excerpt":"","post_status":"publish","comment_status":"closed","ping_status":"closed","post_password":"","post_name":"editorial-salvatella","to_ping":"","pinged":"","post_modified":"2022-12-15 18:26:19","post_modified_gmt":"2022-12-15 17:26:19","post_content_filtered":"","post_parent":0,"guid":"http:\/\/dev.claret.cat\/autor\/editorial-salvatella\/","menu_order":0,"post_type":"autor","post_mime_type":"","comment_count":"0","filter":"raw"}],"booktrailer":"","resenas":""},"aioseo_notices":[],"_links":{"self":[{"href":"https:\/\/www.claret.cat\/es\/wp-json\/wp\/v2\/product\/296643","targetHints":{"allow":["GET"]}}],"collection":[{"href":"https:\/\/www.claret.cat\/es\/wp-json\/wp\/v2\/product"}],"about":[{"href":"https:\/\/www.claret.cat\/es\/wp-json\/wp\/v2\/types\/product"}],"wp:featuredmedia":[{"embeddable":true,"href":"https:\/\/www.claret.cat\/es\/wp-json\/wp\/v2\/media\/1075786"}],"wp:attachment":[{"href":"https:\/\/www.claret.cat\/es\/wp-json\/wp\/v2\/media?parent=296643"}],"wp:term":[{"taxonomy":"product_brand","embeddable":true,"href":"https:\/\/www.claret.cat\/es\/wp-json\/wp\/v2\/product_brand?post=296643"},{"taxonomy":"product_cat","embeddable":true,"href":"https:\/\/www.claret.cat\/es\/wp-json\/wp\/v2\/product_cat?post=296643"},{"taxonomy":"product_tag","embeddable":true,"href":"https:\/\/www.claret.cat\/es\/wp-json\/wp\/v2\/product_tag?post=296643"}],"curies":[{"name":"wp","href":"https:\/\/api.w.org\/{rel}","templated":true}]}}