{"id":297066,"date":"2022-12-15T23:55:20","date_gmt":"2022-12-15T22:55:20","guid":{"rendered":"http:\/\/dev.claret.cat\/llibre\/moll-flanders-9780140433135\/"},"modified":"2023-01-28T15:28:26","modified_gmt":"2023-01-28T14:28:26","slug":"moll-flanders-9780140433135","status":"publish","type":"product","link":"https:\/\/www.claret.cat\/es\/libro\/moll-flanders-9780140433135\/","title":{"rendered":"MOLL FLANDERS"},"content":{"rendered":"<p>Felipe V (1683-1746) fue el primer Borb\u00f3n que ocup\u00f3 el trono de Espa\u00f1a. Bajo su reinado se produjeron importantes cambios en la estructura del Estado, pasando del sistema descentralizado de los Austrias a otro fuertemente centralizado.. Nieto de Luis XIV,<\/p>\n","protected":false},"excerpt":{"rendered":"<p>DEFOE, DANIEL<\/p>\n","protected":false},"featured_media":297067,"template":"","meta":{"_acf_changed":false,"om_disable_all_campaigns":false,"rs_blank_template":"","rs_page_bg_color":"","slide_template_v7":"","inline_featured_image":false,"_monsterinsights_skip_tracking":false,"_monsterinsights_sitenote_active":false,"_monsterinsights_sitenote_note":"","_monsterinsights_sitenote_category":0},"product_brand":[],"product_cat":[109,559],"product_tag":[],"class_list":{"0":"post-297066","1":"product","2":"type-product","3":"status-publish","4":"has-post-thumbnail","6":"product_cat-angles","7":"product_cat-ingles","9":"first","10":"instock","11":"taxable","12":"shipping-taxable","13":"purchasable","14":"product-type-simple"},"acf":{"autor":"DEFOE, DANIEL","codart":"014043313","libros-coleccion":"","ediciones":"1","encuadernacion":"Carpeta","fecha_de_publicacion":"01\/05\/1989","novedad":"0","paginas":"480","subtitulo":"","orden":"999","portada":"0","idioma":"eng","editorial":[{"ID":148655,"post_author":"3","post_date":"2022-10-14 11:59:57","post_date_gmt":"2022-10-14 09:59:57","post_content":"","post_title":"PENGUIN BOOKS","post_excerpt":"","post_status":"publish","comment_status":"closed","ping_status":"closed","post_password":"","post_name":"penguin-books","to_ping":"","pinged":"","post_modified":"2022-10-14 11:59:57","post_modified_gmt":"2022-10-14 09:59:57","post_content_filtered":"","post_parent":0,"guid":"http:\/\/dev.claret.cat\/editorial\/penguin-books\/","menu_order":0,"post_type":"editorial","post_mime_type":"","comment_count":"0","filter":"raw"}],"autores-libros":[{"ID":153571,"post_author":"3","post_date":"2022-10-14 14:57:49","post_date_gmt":"2022-10-14 12:57:49","post_content":"","post_title":"DANIEL DEFOE","post_excerpt":"","post_status":"publish","comment_status":"closed","ping_status":"closed","post_password":"","post_name":"daniel-defoe","to_ping":"","pinged":"","post_modified":"2022-10-14 14:57:49","post_modified_gmt":"2022-10-14 12:57:49","post_content_filtered":"","post_parent":0,"guid":"http:\/\/dev.claret.cat\/autor\/daniel-defoe\/","menu_order":0,"post_type":"autor","post_mime_type":"","comment_count":"0","filter":"raw"}]},"aioseo_notices":[],"_links":{"self":[{"href":"https:\/\/www.claret.cat\/es\/wp-json\/wp\/v2\/product\/297066","targetHints":{"allow":["GET"]}}],"collection":[{"href":"https:\/\/www.claret.cat\/es\/wp-json\/wp\/v2\/product"}],"about":[{"href":"https:\/\/www.claret.cat\/es\/wp-json\/wp\/v2\/types\/product"}],"wp:featuredmedia":[{"embeddable":true,"href":"https:\/\/www.claret.cat\/es\/wp-json\/wp\/v2\/media\/297067"}],"wp:attachment":[{"href":"https:\/\/www.claret.cat\/es\/wp-json\/wp\/v2\/media?parent=297066"}],"wp:term":[{"taxonomy":"product_brand","embeddable":true,"href":"https:\/\/www.claret.cat\/es\/wp-json\/wp\/v2\/product_brand?post=297066"},{"taxonomy":"product_cat","embeddable":true,"href":"https:\/\/www.claret.cat\/es\/wp-json\/wp\/v2\/product_cat?post=297066"},{"taxonomy":"product_tag","embeddable":true,"href":"https:\/\/www.claret.cat\/es\/wp-json\/wp\/v2\/product_tag?post=297066"}],"curies":[{"name":"wp","href":"https:\/\/api.w.org\/{rel}","templated":true}]}}