{"id":29711,"date":"2022-10-02T11:29:39","date_gmt":"2022-10-02T09:29:39","guid":{"rendered":"http:\/\/dev.claret.cat\/producte\/la-metamorfosis-y-otros-relatos-pocket\/"},"modified":"2023-01-28T15:49:32","modified_gmt":"2023-01-28T14:49:32","slug":"la-metamorfosis-y-otros-relatos-pocket-9788418008542","status":"publish","type":"product","link":"https:\/\/www.claret.cat\/es\/libro\/la-metamorfosis-y-otros-relatos-pocket-9788418008542\/","title":{"rendered":"LA METAMORFOSIS Y OTROS RELATOS (POCKET)"},"content":{"rendered":"<p>Gregor Samsa despierta una ma\u00f1ana convertido en un insecto, pero no deja de hacerse preguntas mientras se produce una transformaci\u00f3n, una metamorfosis que no afecta s\u00f3lo a su aspecto exterior, su caparaz\u00f3n, sino tambi\u00e9n (y sobre todo) a su interior, a sus pensamientos y a su actitud ante la vida. La metamorfosis, el libro m\u00e1s le\u00eddo de Franz Kafka, es uno de los ejemplos m\u00e1s depurados de su t\u00e9cnica narrativa, consistente en enfrentar a los personajes con hechos aparentemente absurdos que desbordan todas sus capacidades. Acompa\u00f1an a esta magn\u00edfica obra, dos de los relatos breves m\u00e1s l\u00facidos del autor checo: La condena y Carta al padre.<\/p>\n","protected":false},"excerpt":{"rendered":"<p>KAFKA, FRANZ<\/p>\n","protected":false},"featured_media":66694,"template":"","meta":{"_acf_changed":false,"om_disable_all_campaigns":false,"rs_blank_template":"","rs_page_bg_color":"","slide_template_v7":"","inline_featured_image":false,"_monsterinsights_skip_tracking":false,"_monsterinsights_sitenote_active":false,"_monsterinsights_sitenote_note":"","_monsterinsights_sitenote_category":0},"product_brand":[],"product_cat":[123],"product_tag":[],"class_list":{"0":"post-29711","1":"product","2":"type-product","3":"status-publish","4":"has-post-thumbnail","6":"product_cat-classica","8":"first","9":"instock","10":"taxable","11":"shipping-taxable","12":"purchasable","13":"product-type-simple"},"acf":{"autor":"KAFKA, FRANZ","codart":"841800854","libros-coleccion":"POCKET","ediciones":"1","encuadernacion":"R\u00fastica","fecha_de_publicacion":"01\/02\/2020","novedad":"1","paginas":"141","subtitulo":"","orden":"0","portada":"0","idioma":"spa","editorial":[{"ID":147917,"post_author":"3","post_date":"2022-10-14 11:54:14","post_date_gmt":"2022-10-14 09:54:14","post_content":"","post_title":"EDITORIAL ALMA","post_excerpt":"","post_status":"publish","comment_status":"closed","ping_status":"closed","post_password":"","post_name":"editorial-alma","to_ping":"","pinged":"","post_modified":"2022-10-14 11:54:14","post_modified_gmt":"2022-10-14 09:54:14","post_content_filtered":"","post_parent":0,"guid":"http:\/\/dev.claret.cat\/editorial\/editorial-alma\/","menu_order":0,"post_type":"editorial","post_mime_type":"","comment_count":"0","filter":"raw"}],"autores-libros":[{"ID":156380,"post_author":"3","post_date":"2022-10-14 15:20:21","post_date_gmt":"2022-10-14 13:20:21","post_content":"","post_title":"FRANZ KAFKA","post_excerpt":"","post_status":"publish","comment_status":"closed","ping_status":"closed","post_password":"","post_name":"franz-kafka","to_ping":"","pinged":"","post_modified":"2022-10-14 15:20:21","post_modified_gmt":"2022-10-14 13:20:21","post_content_filtered":"","post_parent":0,"guid":"http:\/\/dev.claret.cat\/autor\/franz-kafka\/","menu_order":0,"post_type":"autor","post_mime_type":"","comment_count":"0","filter":"raw"}]},"aioseo_notices":[],"_links":{"self":[{"href":"https:\/\/www.claret.cat\/es\/wp-json\/wp\/v2\/product\/29711","targetHints":{"allow":["GET"]}}],"collection":[{"href":"https:\/\/www.claret.cat\/es\/wp-json\/wp\/v2\/product"}],"about":[{"href":"https:\/\/www.claret.cat\/es\/wp-json\/wp\/v2\/types\/product"}],"wp:featuredmedia":[{"embeddable":true,"href":"https:\/\/www.claret.cat\/es\/wp-json\/wp\/v2\/media\/66694"}],"wp:attachment":[{"href":"https:\/\/www.claret.cat\/es\/wp-json\/wp\/v2\/media?parent=29711"}],"wp:term":[{"taxonomy":"product_brand","embeddable":true,"href":"https:\/\/www.claret.cat\/es\/wp-json\/wp\/v2\/product_brand?post=29711"},{"taxonomy":"product_cat","embeddable":true,"href":"https:\/\/www.claret.cat\/es\/wp-json\/wp\/v2\/product_cat?post=29711"},{"taxonomy":"product_tag","embeddable":true,"href":"https:\/\/www.claret.cat\/es\/wp-json\/wp\/v2\/product_tag?post=29711"}],"curies":[{"name":"wp","href":"https:\/\/api.w.org\/{rel}","templated":true}]}}