{"id":297137,"date":"2022-12-15T23:58:03","date_gmt":"2022-12-15T22:58:03","guid":{"rendered":"http:\/\/dev.claret.cat\/llibre\/discernimiento-del-compromiso-ante-las-pobrezas-0210800690\/"},"modified":"2023-01-28T08:09:45","modified_gmt":"2023-01-28T07:09:45","slug":"discernimiento-del-compromiso-ante-las-pobrezas-0210800690","status":"publish","type":"product","link":"https:\/\/www.claret.cat\/es\/libro\/discernimiento-del-compromiso-ante-las-pobrezas-0210800690\/","title":{"rendered":"DISCERNIMIENTO DEL COMPROMISO ANTE LAS POBREZAS"},"content":{"rendered":"<p>La Vida Religiosa ha sido siempre muy sensible al mundo de las pobrezas. Hoy, desde diversos lados, son aguij\u00f3n y promesa. Aguij\u00f3n para provocar un discernimiento que adec\u00fae los viejos modos de entender la pobreza al moderno marco de la globalizaci\u00f3n. Promesa porque se intuye, y con raz\u00f3n, que esta senda de las pobrezas compartidas lleva en derechura al coraz\u00f3n del Evangelio.<br \/>La novedad que pretende este cuaderno es que quiere situar, con sosiego pero inter\u00e9s, el discernimiento de la pobreza, componente carism\u00e1tico de la Vida Religiosa, ante el hecho y el marco de las pobrezas sociales. Su posible novedad estriba en c\u00f3mo encajar comunitariamente el candente interrogante de la pobrezas sociales. Y, desde ah\u00ed, se resit\u00faa la m\u00edstica de la pobreza evang\u00e9lica y, singularmente, el camino de seguimiento a un Jes\u00fas pobre. Creemos que, bien entendida, tal espiritualidad puede ser una bocanada de aire fresco para la vivencia de este compromiso eclesial.<\/p>\n","protected":false},"excerpt":{"rendered":"<p>AIZPURUA, FIDEL<\/p>\n","protected":false},"featured_media":297138,"template":"","meta":{"_acf_changed":false,"om_disable_all_campaigns":false,"rs_blank_template":"","rs_page_bg_color":"","slide_template_v7":"","inline_featured_image":false,"_monsterinsights_skip_tracking":false,"_monsterinsights_sitenote_active":false,"_monsterinsights_sitenote_note":"","_monsterinsights_sitenote_category":0},"product_brand":[],"product_cat":[90,540],"product_tag":[],"class_list":{"0":"post-297137","1":"product","2":"type-product","3":"status-publish","4":"has-post-thumbnail","6":"product_cat-altres","7":"product_cat-otros","9":"first","10":"instock","11":"taxable","12":"shipping-taxable","13":"purchasable","14":"product-type-simple"},"acf":{"autor":"AIZPURUA, FIDEL","codart":"021080069","libros-coleccion":"","ediciones":"1","encuadernacion":"R\u00fastica","fecha_de_publicacion":"06\/04\/2010","novedad":"0","paginas":"114","subtitulo":"","orden":"999","portada":"0","idioma":"spa","autores-libros":[{"ID":155922,"post_author":"3","post_date":"2022-10-14 15:16:42","post_date_gmt":"2022-10-14 13:16:42","post_content":"","post_title":"FIDEL AIZPUR\u00daA","post_excerpt":"","post_status":"publish","comment_status":"closed","ping_status":"closed","post_password":"","post_name":"fidel-aizpurua","to_ping":"","pinged":"","post_modified":"2022-10-14 15:16:42","post_modified_gmt":"2022-10-14 13:16:42","post_content_filtered":"","post_parent":0,"guid":"http:\/\/dev.claret.cat\/autor\/fidel-aizpurua\/","menu_order":0,"post_type":"autor","post_mime_type":"","comment_count":"0","filter":"raw"}]},"aioseo_notices":[],"_links":{"self":[{"href":"https:\/\/www.claret.cat\/es\/wp-json\/wp\/v2\/product\/297137","targetHints":{"allow":["GET"]}}],"collection":[{"href":"https:\/\/www.claret.cat\/es\/wp-json\/wp\/v2\/product"}],"about":[{"href":"https:\/\/www.claret.cat\/es\/wp-json\/wp\/v2\/types\/product"}],"wp:featuredmedia":[{"embeddable":true,"href":"https:\/\/www.claret.cat\/es\/wp-json\/wp\/v2\/media\/297138"}],"wp:attachment":[{"href":"https:\/\/www.claret.cat\/es\/wp-json\/wp\/v2\/media?parent=297137"}],"wp:term":[{"taxonomy":"product_brand","embeddable":true,"href":"https:\/\/www.claret.cat\/es\/wp-json\/wp\/v2\/product_brand?post=297137"},{"taxonomy":"product_cat","embeddable":true,"href":"https:\/\/www.claret.cat\/es\/wp-json\/wp\/v2\/product_cat?post=297137"},{"taxonomy":"product_tag","embeddable":true,"href":"https:\/\/www.claret.cat\/es\/wp-json\/wp\/v2\/product_tag?post=297137"}],"curies":[{"name":"wp","href":"https:\/\/api.w.org\/{rel}","templated":true}]}}