{"id":297169,"date":"2022-12-15T23:59:23","date_gmt":"2022-12-15T22:59:23","guid":{"rendered":"http:\/\/dev.claret.cat\/llibre\/ejercicios-espirituales-tercera-edad-0210810270\/"},"modified":"2024-10-25T13:21:26","modified_gmt":"2024-10-25T11:21:26","slug":"ejercicios-espirituales-tercera-edad-9990210810272","status":"publish","type":"product","link":"https:\/\/www.claret.cat\/es\/libro\/ejercicios-espirituales-tercera-edad-9990210810272\/","title":{"rendered":"EJERCICIOS ESPIRITUALES TERCERA EDAD"},"content":{"rendered":"<p>Los ejercicios comenzar\u00e1n el d\u00eda se\u00f1alado a las 20,30 con la cena, y terminar\u00e1n en el d\u00eda se\u00f1alado con la comida.<\/p>\n","protected":false},"excerpt":{"rendered":"<p>GARRIDO,JAVIER<\/p>\n","protected":false},"featured_media":297170,"template":"","meta":{"_acf_changed":false,"om_disable_all_campaigns":false,"rs_blank_template":"","rs_page_bg_color":"","slide_template_v7":"","inline_featured_image":false,"_monsterinsights_skip_tracking":false,"_monsterinsights_sitenote_active":false,"_monsterinsights_sitenote_note":"","_monsterinsights_sitenote_category":0},"product_brand":[],"product_cat":[345,79,92,542],"product_tag":[],"class_list":{"0":"post-297169","1":"product","2":"type-product","3":"status-publish","4":"has-post-thumbnail","6":"product_cat-espiritualidad","7":"product_cat-espiritualitat","8":"product_cat-vida-religiosa","9":"product_cat-vida-religiosa-1_espiritualidad-spa","11":"first","12":"instock","13":"taxable","14":"shipping-taxable","15":"purchasable","16":"product-type-simple"},"acf":{"autor":"GARRIDO,JAVIER","codart":"021081027","libros-coleccion":"","ediciones":"1","encuadernacion":"Grapado","fecha_de_publicacion":"14\/05\/2009","novedad":"0","paginas":"93","subtitulo":"","orden":"999","portada":"0","idioma":"spa","editorial":[{"ID":148299,"post_author":"3","post_date":"2022-10-14 11:57:10","post_date_gmt":"2022-10-14 09:57:10","post_content":"","post_title":"INSTITUTO TEOL. VIDA RELIGIOSA","post_excerpt":"","post_status":"publish","comment_status":"closed","ping_status":"closed","post_password":"","post_name":"instituto-teol-vida-religiosa","to_ping":"","pinged":"","post_modified":"2022-10-14 11:57:10","post_modified_gmt":"2022-10-14 09:57:10","post_content_filtered":"","post_parent":0,"guid":"http:\/\/dev.claret.cat\/editorial\/instituto-teol-vida-religiosa\/","menu_order":0,"post_type":"editorial","post_mime_type":"","comment_count":"0","filter":"raw"}],"autores-libros":[{"ID":5578,"post_author":"3","post_date":"2022-07-28 17:27:00","post_date_gmt":"2022-07-28 15:27:00","post_content":"","post_title":"JAVIER GARRIDO","post_excerpt":"","post_status":"publish","comment_status":"closed","ping_status":"closed","post_password":"","post_name":"javier-garrido","to_ping":"","pinged":"","post_modified":"2022-07-28 17:27:00","post_modified_gmt":"2022-07-28 15:27:00","post_content_filtered":"","post_parent":0,"guid":"http:\/\/dev.claret.cat\/autor\/javier-garrido\/","menu_order":0,"post_type":"autor","post_mime_type":"","comment_count":"0","filter":"raw"}]},"aioseo_notices":[],"_links":{"self":[{"href":"https:\/\/www.claret.cat\/es\/wp-json\/wp\/v2\/product\/297169","targetHints":{"allow":["GET"]}}],"collection":[{"href":"https:\/\/www.claret.cat\/es\/wp-json\/wp\/v2\/product"}],"about":[{"href":"https:\/\/www.claret.cat\/es\/wp-json\/wp\/v2\/types\/product"}],"wp:featuredmedia":[{"embeddable":true,"href":"https:\/\/www.claret.cat\/es\/wp-json\/wp\/v2\/media\/297170"}],"wp:attachment":[{"href":"https:\/\/www.claret.cat\/es\/wp-json\/wp\/v2\/media?parent=297169"}],"wp:term":[{"taxonomy":"product_brand","embeddable":true,"href":"https:\/\/www.claret.cat\/es\/wp-json\/wp\/v2\/product_brand?post=297169"},{"taxonomy":"product_cat","embeddable":true,"href":"https:\/\/www.claret.cat\/es\/wp-json\/wp\/v2\/product_cat?post=297169"},{"taxonomy":"product_tag","embeddable":true,"href":"https:\/\/www.claret.cat\/es\/wp-json\/wp\/v2\/product_tag?post=297169"}],"curies":[{"name":"wp","href":"https:\/\/api.w.org\/{rel}","templated":true}]}}