{"id":297972,"date":"2022-12-16T00:33:20","date_gmt":"2022-12-15T23:33:20","guid":{"rendered":"http:\/\/dev.claret.cat\/llibre\/nuevo-testamento-interlineal-griegoespanol-teologico-y-exegetico-9781588029645\/"},"modified":"2025-09-05T13:15:07","modified_gmt":"2025-09-05T11:15:07","slug":"nuevo-testamento-interlineal-griegoespanol-teologico-y-exegetico-9781588029645","status":"publish","type":"product","link":"https:\/\/www.claret.cat\/es\/libro\/nuevo-testamento-interlineal-griegoespanol-teologico-y-exegetico-9781588029645\/","title":{"rendered":"NUEVO TESTAMENTO INTERLINEAL GRIEGO-ESPA\u00d1OL; TEOL\u00d3GICO Y EXEG\u00c9TICO"},"content":{"rendered":"<p>Esta obra contiene:<br \/>Transliteraciones.<br \/>Reglas gramaticales. Incorporaci\u00f3n de t\u00e9rminos griegos al idioma espa\u00f1ol como: anomia, parres\u00eda, apolog\u00eda, kerigma, etc.<br \/>Ex\u00e9gesis de pasajes controversiales&#8230; y m\u00e1s<\/p>\n","protected":false},"excerpt":{"rendered":"<p>HERN\u00c1NDEZ &#8211; ARDURA<\/p>\n","protected":false},"featured_media":297973,"template":"","meta":{"_acf_changed":false,"om_disable_all_campaigns":false,"rs_blank_template":"","rs_page_bg_color":"","slide_template_v7":"","inline_featured_image":false,"_monsterinsights_skip_tracking":false,"_monsterinsights_sitenote_active":false,"_monsterinsights_sitenote_note":"","_monsterinsights_sitenote_category":0},"product_brand":[],"product_cat":[75,341],"product_tag":[],"class_list":{"0":"post-297972","1":"product","2":"type-product","3":"status-publish","4":"has-post-thumbnail","6":"product_cat-biblia","7":"product_cat-biblia-es","9":"first","10":"instock","11":"taxable","12":"shipping-taxable","13":"purchasable","14":"product-type-simple"},"acf":{"autor":"HERN\u00c1NDEZ - ARDURA","codart":"158802964","libros-coleccion":"","ediciones":"1","encuadernacion":"Carton\u00e9","fecha_de_publicacion":"13\/06\/2019","novedad":"1","paginas":"875","subtitulo":"","orden":"0","portada":"0","idioma":"spa","autores-libros":[{"ID":157559,"post_author":"3","post_date":"2022-10-14 15:29:47","post_date_gmt":"2022-10-14 13:29:47","post_content":"","post_title":"HERN\u00c1NDEZ - ARDURA","post_excerpt":"","post_status":"publish","comment_status":"closed","ping_status":"closed","post_password":"","post_name":"hernandez-ardura","to_ping":"","pinged":"","post_modified":"2022-10-14 15:29:47","post_modified_gmt":"2022-10-14 13:29:47","post_content_filtered":"","post_parent":0,"guid":"http:\/\/dev.claret.cat\/autor\/hernandez-ardura\/","menu_order":0,"post_type":"autor","post_mime_type":"","comment_count":"0","filter":"raw"}],"editorial":[{"ID":387478,"post_author":"3","post_date":"2023-02-13 10:59:48","post_date_gmt":"2023-02-13 09:59:48","post_content":"","post_title":"PATMOS","post_excerpt":"","post_status":"publish","comment_status":"closed","ping_status":"closed","post_password":"","post_name":"patmos","to_ping":"","pinged":"","post_modified":"2023-02-13 10:59:48","post_modified_gmt":"2023-02-13 09:59:48","post_content_filtered":"","post_parent":0,"guid":"https:\/\/www.claret.cat\/editorial\/patmos\/","menu_order":0,"post_type":"editorial","post_mime_type":"","comment_count":"0","filter":"raw"}],"booktrailer":"","resenas":""},"aioseo_notices":[],"_links":{"self":[{"href":"https:\/\/www.claret.cat\/es\/wp-json\/wp\/v2\/product\/297972","targetHints":{"allow":["GET"]}}],"collection":[{"href":"https:\/\/www.claret.cat\/es\/wp-json\/wp\/v2\/product"}],"about":[{"href":"https:\/\/www.claret.cat\/es\/wp-json\/wp\/v2\/types\/product"}],"wp:featuredmedia":[{"embeddable":true,"href":"https:\/\/www.claret.cat\/es\/wp-json\/wp\/v2\/media\/297973"}],"wp:attachment":[{"href":"https:\/\/www.claret.cat\/es\/wp-json\/wp\/v2\/media?parent=297972"}],"wp:term":[{"taxonomy":"product_brand","embeddable":true,"href":"https:\/\/www.claret.cat\/es\/wp-json\/wp\/v2\/product_brand?post=297972"},{"taxonomy":"product_cat","embeddable":true,"href":"https:\/\/www.claret.cat\/es\/wp-json\/wp\/v2\/product_cat?post=297972"},{"taxonomy":"product_tag","embeddable":true,"href":"https:\/\/www.claret.cat\/es\/wp-json\/wp\/v2\/product_tag?post=297972"}],"curies":[{"name":"wp","href":"https:\/\/api.w.org\/{rel}","templated":true}]}}