{"id":29799,"date":"2022-10-02T11:30:48","date_gmt":"2022-10-02T09:30:48","guid":{"rendered":"http:\/\/dev.claret.cat\/producte\/una-cara-coneguda\/"},"modified":"2024-01-31T19:34:45","modified_gmt":"2024-01-31T18:34:45","slug":"una-cara-coneguda-9788429774450","status":"publish","type":"product","link":"https:\/\/www.claret.cat\/es\/libro\/una-cara-coneguda-9788429774450\/","title":{"rendered":"UNA CARA CONEGUDA"},"content":{"rendered":"<p>Alfred Hayes (1911-1985) \u00e9s un dels mestres secrets de la novel\u00b7la del segle XX. Amb un estil impecable, contingut i efectiu, cobert amb un tel de melancolia, va escriure sobre la passi\u00f3 i les seves conseq\u00fc\u00e8ncies.<br \/> Una cara coneguda s?ambienta a Hollywood, on la t\u00f2nica \u00e9s la fama i on nom\u00e9s ets viu en la mesura que \u00e9s viva i real la teva imatge. En una festa, un guionista de cert renom rescata una jove for\u00e7a bonica que, embriagada, s?endinsa a l?oce\u00e0 Pac\u00edfi c. Ell, un home casat, fa temps que ha deixat de fer-se il\u00b7lusions i ja n?espera ben poc, de la vida. De fet, nom\u00e9s desitja estar sol. No obstant aix\u00f2, sense pensar- s?hi gaire, s?involucra amb la jove.<br \/> Amb una prosa equilibrada, Alfred Hayes descriu amb una eleg\u00e0ncia aclaparadora uns personatges que encarnen la fragilitat humana i retrata amb una precisi\u00f3 envejable la desesperaci\u00f3, la degradaci\u00f3 i la solitud que en algun moment de la vida ens pot afectar a tots. Ras i curt: literatura en maj\u00fascules.<\/p>\n","protected":false},"excerpt":{"rendered":"<p>HAYES, ALFRED<\/p>\n","protected":false},"featured_media":77114,"template":"","meta":{"_acf_changed":false,"om_disable_all_campaigns":false,"rs_blank_template":"","rs_page_bg_color":"","slide_template_v7":"","inline_featured_image":false,"_monsterinsights_skip_tracking":false,"_monsterinsights_sitenote_active":false,"_monsterinsights_sitenote_note":"","_monsterinsights_sitenote_category":0},"product_brand":[],"product_cat":[90,540],"product_tag":[],"class_list":{"0":"post-29799","1":"product","2":"type-product","3":"status-publish","4":"has-post-thumbnail","6":"product_cat-altres","7":"product_cat-otros","9":"first","10":"instock","11":"taxable","12":"shipping-taxable","13":"purchasable","14":"product-type-simple"},"acf":{"autor":"HAYES, ALFRED","codart":"842977445","libros-coleccion":"","ediciones":"1","encuadernacion":"R\u00fastica","fecha_de_publicacion":"01\/05\/2015","novedad":"0","paginas":"145","subtitulo":"","orden":"999","portada":"0","idioma":"cat","editorial":[{"ID":147869,"post_author":"3","post_date":"2022-10-14 11:53:50","post_date_gmt":"2022-10-14 09:53:50","post_content":"","post_title":"EDICIONS 62 S. A.-PENINSULA","post_excerpt":"","post_status":"publish","comment_status":"closed","ping_status":"closed","post_password":"","post_name":"edicions-62-s-a-peninsula","to_ping":"","pinged":"","post_modified":"2022-10-14 11:53:50","post_modified_gmt":"2022-10-14 09:53:50","post_content_filtered":"","post_parent":0,"guid":"http:\/\/dev.claret.cat\/editorial\/edicions-62-s-a-peninsula\/","menu_order":0,"post_type":"editorial","post_mime_type":"","comment_count":"0","filter":"raw"}],"autores-libros":[{"ID":149782,"post_author":"3","post_date":"2022-10-14 14:27:39","post_date_gmt":"2022-10-14 12:27:39","post_content":"","post_title":"ALFRED HAYES","post_excerpt":"","post_status":"publish","comment_status":"closed","ping_status":"closed","post_password":"","post_name":"alfred-hayes","to_ping":"","pinged":"","post_modified":"2022-10-14 14:27:39","post_modified_gmt":"2022-10-14 12:27:39","post_content_filtered":"","post_parent":0,"guid":"http:\/\/dev.claret.cat\/autor\/alfred-hayes\/","menu_order":0,"post_type":"autor","post_mime_type":"","comment_count":"0","filter":"raw"}]},"aioseo_notices":[],"_links":{"self":[{"href":"https:\/\/www.claret.cat\/es\/wp-json\/wp\/v2\/product\/29799","targetHints":{"allow":["GET"]}}],"collection":[{"href":"https:\/\/www.claret.cat\/es\/wp-json\/wp\/v2\/product"}],"about":[{"href":"https:\/\/www.claret.cat\/es\/wp-json\/wp\/v2\/types\/product"}],"wp:featuredmedia":[{"embeddable":true,"href":"https:\/\/www.claret.cat\/es\/wp-json\/wp\/v2\/media\/77114"}],"wp:attachment":[{"href":"https:\/\/www.claret.cat\/es\/wp-json\/wp\/v2\/media?parent=29799"}],"wp:term":[{"taxonomy":"product_brand","embeddable":true,"href":"https:\/\/www.claret.cat\/es\/wp-json\/wp\/v2\/product_brand?post=29799"},{"taxonomy":"product_cat","embeddable":true,"href":"https:\/\/www.claret.cat\/es\/wp-json\/wp\/v2\/product_cat?post=29799"},{"taxonomy":"product_tag","embeddable":true,"href":"https:\/\/www.claret.cat\/es\/wp-json\/wp\/v2\/product_tag?post=29799"}],"curies":[{"name":"wp","href":"https:\/\/api.w.org\/{rel}","templated":true}]}}