{"id":298676,"date":"2022-12-16T01:02:15","date_gmt":"2022-12-16T00:02:15","guid":{"rendered":"http:\/\/dev.claret.cat\/llibre\/dvd-dartacan-y-los-tres-mosqueperros-9786540903308\/"},"modified":"2026-01-02T11:21:00","modified_gmt":"2026-01-02T10:21:00","slug":"dvd-dartacan-y-los-tres-mosqueperros-9786540903308","status":"publish","type":"product","link":"https:\/\/www.claret.cat\/es\/libro\/dvd-dartacan-y-los-tres-mosqueperros-9786540903308\/","title":{"rendered":"DVD- D&#8217;ARTAC\u00c1N Y LOS TRES MOSQUEPERROS"},"content":{"rendered":"<p>M\u00e1s all\u00e1 de la justicia, m\u00e1s all\u00e1 del honor, m\u00e1s all\u00e1 de la amistad, s\u00f3lo hay una frase \u00a1Uno para todos y todos para uno!. Disfruta de este gran cl\u00e1sico basado en la novela Los Tres Mosqueperros de Alejandro Dumas.<\/p>\n","protected":false},"excerpt":{"rendered":"<p>CLAUDIO BIERN<\/p>\n","protected":false},"featured_media":1072414,"template":"","meta":{"_acf_changed":false,"om_disable_all_campaigns":false,"rs_blank_template":"","rs_page_bg_color":"","slide_template_v7":"","inline_featured_image":false,"_monsterinsights_skip_tracking":false,"_monsterinsights_sitenote_active":false,"_monsterinsights_sitenote_note":"","_monsterinsights_sitenote_category":0},"product_brand":[],"product_cat":[88,423],"product_tag":[],"class_list":{"0":"post-298676","1":"product","2":"type-product","3":"status-publish","4":"has-post-thumbnail","6":"product_cat-multimedia","7":"product_cat-multimedia-5_otras","9":"first","10":"outofstock","11":"taxable","12":"shipping-taxable","13":"purchasable","14":"product-type-simple"},"acf":{"autor":"CLAUDIO BIERN","codart":"654090330","libros-coleccion":"","ediciones":"1","encuadernacion":"R\u00fastica","fecha_de_publicacion":"21\/05\/2019","novedad":"0","paginas":"1","subtitulo":"LA SERIE COMPLETA","orden":"0","portada":"0","idioma":"spa","editorial":[{"ID":6151,"post_author":"3","post_date":"2022-07-28 17:45:59","post_date_gmt":"2022-07-28 15:45:59","post_content":"","post_title":"CAMEO MEDIA ., S.L.","post_excerpt":"","post_status":"publish","comment_status":"closed","ping_status":"closed","post_password":"","post_name":"cameo-media-s-l","to_ping":"","pinged":"","post_modified":"2022-07-28 17:45:59","post_modified_gmt":"2022-07-28 15:45:59","post_content_filtered":"","post_parent":0,"guid":"http:\/\/dev.claret.cat\/editorial\/cameo-media-s-l\/","menu_order":0,"post_type":"editorial","post_mime_type":"","comment_count":"0","filter":"raw"}],"autores-libros":[{"ID":153100,"post_author":"3","post_date":"2022-10-14 14:54:04","post_date_gmt":"2022-10-14 12:54:04","post_content":"","post_title":"CLAUDIO BIERN","post_excerpt":"","post_status":"publish","comment_status":"closed","ping_status":"closed","post_password":"","post_name":"claudio-biern","to_ping":"","pinged":"","post_modified":"2022-10-14 14:54:04","post_modified_gmt":"2022-10-14 12:54:04","post_content_filtered":"","post_parent":0,"guid":"http:\/\/dev.claret.cat\/autor\/claudio-biern\/","menu_order":0,"post_type":"autor","post_mime_type":"","comment_count":"0","filter":"raw"}],"booktrailer":"","resenas":""},"aioseo_notices":[],"_links":{"self":[{"href":"https:\/\/www.claret.cat\/es\/wp-json\/wp\/v2\/product\/298676","targetHints":{"allow":["GET"]}}],"collection":[{"href":"https:\/\/www.claret.cat\/es\/wp-json\/wp\/v2\/product"}],"about":[{"href":"https:\/\/www.claret.cat\/es\/wp-json\/wp\/v2\/types\/product"}],"wp:featuredmedia":[{"embeddable":true,"href":"https:\/\/www.claret.cat\/es\/wp-json\/wp\/v2\/media\/1072414"}],"wp:attachment":[{"href":"https:\/\/www.claret.cat\/es\/wp-json\/wp\/v2\/media?parent=298676"}],"wp:term":[{"taxonomy":"product_brand","embeddable":true,"href":"https:\/\/www.claret.cat\/es\/wp-json\/wp\/v2\/product_brand?post=298676"},{"taxonomy":"product_cat","embeddable":true,"href":"https:\/\/www.claret.cat\/es\/wp-json\/wp\/v2\/product_cat?post=298676"},{"taxonomy":"product_tag","embeddable":true,"href":"https:\/\/www.claret.cat\/es\/wp-json\/wp\/v2\/product_tag?post=298676"}],"curies":[{"name":"wp","href":"https:\/\/api.w.org\/{rel}","templated":true}]}}