{"id":298813,"date":"2022-12-16T01:08:28","date_gmt":"2022-12-16T00:08:28","guid":{"rendered":"http:\/\/dev.claret.cat\/llibre\/dvdla-reunion-de-jose-7008418043\/"},"modified":"2023-01-28T14:36:14","modified_gmt":"2023-01-28T13:36:14","slug":"dvdla-reunion-de-jose-7008418043","status":"publish","type":"product","link":"https:\/\/www.claret.cat\/es\/libro\/dvdla-reunion-de-jose-7008418043\/","title":{"rendered":"DVD-LA REUNI\u00d3N DE JOS\u00c9"},"content":{"rendered":"<p>La sequ\u00eda hab\u00eda hecho estragos en los campos de Cana\u00e1n, sin embargo, Egipto todav\u00eda ten\u00eda grandes almacenes de alimentos. Jacob sab\u00eda que si no actuaba con rapidez, su familia se morir\u00eda de hambre, por lo que envi\u00f3 a diez de sus hijos al Fara\u00f3n para comprarle provisiones. Nunca se hubieran imaginado encontrarse con el hermano al que traicionaron y que hab\u00edan dado por muerto.<\/p>\n","protected":false},"excerpt":{"rendered":"<p>MONTE TABOR<\/p>\n","protected":false},"featured_media":298814,"template":"","meta":{"_acf_changed":false,"om_disable_all_campaigns":false,"rs_blank_template":"","rs_page_bg_color":"","slide_template_v7":"","inline_featured_image":false,"_monsterinsights_skip_tracking":false,"_monsterinsights_sitenote_active":false,"_monsterinsights_sitenote_note":"","_monsterinsights_sitenote_category":0},"product_brand":[],"product_cat":[88,423],"product_tag":[],"class_list":{"0":"post-298813","1":"product","2":"type-product","3":"status-publish","4":"has-post-thumbnail","6":"product_cat-multimedia","7":"product_cat-multimedia-5_otras","9":"first","10":"instock","11":"taxable","12":"shipping-taxable","13":"purchasable","14":"product-type-simple"},"acf":{"autor":"MONTE TABOR","codart":"700841804","libros-coleccion":"","ediciones":"1","encuadernacion":"Carpeta","fecha_de_publicacion":"15\/12\/2008","novedad":"0","paginas":"0","subtitulo":"","orden":"999","portada":"0","idioma":"spa","editorial":[{"ID":148543,"post_author":"3","post_date":"2022-10-14 11:59:04","post_date_gmt":"2022-10-14 09:59:04","post_content":"","post_title":"MONTE TABOR FILMS.- BDM INTERNACIONAL","post_excerpt":"","post_status":"publish","comment_status":"closed","ping_status":"closed","post_password":"","post_name":"monte-tabor-films-bdm-internacional","to_ping":"","pinged":"","post_modified":"2022-10-14 11:59:04","post_modified_gmt":"2022-10-14 09:59:04","post_content_filtered":"","post_parent":0,"guid":"http:\/\/dev.claret.cat\/editorial\/monte-tabor-films-bdm-internacional\/","menu_order":0,"post_type":"editorial","post_mime_type":"","comment_count":"0","filter":"raw"}],"autores-libros":[{"ID":165368,"post_author":"3","post_date":"2022-10-14 17:54:37","post_date_gmt":"2022-10-14 15:54:37","post_content":"","post_title":"MONTE TABOR","post_excerpt":"","post_status":"publish","comment_status":"closed","ping_status":"closed","post_password":"","post_name":"monte-tabor","to_ping":"","pinged":"","post_modified":"2022-10-14 17:54:37","post_modified_gmt":"2022-10-14 15:54:37","post_content_filtered":"","post_parent":0,"guid":"http:\/\/dev.claret.cat\/autor\/monte-tabor\/","menu_order":0,"post_type":"autor","post_mime_type":"","comment_count":"0","filter":"raw"}]},"aioseo_notices":[],"_links":{"self":[{"href":"https:\/\/www.claret.cat\/es\/wp-json\/wp\/v2\/product\/298813","targetHints":{"allow":["GET"]}}],"collection":[{"href":"https:\/\/www.claret.cat\/es\/wp-json\/wp\/v2\/product"}],"about":[{"href":"https:\/\/www.claret.cat\/es\/wp-json\/wp\/v2\/types\/product"}],"wp:featuredmedia":[{"embeddable":true,"href":"https:\/\/www.claret.cat\/es\/wp-json\/wp\/v2\/media\/298814"}],"wp:attachment":[{"href":"https:\/\/www.claret.cat\/es\/wp-json\/wp\/v2\/media?parent=298813"}],"wp:term":[{"taxonomy":"product_brand","embeddable":true,"href":"https:\/\/www.claret.cat\/es\/wp-json\/wp\/v2\/product_brand?post=298813"},{"taxonomy":"product_cat","embeddable":true,"href":"https:\/\/www.claret.cat\/es\/wp-json\/wp\/v2\/product_cat?post=298813"},{"taxonomy":"product_tag","embeddable":true,"href":"https:\/\/www.claret.cat\/es\/wp-json\/wp\/v2\/product_tag?post=298813"}],"curies":[{"name":"wp","href":"https:\/\/api.w.org\/{rel}","templated":true}]}}