{"id":298864,"date":"2022-12-16T01:10:36","date_gmt":"2022-12-16T00:10:36","guid":{"rendered":"http:\/\/dev.claret.cat\/llibre\/dvd-el-hijo-prodigo-historia-de-la-salvacion-9787008418259\/"},"modified":"2023-01-28T18:12:52","modified_gmt":"2023-01-28T17:12:52","slug":"dvd-el-hijo-prodigo-historia-de-la-salvacion-9787008418259","status":"publish","type":"product","link":"https:\/\/www.claret.cat\/es\/libro\/dvd-el-hijo-prodigo-historia-de-la-salvacion-9787008418259\/","title":{"rendered":"DVD.- EL HIJO PRODIGO.- HISTORIA DE LA SALVACI\u00d3N"},"content":{"rendered":"<p>El Hijo Pr\u00f3digo es la par\u00e1bola de un hijo caprichoso que se re\u00fane con su padre y su familia despu\u00e9s de haberse gastado toda su herencia. Toda la familia aprender\u00e1 del abrumador amor que rodea a alguien que vuelve al camino de Dios despu\u00e9s de arrepentirse de sus errores. \u00a1Entretenimiento para toda la familia al m\u00e1ximo! \u00a1Imag\u00ednate contar con bellas historias de dibujos animados de la Biblia para ense\u00f1ar principios que desarrollan el car\u00e1cter de los ni\u00f1os mientras ven las historias una y otra vez!<\/p>\n","protected":false},"excerpt":{"rendered":"<p>MONTE TABOR FILMS<\/p>\n","protected":false},"featured_media":298865,"template":"","meta":{"_acf_changed":false,"om_disable_all_campaigns":false,"rs_blank_template":"","rs_page_bg_color":"","slide_template_v7":"","inline_featured_image":false,"_monsterinsights_skip_tracking":false,"_monsterinsights_sitenote_active":false,"_monsterinsights_sitenote_note":"","_monsterinsights_sitenote_category":0},"product_brand":[],"product_cat":[88,423],"product_tag":[],"class_list":{"0":"post-298864","1":"product","2":"type-product","3":"status-publish","4":"has-post-thumbnail","6":"product_cat-multimedia","7":"product_cat-multimedia-5_otras","9":"first","10":"instock","11":"taxable","12":"shipping-taxable","13":"purchasable","14":"product-type-simple"},"acf":{"autor":"MONTE TABOR FILMS","codart":"700841825","libros-coleccion":"FORA DE COL.LECCI\u00d3","ediciones":"0","encuadernacion":"[Vac\u00edo]","fecha_de_publicacion":"16\/11\/2005","novedad":"0","paginas":"0","subtitulo":"REF.- El Evangelio en dibujos animados","orden":"999","portada":"0","idioma":"spa","editorial":[{"ID":148543,"post_author":"3","post_date":"2022-10-14 11:59:04","post_date_gmt":"2022-10-14 09:59:04","post_content":"","post_title":"MONTE TABOR FILMS.- BDM INTERNACIONAL","post_excerpt":"","post_status":"publish","comment_status":"closed","ping_status":"closed","post_password":"","post_name":"monte-tabor-films-bdm-internacional","to_ping":"","pinged":"","post_modified":"2022-10-14 11:59:04","post_modified_gmt":"2022-10-14 09:59:04","post_content_filtered":"","post_parent":0,"guid":"http:\/\/dev.claret.cat\/editorial\/monte-tabor-films-bdm-internacional\/","menu_order":0,"post_type":"editorial","post_mime_type":"","comment_count":"0","filter":"raw"}],"autores-libros":[{"ID":298803,"post_author":"3","post_date":"2022-12-16 01:08:04","post_date_gmt":"2022-12-16 00:08:04","post_content":"","post_title":"MONTE TABOR FILMS","post_excerpt":"","post_status":"publish","comment_status":"closed","ping_status":"closed","post_password":"","post_name":"monte-tabor-films","to_ping":"","pinged":"","post_modified":"2022-12-16 01:08:04","post_modified_gmt":"2022-12-16 00:08:04","post_content_filtered":"","post_parent":0,"guid":"http:\/\/dev.claret.cat\/autor\/monte-tabor-films\/","menu_order":0,"post_type":"autor","post_mime_type":"","comment_count":"0","filter":"raw"}]},"aioseo_notices":[],"_links":{"self":[{"href":"https:\/\/www.claret.cat\/es\/wp-json\/wp\/v2\/product\/298864","targetHints":{"allow":["GET"]}}],"collection":[{"href":"https:\/\/www.claret.cat\/es\/wp-json\/wp\/v2\/product"}],"about":[{"href":"https:\/\/www.claret.cat\/es\/wp-json\/wp\/v2\/types\/product"}],"wp:featuredmedia":[{"embeddable":true,"href":"https:\/\/www.claret.cat\/es\/wp-json\/wp\/v2\/media\/298865"}],"wp:attachment":[{"href":"https:\/\/www.claret.cat\/es\/wp-json\/wp\/v2\/media?parent=298864"}],"wp:term":[{"taxonomy":"product_brand","embeddable":true,"href":"https:\/\/www.claret.cat\/es\/wp-json\/wp\/v2\/product_brand?post=298864"},{"taxonomy":"product_cat","embeddable":true,"href":"https:\/\/www.claret.cat\/es\/wp-json\/wp\/v2\/product_cat?post=298864"},{"taxonomy":"product_tag","embeddable":true,"href":"https:\/\/www.claret.cat\/es\/wp-json\/wp\/v2\/product_tag?post=298864"}],"curies":[{"name":"wp","href":"https:\/\/api.w.org\/{rel}","templated":true}]}}