{"id":298870,"date":"2022-12-16T01:10:51","date_gmt":"2022-12-16T00:10:51","guid":{"rendered":"http:\/\/dev.claret.cat\/llibre\/dvd-lazaro-vive-los-amigos-de-jesus-9787008418297\/"},"modified":"2023-01-28T15:39:58","modified_gmt":"2023-01-28T14:39:58","slug":"dvd-lazaro-vive-los-amigos-de-jesus-9787008418297","status":"publish","type":"product","link":"https:\/\/www.claret.cat\/es\/libro\/dvd-lazaro-vive-los-amigos-de-jesus-9787008418297\/","title":{"rendered":"DVD- L\u00c1ZARO VIVE: LOS AMIGOS DE JES\u00daS"},"content":{"rendered":"<p>El mayor miedo de los mortales es el de la muerte. La historia L\u00e1zaro Vive confirma que Jes\u00fas tiene poder sobre la muerte. Este hecho es milagrosamente demostrado cuando el Maestro hace un llamamiento y L\u00e1zaro resucita despu\u00e9s de llevar cuatro d\u00edas muerto. Cuando Jes\u00fas viene a Betania para encontrarse con Marta y Mar\u00eda, \u00c9l no realiza este intenso milagro inmediatamente. Primero, llora la p\u00e9rdida con las hermanas de L\u00e1zaro y Sus amigos presencian el profundo amor que \u00c9l tiene por ellos. Las l\u00e1grimas de dolor de Marta y Mar\u00eda se convierten inmediatamente en j\u00fabilo cuando su hermano L\u00e1zaro vuelve en vida y reciben la promesa de Jes\u00fas de la vida eterna.<\/p>\n","protected":false},"excerpt":{"rendered":"<p>MONTE TABOR<\/p>\n","protected":false},"featured_media":298871,"template":"","meta":{"_acf_changed":false,"om_disable_all_campaigns":false,"rs_blank_template":"","rs_page_bg_color":"","slide_template_v7":"","inline_featured_image":false,"_monsterinsights_skip_tracking":false,"_monsterinsights_sitenote_active":false,"_monsterinsights_sitenote_note":"","_monsterinsights_sitenote_category":0},"product_brand":[],"product_cat":[423,88],"product_tag":[],"class_list":{"0":"post-298870","1":"product","2":"type-product","3":"status-publish","4":"has-post-thumbnail","6":"product_cat-multimedia-5_otras","7":"product_cat-multimedia","9":"first","10":"instock","11":"taxable","12":"shipping-taxable","13":"purchasable","14":"product-type-simple"},"acf":{"autor":"MONTE TABOR","codart":"700841829","libros-coleccion":"","ediciones":"0","encuadernacion":"Carton\u00e9","fecha_de_publicacion":"13\/03\/2013","novedad":"0","paginas":"1","subtitulo":"EL EVANGELIO EN DIBUJOS ANIMADOS","orden":"999","portada":"0","idioma":"spa","editorial":[{"ID":148543,"post_author":"3","post_date":"2022-10-14 11:59:04","post_date_gmt":"2022-10-14 09:59:04","post_content":"","post_title":"MONTE TABOR FILMS.- BDM INTERNACIONAL","post_excerpt":"","post_status":"publish","comment_status":"closed","ping_status":"closed","post_password":"","post_name":"monte-tabor-films-bdm-internacional","to_ping":"","pinged":"","post_modified":"2022-10-14 11:59:04","post_modified_gmt":"2022-10-14 09:59:04","post_content_filtered":"","post_parent":0,"guid":"http:\/\/dev.claret.cat\/editorial\/monte-tabor-films-bdm-internacional\/","menu_order":0,"post_type":"editorial","post_mime_type":"","comment_count":"0","filter":"raw"}],"autores-libros":[{"ID":165368,"post_author":"3","post_date":"2022-10-14 17:54:37","post_date_gmt":"2022-10-14 15:54:37","post_content":"","post_title":"MONTE TABOR","post_excerpt":"","post_status":"publish","comment_status":"closed","ping_status":"closed","post_password":"","post_name":"monte-tabor","to_ping":"","pinged":"","post_modified":"2022-10-14 17:54:37","post_modified_gmt":"2022-10-14 15:54:37","post_content_filtered":"","post_parent":0,"guid":"http:\/\/dev.claret.cat\/autor\/monte-tabor\/","menu_order":0,"post_type":"autor","post_mime_type":"","comment_count":"0","filter":"raw"}]},"aioseo_notices":[],"_links":{"self":[{"href":"https:\/\/www.claret.cat\/es\/wp-json\/wp\/v2\/product\/298870","targetHints":{"allow":["GET"]}}],"collection":[{"href":"https:\/\/www.claret.cat\/es\/wp-json\/wp\/v2\/product"}],"about":[{"href":"https:\/\/www.claret.cat\/es\/wp-json\/wp\/v2\/types\/product"}],"wp:featuredmedia":[{"embeddable":true,"href":"https:\/\/www.claret.cat\/es\/wp-json\/wp\/v2\/media\/298871"}],"wp:attachment":[{"href":"https:\/\/www.claret.cat\/es\/wp-json\/wp\/v2\/media?parent=298870"}],"wp:term":[{"taxonomy":"product_brand","embeddable":true,"href":"https:\/\/www.claret.cat\/es\/wp-json\/wp\/v2\/product_brand?post=298870"},{"taxonomy":"product_cat","embeddable":true,"href":"https:\/\/www.claret.cat\/es\/wp-json\/wp\/v2\/product_cat?post=298870"},{"taxonomy":"product_tag","embeddable":true,"href":"https:\/\/www.claret.cat\/es\/wp-json\/wp\/v2\/product_tag?post=298870"}],"curies":[{"name":"wp","href":"https:\/\/api.w.org\/{rel}","templated":true}]}}