{"id":298899,"date":"2022-12-16T01:12:05","date_gmt":"2022-12-16T00:12:05","guid":{"rendered":"http:\/\/dev.claret.cat\/llibre\/dvd-jesus-el-hijo-de-dios-la-historia-de-la-salvacion-9787008418464\/"},"modified":"2023-01-28T09:00:52","modified_gmt":"2023-01-28T08:00:52","slug":"dvd-jesus-el-hijo-de-dios-la-historia-de-la-salvacion-9787008418464","status":"publish","type":"product","link":"https:\/\/www.claret.cat\/es\/libro\/dvd-jesus-el-hijo-de-dios-la-historia-de-la-salvacion-9787008418464\/","title":{"rendered":"DVD.- JES\u00daS, EL HIJO DE DIOS &#8211; LA HISTORIA DE LA SALVACI\u00d3N"},"content":{"rendered":"<p>Sin palabras. As\u00ed es como la gente se siente cuando se encuentra cara a cara con la impresionante sabidur\u00eda de Jes\u00fas de Nazaret. Desde los doctos rabinos del templo que se quedaban boquiabiertos con las palabras de Jes\u00fas a los doce a\u00f1os, hasta la absoluta derrota de Sat\u00e1n que tent\u00f3 sin \u00e9xito al Salvador incluso despu\u00e9s de que \u00c9l estuviera hambriento tras un ayuno de 40 d\u00edas. Este convincente y emocionante v\u00eddeo te transporta a trav\u00e9s de un singular viaje por los primeros a\u00f1os de vida de Jes\u00fas. Camina sobre los pasos de Jes\u00fas y te encontrar\u00e1s, tambi\u00e9n, sin palabras, mientras presencias estos extraordinarios episodios, tomados de la vida de Jes\u00fas, el Hijo de Dios.<\/p>\n","protected":false},"excerpt":{"rendered":"<p>MONTE TABOR FILMS<\/p>\n","protected":false},"featured_media":298900,"template":"","meta":{"_acf_changed":false,"om_disable_all_campaigns":false,"rs_blank_template":"","rs_page_bg_color":"","slide_template_v7":"","inline_featured_image":false,"_monsterinsights_skip_tracking":false,"_monsterinsights_sitenote_active":false,"_monsterinsights_sitenote_note":"","_monsterinsights_sitenote_category":0},"product_brand":[],"product_cat":[88,423],"product_tag":[],"class_list":{"0":"post-298899","1":"product","2":"type-product","3":"status-publish","4":"has-post-thumbnail","6":"product_cat-multimedia","7":"product_cat-multimedia-5_otras","9":"first","10":"instock","11":"taxable","12":"shipping-taxable","13":"purchasable","14":"product-type-simple"},"acf":{"autor":"MONTE TABOR FILMS","codart":"700841846","libros-coleccion":"","ediciones":"1","encuadernacion":"R\u00fastica","fecha_de_publicacion":"15\/12\/2007","novedad":"0","paginas":"1","subtitulo":"","orden":"999","portada":"0","idioma":"spa","editorial":[{"ID":148543,"post_author":"3","post_date":"2022-10-14 11:59:04","post_date_gmt":"2022-10-14 09:59:04","post_content":"","post_title":"MONTE TABOR FILMS.- BDM INTERNACIONAL","post_excerpt":"","post_status":"publish","comment_status":"closed","ping_status":"closed","post_password":"","post_name":"monte-tabor-films-bdm-internacional","to_ping":"","pinged":"","post_modified":"2022-10-14 11:59:04","post_modified_gmt":"2022-10-14 09:59:04","post_content_filtered":"","post_parent":0,"guid":"http:\/\/dev.claret.cat\/editorial\/monte-tabor-films-bdm-internacional\/","menu_order":0,"post_type":"editorial","post_mime_type":"","comment_count":"0","filter":"raw"}],"autores-libros":[{"ID":298803,"post_author":"3","post_date":"2022-12-16 01:08:04","post_date_gmt":"2022-12-16 00:08:04","post_content":"","post_title":"MONTE TABOR FILMS","post_excerpt":"","post_status":"publish","comment_status":"closed","ping_status":"closed","post_password":"","post_name":"monte-tabor-films","to_ping":"","pinged":"","post_modified":"2022-12-16 01:08:04","post_modified_gmt":"2022-12-16 00:08:04","post_content_filtered":"","post_parent":0,"guid":"http:\/\/dev.claret.cat\/autor\/monte-tabor-films\/","menu_order":0,"post_type":"autor","post_mime_type":"","comment_count":"0","filter":"raw"}]},"aioseo_notices":[],"_links":{"self":[{"href":"https:\/\/www.claret.cat\/es\/wp-json\/wp\/v2\/product\/298899","targetHints":{"allow":["GET"]}}],"collection":[{"href":"https:\/\/www.claret.cat\/es\/wp-json\/wp\/v2\/product"}],"about":[{"href":"https:\/\/www.claret.cat\/es\/wp-json\/wp\/v2\/types\/product"}],"wp:featuredmedia":[{"embeddable":true,"href":"https:\/\/www.claret.cat\/es\/wp-json\/wp\/v2\/media\/298900"}],"wp:attachment":[{"href":"https:\/\/www.claret.cat\/es\/wp-json\/wp\/v2\/media?parent=298899"}],"wp:term":[{"taxonomy":"product_brand","embeddable":true,"href":"https:\/\/www.claret.cat\/es\/wp-json\/wp\/v2\/product_brand?post=298899"},{"taxonomy":"product_cat","embeddable":true,"href":"https:\/\/www.claret.cat\/es\/wp-json\/wp\/v2\/product_cat?post=298899"},{"taxonomy":"product_tag","embeddable":true,"href":"https:\/\/www.claret.cat\/es\/wp-json\/wp\/v2\/product_tag?post=298899"}],"curies":[{"name":"wp","href":"https:\/\/api.w.org\/{rel}","templated":true}]}}