{"id":298906,"date":"2022-12-16T01:12:21","date_gmt":"2022-12-16T00:12:21","guid":{"rendered":"http:\/\/dev.claret.cat\/llibre\/dvdel-placer-de-agradecer-querubin-ii-7008418620\/"},"modified":"2023-01-28T18:07:37","modified_gmt":"2023-01-28T17:07:37","slug":"dvdel-placer-de-agradecer-querubin-ii-7008418620","status":"publish","type":"product","link":"https:\/\/www.claret.cat\/es\/libro\/dvdel-placer-de-agradecer-querubin-ii-7008418620\/","title":{"rendered":"DVD-EL PLACER DE AGRADECER (QUERUBIN II)"},"content":{"rendered":"<p>Fascinante episodio de la colecci\u00f3n Querub\u00edn que sus peque\u00f1os no se cansar\u00e1n de ver y con el que se familiarizar\u00e1n con ense\u00f1anzas de la Biblia y especialmente del Evangelio. Este programa les ense\u00f1a a los ni\u00f1os a ser agradecidos y apreciar lo que Dios les ha dado. Adi\u00f3s, tristeza. \u00a1Que brillen las sonrisas! Este entretenido programa nos hace sentir el gozo de alabar a Dios y ser agradecidos y nos ense\u00f1a a mirar con alegr\u00eda a\u00fan en los d\u00edas m\u00e1s grises. Primeros pasos en la Fe y educaci\u00f3n en valores:<br \/>\u2022 El leproso agradecido: pasaje ilustrado del Evangelio.<br \/>\u2022 Gracias por este d\u00eda de sol y El jard\u00edn: dos canciones con preciosas ense\u00f1anzas.<br \/>\u2022 Desde que sale el sol: vers\u00edculo musical.<br \/>\u2022 Problemas de la realeza: lecci\u00f3n objetiva.<br \/>\u2022 \u00a1Y mucha m\u00e1s diversi\u00f3n!<\/p>\n","protected":false},"excerpt":{"rendered":"<p>MONTETABOR<\/p>\n","protected":false},"featured_media":298907,"template":"","meta":{"_acf_changed":false,"om_disable_all_campaigns":false,"rs_blank_template":"","rs_page_bg_color":"","slide_template_v7":"","inline_featured_image":false,"_monsterinsights_skip_tracking":false,"_monsterinsights_sitenote_active":false,"_monsterinsights_sitenote_note":"","_monsterinsights_sitenote_category":0},"product_brand":[],"product_cat":[88,423],"product_tag":[],"class_list":{"0":"post-298906","1":"product","2":"type-product","3":"status-publish","4":"has-post-thumbnail","6":"product_cat-multimedia","7":"product_cat-multimedia-5_otras","9":"first","10":"instock","11":"taxable","12":"shipping-taxable","13":"purchasable","14":"product-type-simple"},"acf":{"autor":"MONTETABOR","codart":"700841862","libros-coleccion":"","ediciones":"1","encuadernacion":"Carpeta","fecha_de_publicacion":"15\/01\/2009","novedad":"0","paginas":"0","subtitulo":"EVANGELI\u00d3 PARA PEQUES 2-7 A\u00d1OS","orden":"999","portada":"0","idioma":"spa","editorial":[{"ID":148543,"post_author":"3","post_date":"2022-10-14 11:59:04","post_date_gmt":"2022-10-14 09:59:04","post_content":"","post_title":"MONTE TABOR FILMS.- BDM INTERNACIONAL","post_excerpt":"","post_status":"publish","comment_status":"closed","ping_status":"closed","post_password":"","post_name":"monte-tabor-films-bdm-internacional","to_ping":"","pinged":"","post_modified":"2022-10-14 11:59:04","post_modified_gmt":"2022-10-14 09:59:04","post_content_filtered":"","post_parent":0,"guid":"http:\/\/dev.claret.cat\/editorial\/monte-tabor-films-bdm-internacional\/","menu_order":0,"post_type":"editorial","post_mime_type":"","comment_count":"0","filter":"raw"}],"autores-libros":[{"ID":298902,"post_author":"3","post_date":"2022-12-16 01:12:12","post_date_gmt":"2022-12-16 00:12:12","post_content":"","post_title":"MONTETABOR","post_excerpt":"","post_status":"publish","comment_status":"closed","ping_status":"closed","post_password":"","post_name":"montetabor","to_ping":"","pinged":"","post_modified":"2022-12-16 01:12:12","post_modified_gmt":"2022-12-16 00:12:12","post_content_filtered":"","post_parent":0,"guid":"http:\/\/dev.claret.cat\/autor\/montetabor\/","menu_order":0,"post_type":"autor","post_mime_type":"","comment_count":"0","filter":"raw"}]},"aioseo_notices":[],"_links":{"self":[{"href":"https:\/\/www.claret.cat\/es\/wp-json\/wp\/v2\/product\/298906","targetHints":{"allow":["GET"]}}],"collection":[{"href":"https:\/\/www.claret.cat\/es\/wp-json\/wp\/v2\/product"}],"about":[{"href":"https:\/\/www.claret.cat\/es\/wp-json\/wp\/v2\/types\/product"}],"wp:featuredmedia":[{"embeddable":true,"href":"https:\/\/www.claret.cat\/es\/wp-json\/wp\/v2\/media\/298907"}],"wp:attachment":[{"href":"https:\/\/www.claret.cat\/es\/wp-json\/wp\/v2\/media?parent=298906"}],"wp:term":[{"taxonomy":"product_brand","embeddable":true,"href":"https:\/\/www.claret.cat\/es\/wp-json\/wp\/v2\/product_brand?post=298906"},{"taxonomy":"product_cat","embeddable":true,"href":"https:\/\/www.claret.cat\/es\/wp-json\/wp\/v2\/product_cat?post=298906"},{"taxonomy":"product_tag","embeddable":true,"href":"https:\/\/www.claret.cat\/es\/wp-json\/wp\/v2\/product_tag?post=298906"}],"curies":[{"name":"wp","href":"https:\/\/api.w.org\/{rel}","templated":true}]}}