{"id":298909,"date":"2022-12-16T01:12:28","date_gmt":"2022-12-16T00:12:28","guid":{"rendered":"http:\/\/dev.claret.cat\/llibre\/dvdel-canto-del-angel-querubin-iii-7008418639\/"},"modified":"2023-01-28T14:29:56","modified_gmt":"2023-01-28T13:29:56","slug":"dvdel-canto-del-angel-querubin-iii-7008418639","status":"publish","type":"product","link":"https:\/\/www.claret.cat\/es\/libro\/dvdel-canto-del-angel-querubin-iii-7008418639\/","title":{"rendered":"DVD-EL CANTO DEL ANGEL (QUERUB\u00cdN III)"},"content":{"rendered":"<p>En esta temporada del a\u00f1o en que todos prestan m\u00e1s atenci\u00f3n a las voces celestiales, cierto \u00e1ngel es escogido para personificar la esencia y la alegr\u00eda de la Navidad. Querub\u00edn y el Maestro de Coro son part\u00edcipes de la emoci\u00f3n, la ilusi\u00f3n y la felicidad que rodearon el nacimiento del ni\u00f1o Jes\u00fas, hech aparentemente intrascendente que durante siglos ha infundido esperanza a la humanidad. Una presentaci\u00f3n llena de cari\u00f1o que ayuda a los m\u00e1s peque\u00f1os a entender el verdadero significado de la Navidad.<\/p>\n","protected":false},"excerpt":{"rendered":"<p>MONTETABOR<\/p>\n","protected":false},"featured_media":298910,"template":"","meta":{"_acf_changed":false,"om_disable_all_campaigns":false,"rs_blank_template":"","rs_page_bg_color":"","slide_template_v7":"","inline_featured_image":false,"_monsterinsights_skip_tracking":false,"_monsterinsights_sitenote_active":false,"_monsterinsights_sitenote_note":"","_monsterinsights_sitenote_category":0},"product_brand":[],"product_cat":[88,423],"product_tag":[],"class_list":{"0":"post-298909","1":"product","2":"type-product","3":"status-publish","4":"has-post-thumbnail","6":"product_cat-multimedia","7":"product_cat-multimedia-5_otras","9":"first","10":"instock","11":"taxable","12":"shipping-taxable","13":"purchasable","14":"product-type-simple"},"acf":{"autor":"MONTETABOR","codart":"700841863","libros-coleccion":"","ediciones":"1","encuadernacion":"R\u00fastica","fecha_de_publicacion":"15\/01\/2009","novedad":"0","paginas":"0","subtitulo":"EVANGELI\u00d3 PARA PEQUES 2-7 A\u00d1OS","orden":"999","portada":"0","idioma":"spa","editorial":[{"ID":148543,"post_author":"3","post_date":"2022-10-14 11:59:04","post_date_gmt":"2022-10-14 09:59:04","post_content":"","post_title":"MONTE TABOR FILMS.- BDM INTERNACIONAL","post_excerpt":"","post_status":"publish","comment_status":"closed","ping_status":"closed","post_password":"","post_name":"monte-tabor-films-bdm-internacional","to_ping":"","pinged":"","post_modified":"2022-10-14 11:59:04","post_modified_gmt":"2022-10-14 09:59:04","post_content_filtered":"","post_parent":0,"guid":"http:\/\/dev.claret.cat\/editorial\/monte-tabor-films-bdm-internacional\/","menu_order":0,"post_type":"editorial","post_mime_type":"","comment_count":"0","filter":"raw"}],"autores-libros":[{"ID":298902,"post_author":"3","post_date":"2022-12-16 01:12:12","post_date_gmt":"2022-12-16 00:12:12","post_content":"","post_title":"MONTETABOR","post_excerpt":"","post_status":"publish","comment_status":"closed","ping_status":"closed","post_password":"","post_name":"montetabor","to_ping":"","pinged":"","post_modified":"2022-12-16 01:12:12","post_modified_gmt":"2022-12-16 00:12:12","post_content_filtered":"","post_parent":0,"guid":"http:\/\/dev.claret.cat\/autor\/montetabor\/","menu_order":0,"post_type":"autor","post_mime_type":"","comment_count":"0","filter":"raw"}]},"aioseo_notices":[],"_links":{"self":[{"href":"https:\/\/www.claret.cat\/es\/wp-json\/wp\/v2\/product\/298909","targetHints":{"allow":["GET"]}}],"collection":[{"href":"https:\/\/www.claret.cat\/es\/wp-json\/wp\/v2\/product"}],"about":[{"href":"https:\/\/www.claret.cat\/es\/wp-json\/wp\/v2\/types\/product"}],"wp:featuredmedia":[{"embeddable":true,"href":"https:\/\/www.claret.cat\/es\/wp-json\/wp\/v2\/media\/298910"}],"wp:attachment":[{"href":"https:\/\/www.claret.cat\/es\/wp-json\/wp\/v2\/media?parent=298909"}],"wp:term":[{"taxonomy":"product_brand","embeddable":true,"href":"https:\/\/www.claret.cat\/es\/wp-json\/wp\/v2\/product_brand?post=298909"},{"taxonomy":"product_cat","embeddable":true,"href":"https:\/\/www.claret.cat\/es\/wp-json\/wp\/v2\/product_cat?post=298909"},{"taxonomy":"product_tag","embeddable":true,"href":"https:\/\/www.claret.cat\/es\/wp-json\/wp\/v2\/product_tag?post=298909"}],"curies":[{"name":"wp","href":"https:\/\/api.w.org\/{rel}","templated":true}]}}