{"id":298916,"date":"2022-12-16T01:12:47","date_gmt":"2022-12-16T00:12:47","guid":{"rendered":"http:\/\/dev.claret.cat\/llibre\/dvdno-te-pierde-de-vista-querubin-vi-7008418663\/"},"modified":"2023-01-28T05:17:06","modified_gmt":"2023-01-28T04:17:06","slug":"dvdno-te-pierde-de-vista-querubin-vi-7008418663","status":"publish","type":"product","link":"https:\/\/www.claret.cat\/es\/libro\/dvdno-te-pierde-de-vista-querubin-vi-7008418663\/","title":{"rendered":"DVD-NO TE PIERDE DE VISTA (QUERUB\u00cdN  VI)"},"content":{"rendered":"<p>Fascinante episodio de la colecci\u00f3n Querub\u00edn que sus peque\u00f1os no se cansar\u00e1n de ver y con el que se familiarizar\u00e1n con principios de la Biblia y especialmente del Evangelio. A veces los ni\u00f1os se sienten muy poca cosa. Este video animado les hace ver que no cae a tierra un solo pajarillo sin que Dios lo sepa. \u00a1Hasta nuestros cabellos est\u00e1n todos contados! Querub\u00edn nos demuestra de forma bien entretenida que Dios realmente nos valora y siente por cada uno de nosotros un inter\u00e9s personal:<br \/>\u2022 Salmo 150: alabanzas al Rey de reyes.<br \/>\u2022 Para, escucha y habla: divertida canci\u00f3n con im\u00e1genes.<br \/>\u2022 La caja: comedia con moraleja.<br \/>\u2022 Camina sobre el agua: lecci\u00f3n sobre la fe.<br \/>\u2022 Pajarillo: canci\u00f3n con im\u00e1genes<\/p>\n","protected":false},"excerpt":{"rendered":"<p>MONTETABOR<\/p>\n","protected":false},"featured_media":298917,"template":"","meta":{"_acf_changed":false,"om_disable_all_campaigns":false,"rs_blank_template":"","rs_page_bg_color":"","slide_template_v7":"","inline_featured_image":false,"_monsterinsights_skip_tracking":false,"_monsterinsights_sitenote_active":false,"_monsterinsights_sitenote_note":"","_monsterinsights_sitenote_category":0},"product_brand":[],"product_cat":[88,423],"product_tag":[],"class_list":{"0":"post-298916","1":"product","2":"type-product","3":"status-publish","4":"has-post-thumbnail","6":"product_cat-multimedia","7":"product_cat-multimedia-5_otras","9":"first","10":"instock","11":"taxable","12":"shipping-taxable","13":"purchasable","14":"product-type-simple"},"acf":{"autor":"MONTETABOR","codart":"700841866","libros-coleccion":"","ediciones":"1","encuadernacion":"R\u00fastica","fecha_de_publicacion":"15\/01\/2009","novedad":"0","paginas":"1","subtitulo":"EL EVANGELIO PARA PEQUES 2-7 A\u00d1OS","orden":"999","portada":"0","idioma":"spa","editorial":[{"ID":148543,"post_author":"3","post_date":"2022-10-14 11:59:04","post_date_gmt":"2022-10-14 09:59:04","post_content":"","post_title":"MONTE TABOR FILMS.- BDM INTERNACIONAL","post_excerpt":"","post_status":"publish","comment_status":"closed","ping_status":"closed","post_password":"","post_name":"monte-tabor-films-bdm-internacional","to_ping":"","pinged":"","post_modified":"2022-10-14 11:59:04","post_modified_gmt":"2022-10-14 09:59:04","post_content_filtered":"","post_parent":0,"guid":"http:\/\/dev.claret.cat\/editorial\/monte-tabor-films-bdm-internacional\/","menu_order":0,"post_type":"editorial","post_mime_type":"","comment_count":"0","filter":"raw"}],"autores-libros":[{"ID":298902,"post_author":"3","post_date":"2022-12-16 01:12:12","post_date_gmt":"2022-12-16 00:12:12","post_content":"","post_title":"MONTETABOR","post_excerpt":"","post_status":"publish","comment_status":"closed","ping_status":"closed","post_password":"","post_name":"montetabor","to_ping":"","pinged":"","post_modified":"2022-12-16 01:12:12","post_modified_gmt":"2022-12-16 00:12:12","post_content_filtered":"","post_parent":0,"guid":"http:\/\/dev.claret.cat\/autor\/montetabor\/","menu_order":0,"post_type":"autor","post_mime_type":"","comment_count":"0","filter":"raw"}]},"aioseo_notices":[],"_links":{"self":[{"href":"https:\/\/www.claret.cat\/es\/wp-json\/wp\/v2\/product\/298916","targetHints":{"allow":["GET"]}}],"collection":[{"href":"https:\/\/www.claret.cat\/es\/wp-json\/wp\/v2\/product"}],"about":[{"href":"https:\/\/www.claret.cat\/es\/wp-json\/wp\/v2\/types\/product"}],"wp:featuredmedia":[{"embeddable":true,"href":"https:\/\/www.claret.cat\/es\/wp-json\/wp\/v2\/media\/298917"}],"wp:attachment":[{"href":"https:\/\/www.claret.cat\/es\/wp-json\/wp\/v2\/media?parent=298916"}],"wp:term":[{"taxonomy":"product_brand","embeddable":true,"href":"https:\/\/www.claret.cat\/es\/wp-json\/wp\/v2\/product_brand?post=298916"},{"taxonomy":"product_cat","embeddable":true,"href":"https:\/\/www.claret.cat\/es\/wp-json\/wp\/v2\/product_cat?post=298916"},{"taxonomy":"product_tag","embeddable":true,"href":"https:\/\/www.claret.cat\/es\/wp-json\/wp\/v2\/product_tag?post=298916"}],"curies":[{"name":"wp","href":"https:\/\/api.w.org\/{rel}","templated":true}]}}