{"id":299233,"date":"2022-12-16T01:25:46","date_gmt":"2022-12-16T00:25:46","guid":{"rendered":"http:\/\/dev.claret.cat\/llibre\/largo-petalo-de-mar-9788401022418\/"},"modified":"2023-01-28T14:13:28","modified_gmt":"2023-01-28T13:13:28","slug":"largo-petalo-de-mar-9788401022418","status":"publish","type":"product","link":"https:\/\/www.claret.cat\/es\/libro\/largo-petalo-de-mar-9788401022418\/","title":{"rendered":"LARGO P\u00c9TALO DE MAR"},"content":{"rendered":"<p>La fascinante nueva novela de Isabel Allende. En plena Guerra Civil espa\u00f1ola, el joven m\u00e9dico V\u00edctor Dalmau, junto a  su amiga pianista Roser Bruguera, se ven obligados a abandonar  Barcelona, exiliarse y cruzar los Pirineos rumbo a Francia. A bordo del Winnipeg, un nav\u00edo fletado por el poeta Pablo Neruda que llev\u00f3 a  m\u00e1s de dos mil espa\u00f1oles rumbo a Valpara\u00edso, embarcar\u00e1n en busca de la  paz y la libertad que no tuvieron en su pa\u00eds. Recibidos como h\u00e9roes en  Chile -ese \u00ablargo p\u00e9talo de mar y nieve\u00bb, en palabras del poeta  chileno-, se integrar\u00e1n en la vida social del pa\u00eds durante varias  d\u00e9cadas hasta el golpe de Estado que derroc\u00f3 al doctor Salvador Allende,  amigo de Victor por su com\u00fan afici\u00f3n al ajedrez. V\u00edctor y Roser se  encontrar\u00e1n nuevamente desarraigados, pero como dice la autora: \u00absi uno vive lo suficiente, todos los c\u00edrculos se cierran\u00bb. Un viaje a trav\u00e9s de la historia del siglo XX de la mano de unos  personajes inolvidables que descubrir\u00e1n que en una sola vida caben  muchas vidas y que, a veces, lo dif\u00edcil no es huir sino volver.<\/p>\n","protected":false},"excerpt":{"rendered":"<p>ALLENDE, ISABEL<\/p>\n","protected":false},"featured_media":299234,"template":"","meta":{"_acf_changed":false,"om_disable_all_campaigns":false,"rs_blank_template":"","rs_page_bg_color":"","slide_template_v7":"","inline_featured_image":false,"_monsterinsights_skip_tracking":false,"_monsterinsights_sitenote_active":false,"_monsterinsights_sitenote_note":"","_monsterinsights_sitenote_category":0},"product_brand":[],"product_cat":[87,353],"product_tag":[],"class_list":{"0":"post-299233","1":"product","2":"type-product","3":"status-publish","4":"has-post-thumbnail","6":"product_cat-literatura","7":"product_cat-literatura-2_humanidades","9":"first","10":"instock","11":"taxable","12":"shipping-taxable","13":"purchasable","14":"product-type-simple"},"acf":{"autor":"ALLENDE, ISABEL","codart":"840102241","libros-coleccion":"\u00c9XITOS","ediciones":"1","encuadernacion":"Carton\u00e9","fecha_de_publicacion":"21\/05\/2019","novedad":"1","paginas":"381","subtitulo":"","orden":"0","portada":"0","idioma":"spa","editorial":[{"ID":148683,"post_author":"3","post_date":"2022-10-14 12:00:10","post_date_gmt":"2022-10-14 10:00:10","post_content":"","post_title":"PLAZA & JANES","post_excerpt":"","post_status":"publish","comment_status":"closed","ping_status":"closed","post_password":"","post_name":"plaza-janes","to_ping":"","pinged":"","post_modified":"2022-10-14 12:00:10","post_modified_gmt":"2022-10-14 10:00:10","post_content_filtered":"","post_parent":0,"guid":"http:\/\/dev.claret.cat\/editorial\/plaza-janes\/","menu_order":0,"post_type":"editorial","post_mime_type":"","comment_count":"0","filter":"raw"}],"autores-libros":[{"ID":158046,"post_author":"3","post_date":"2022-10-14 15:33:43","post_date_gmt":"2022-10-14 13:33:43","post_content":"","post_title":"ISABEL ALLENDE","post_excerpt":"","post_status":"publish","comment_status":"closed","ping_status":"closed","post_password":"","post_name":"isabel-allende","to_ping":"","pinged":"","post_modified":"2022-10-14 15:33:43","post_modified_gmt":"2022-10-14 13:33:43","post_content_filtered":"","post_parent":0,"guid":"http:\/\/dev.claret.cat\/autor\/isabel-allende\/","menu_order":0,"post_type":"autor","post_mime_type":"","comment_count":"0","filter":"raw"}]},"aioseo_notices":[],"_links":{"self":[{"href":"https:\/\/www.claret.cat\/es\/wp-json\/wp\/v2\/product\/299233","targetHints":{"allow":["GET"]}}],"collection":[{"href":"https:\/\/www.claret.cat\/es\/wp-json\/wp\/v2\/product"}],"about":[{"href":"https:\/\/www.claret.cat\/es\/wp-json\/wp\/v2\/types\/product"}],"wp:featuredmedia":[{"embeddable":true,"href":"https:\/\/www.claret.cat\/es\/wp-json\/wp\/v2\/media\/299234"}],"wp:attachment":[{"href":"https:\/\/www.claret.cat\/es\/wp-json\/wp\/v2\/media?parent=299233"}],"wp:term":[{"taxonomy":"product_brand","embeddable":true,"href":"https:\/\/www.claret.cat\/es\/wp-json\/wp\/v2\/product_brand?post=299233"},{"taxonomy":"product_cat","embeddable":true,"href":"https:\/\/www.claret.cat\/es\/wp-json\/wp\/v2\/product_cat?post=299233"},{"taxonomy":"product_tag","embeddable":true,"href":"https:\/\/www.claret.cat\/es\/wp-json\/wp\/v2\/product_tag?post=299233"}],"curies":[{"name":"wp","href":"https:\/\/api.w.org\/{rel}","templated":true}]}}