{"id":299242,"date":"2022-12-16T01:26:08","date_gmt":"2022-12-16T00:26:08","guid":{"rendered":"http:\/\/dev.claret.cat\/llibre\/el-lenguaje-secreto-de-la-naturaleza-9788401022760\/"},"modified":"2023-01-28T14:27:04","modified_gmt":"2023-01-28T13:27:04","slug":"el-lenguaje-secreto-de-la-naturaleza-9788401022760","status":"publish","type":"product","link":"https:\/\/www.claret.cat\/es\/libro\/el-lenguaje-secreto-de-la-naturaleza-9788401022760\/","title":{"rendered":"EL LENGUAJE SECRETO DE LA NATURALEZA"},"content":{"rendered":"<p>Un canto de amor a los animales. Un viaje a lo m\u00e1s profundo de la naturaleza. Todos nos hemos admirado alguna vez ante la grandiosidad y la belleza de  la naturaleza. Este libro es un viaje que nos llevar\u00e1 por maravillosos  lugares alrededor del mundo para conocer de cerca a seres que, al igual  que nosotros, tienen familia, emociones, enfrentan desaf\u00edos, toman decisiones y crean alianzas. He dedicado toda mi vida y mi carrera de bi\u00f3logo al estudio y a la  protecci\u00f3n de los animales. Espero contagiarte mi admiraci\u00f3n por  la  naturaleza, mi amor por los \u00e1rboles y mi devoci\u00f3n hacia otros animales  que han marcado mi afortunada vida repleta de circunstancias excepcionales, grandes aventuras y encuentros fant\u00e1sticos con seres sorprendentes. Acomp\u00e1\u00f1ame y descubre mi forma de ver el mundo, un  lugar donde, sin importar que tengamos el aspecto de un helecho, el  car\u00e1cter de una mosca, la valent\u00eda de una hormiga o el coraz\u00f3n de una gaviota, todos somos iguales.<\/p>\n","protected":false},"excerpt":{"rendered":"<p>ARANDA, OSCAR S.<\/p>\n","protected":false},"featured_media":299243,"template":"","meta":{"_acf_changed":false,"om_disable_all_campaigns":false,"rs_blank_template":"","rs_page_bg_color":"","slide_template_v7":"","inline_featured_image":false,"_monsterinsights_skip_tracking":false,"_monsterinsights_sitenote_active":false,"_monsterinsights_sitenote_note":"","_monsterinsights_sitenote_category":0},"product_brand":[],"product_cat":[104,554],"product_tag":[],"class_list":{"0":"post-299242","1":"product","2":"type-product","3":"status-publish","4":"has-post-thumbnail","6":"product_cat-ciencia","7":"product_cat-ciencia-5_otras-spa","9":"first","10":"instock","11":"taxable","12":"shipping-taxable","13":"purchasable","14":"product-type-simple"},"acf":{"autor":"ARANDA, OSCAR S.","codart":"840102276","libros-coleccion":"\u00c9XITOS","ediciones":"1","encuadernacion":"Carton\u00e9","fecha_de_publicacion":"01\/06\/2019","novedad":"1","paginas":"302","subtitulo":"DESCUBRE LA INTELIGENCIA Y LAS EMOCIONES DE ANIMALES Y PLANTAS","orden":"0","portada":"0","idioma":"spa","editorial":[{"ID":6332,"post_author":"3","post_date":"2022-07-28 17:49:55","post_date_gmt":"2022-07-28 15:49:55","post_content":"","post_title":"PLAZA JANES, S.A.","post_excerpt":"","post_status":"publish","comment_status":"closed","ping_status":"closed","post_password":"","post_name":"plaza-janes-s-a","to_ping":"","pinged":"","post_modified":"2022-07-28 17:49:55","post_modified_gmt":"2022-07-28 15:49:55","post_content_filtered":"","post_parent":0,"guid":"http:\/\/dev.claret.cat\/editorial\/plaza-janes-s-a\/","menu_order":0,"post_type":"editorial","post_mime_type":"","comment_count":"0","filter":"raw"}],"autores-libros":[{"ID":166328,"post_author":"3","post_date":"2022-10-14 18:02:16","post_date_gmt":"2022-10-14 16:02:16","post_content":"","post_title":"OSCAR S. ARANDA","post_excerpt":"","post_status":"publish","comment_status":"closed","ping_status":"closed","post_password":"","post_name":"oscar-s-aranda","to_ping":"","pinged":"","post_modified":"2022-10-14 18:02:16","post_modified_gmt":"2022-10-14 16:02:16","post_content_filtered":"","post_parent":0,"guid":"http:\/\/dev.claret.cat\/autor\/oscar-s-aranda\/","menu_order":0,"post_type":"autor","post_mime_type":"","comment_count":"0","filter":"raw"}]},"aioseo_notices":[],"_links":{"self":[{"href":"https:\/\/www.claret.cat\/es\/wp-json\/wp\/v2\/product\/299242","targetHints":{"allow":["GET"]}}],"collection":[{"href":"https:\/\/www.claret.cat\/es\/wp-json\/wp\/v2\/product"}],"about":[{"href":"https:\/\/www.claret.cat\/es\/wp-json\/wp\/v2\/types\/product"}],"wp:featuredmedia":[{"embeddable":true,"href":"https:\/\/www.claret.cat\/es\/wp-json\/wp\/v2\/media\/299243"}],"wp:attachment":[{"href":"https:\/\/www.claret.cat\/es\/wp-json\/wp\/v2\/media?parent=299242"}],"wp:term":[{"taxonomy":"product_brand","embeddable":true,"href":"https:\/\/www.claret.cat\/es\/wp-json\/wp\/v2\/product_brand?post=299242"},{"taxonomy":"product_cat","embeddable":true,"href":"https:\/\/www.claret.cat\/es\/wp-json\/wp\/v2\/product_cat?post=299242"},{"taxonomy":"product_tag","embeddable":true,"href":"https:\/\/www.claret.cat\/es\/wp-json\/wp\/v2\/product_tag?post=299242"}],"curies":[{"name":"wp","href":"https:\/\/api.w.org\/{rel}","templated":true}]}}