{"id":299262,"date":"2022-12-16T01:26:57","date_gmt":"2022-12-16T00:26:57","guid":{"rendered":"http:\/\/dev.claret.cat\/llibre\/paula-9788401352959\/"},"modified":"2025-01-30T19:11:37","modified_gmt":"2025-01-30T18:11:37","slug":"paula-9788401352959","status":"publish","type":"product","link":"https:\/\/www.claret.cat\/es\/libro\/paula-9788401352959\/","title":{"rendered":"PAULA"},"content":{"rendered":"<p>Un autorretrato de ins\u00f3lita emotividad al tiempo que exquisita recreaci\u00f3n de la sensibilidad de las mujeres de nuestra \u00e9poca. \u00abAqu\u00ed est\u00e1 todo lo que debe tener un libro: o\u00eddo, perspectiva, cabeza, coraz\u00f3n y una humanidad sin l\u00edmites.\u00bb The New York Times.<br \/>Cualquier libro de Isabel Allende es un acontecimiento. Paula lo es especialmente porque se trata del m\u00e1s conmovedor, m\u00e1s personal y m\u00e1s \u00edntimo de todos los que ha publicado hasta la fecha. Cuando la gran autora chilena se encontraba en Espa\u00f1a con ocasi\u00f3n de la presentaci\u00f3n de El plan infinito, su hija entr\u00f3 en estado de coma. Junto al lecho de Paula, mientras segu\u00eda con angustia la evoluci\u00f3n de su enfermedad, Isabel Allende comenz\u00f3 a redactar en un cuaderno una historia de su familia y de s\u00ed misma con el prop\u00f3sito de regal\u00e1rsela a su hija una vez superara el dram\u00e1tico trance. Sin embargo, \u00e9ste se prolong\u00f3 durante meses y los apuntes de la autora acabaron convirti\u00e9ndose en este libro apasionante y revelador. Isabel Allende ejerce aqu\u00ed su prodigioso talento narrativo para recuperar y asumir sus propias vivencias como mujer y como escritora, as\u00ed como las de su familia y las de la historia reciente de su pa\u00eds. Autorretrato de ins\u00f3lita emotividad al tiempo que exquisita recreaci\u00f3n de la sensibilidad de las mujeres de nuestra \u00e9poca, Paula perdura en el \u00e1nimo del lector con la intensidad de una experiencia indeleble.<\/p>\n","protected":false},"excerpt":{"rendered":"<p>ALLENDE, ISABEL<\/p>\n","protected":false},"featured_media":299263,"template":"","meta":{"_acf_changed":false,"om_disable_all_campaigns":false,"rs_blank_template":"","rs_page_bg_color":"","slide_template_v7":"","inline_featured_image":false,"_monsterinsights_skip_tracking":false,"_monsterinsights_sitenote_active":false,"_monsterinsights_sitenote_note":"","_monsterinsights_sitenote_category":0},"product_brand":[],"product_cat":[87,353],"product_tag":[],"class_list":{"0":"post-299262","1":"product","2":"type-product","3":"status-publish","4":"has-post-thumbnail","6":"product_cat-literatura","7":"product_cat-literatura-2_humanidades","9":"first","10":"instock","11":"taxable","12":"shipping-taxable","13":"purchasable","14":"product-type-simple"},"acf":{"autor":"ALLENDE, ISABEL","codart":"840135295","libros-coleccion":"\u00c9XITOS","ediciones":"1","encuadernacion":"Carton\u00e9","fecha_de_publicacion":"01\/03\/2012","novedad":"0","paginas":"448","subtitulo":"","orden":"0","portada":"0","idioma":"spa","editorial":[{"ID":6110,"post_author":"3","post_date":"2022-07-28 17:43:46","post_date_gmt":"2022-07-28 15:43:46","post_content":"","post_title":"(516).GRATA","post_excerpt":"","post_status":"publish","comment_status":"closed","ping_status":"closed","post_password":"","post_name":"516-grata","to_ping":"","pinged":"","post_modified":"2022-07-28 17:43:46","post_modified_gmt":"2022-07-28 15:43:46","post_content_filtered":"","post_parent":0,"guid":"http:\/\/dev.claret.cat\/editorial\/516-grata\/","menu_order":0,"post_type":"editorial","post_mime_type":"","comment_count":"0","filter":"raw"}],"autores-libros":[{"ID":158046,"post_author":"3","post_date":"2022-10-14 15:33:43","post_date_gmt":"2022-10-14 13:33:43","post_content":"","post_title":"ISABEL ALLENDE","post_excerpt":"","post_status":"publish","comment_status":"closed","ping_status":"closed","post_password":"","post_name":"isabel-allende","to_ping":"","pinged":"","post_modified":"2022-10-14 15:33:43","post_modified_gmt":"2022-10-14 13:33:43","post_content_filtered":"","post_parent":0,"guid":"http:\/\/dev.claret.cat\/autor\/isabel-allende\/","menu_order":0,"post_type":"autor","post_mime_type":"","comment_count":"0","filter":"raw"}]},"aioseo_notices":[],"_links":{"self":[{"href":"https:\/\/www.claret.cat\/es\/wp-json\/wp\/v2\/product\/299262","targetHints":{"allow":["GET"]}}],"collection":[{"href":"https:\/\/www.claret.cat\/es\/wp-json\/wp\/v2\/product"}],"about":[{"href":"https:\/\/www.claret.cat\/es\/wp-json\/wp\/v2\/types\/product"}],"wp:featuredmedia":[{"embeddable":true,"href":"https:\/\/www.claret.cat\/es\/wp-json\/wp\/v2\/media\/299263"}],"wp:attachment":[{"href":"https:\/\/www.claret.cat\/es\/wp-json\/wp\/v2\/media?parent=299262"}],"wp:term":[{"taxonomy":"product_brand","embeddable":true,"href":"https:\/\/www.claret.cat\/es\/wp-json\/wp\/v2\/product_brand?post=299262"},{"taxonomy":"product_cat","embeddable":true,"href":"https:\/\/www.claret.cat\/es\/wp-json\/wp\/v2\/product_cat?post=299262"},{"taxonomy":"product_tag","embeddable":true,"href":"https:\/\/www.claret.cat\/es\/wp-json\/wp\/v2\/product_tag?post=299262"}],"curies":[{"name":"wp","href":"https:\/\/api.w.org\/{rel}","templated":true}]}}