{"id":299273,"date":"2022-12-16T01:27:24","date_gmt":"2022-12-16T00:27:24","guid":{"rendered":"http:\/\/dev.claret.cat\/llibre\/la-ma-de-fatima-9788401387\/"},"modified":"2023-12-13T14:13:56","modified_gmt":"2023-12-13T13:13:56","slug":"la-ma-de-fatima-9788401387425","status":"publish","type":"product","link":"https:\/\/www.claret.cat\/es\/libro\/la-ma-de-fatima-9788401387425\/","title":{"rendered":"LA M\u00c0 DE F\u00c0TIMA"},"content":{"rendered":"<p>En la opulenta C\u00f3rdoba de la segunda mitad del siglo XVI, un joven morisco, desgarrado entre dos culturas y dos amores, inicia una ardiente lucha por la tolerancia religiosa y los derechos de su pueblo.En 1568, en los valles y montes de las Alpujarras, ha estallado el grito de la rebeli\u00f3n: hartos de injusticias, expolio y humillaciones, los moriscos se enfrentan a los cristianos e inician una desigual pugna que s\u00f3lo pod\u00eda terminar con su derrota y dispersi\u00f3n por todo el reino de Castilla. Entre los sublevados se encuentra el joven Hernando. Hijo de una morisca y el sacerdote que la viol\u00f3, es rechazado por los suyos, debido a su origen, y por los cristianos, por la cultura y costumbres de su familia. Durante la insurrecci\u00f3n conoce la brutalidad y crueldad de unos y otros, pero tambi\u00e9n encuentra el amor en la figura de la valerosa F\u00e1tima, la de los grandes ojos negros. A partir de la derrota, forzado a vivir en C\u00f3rdoba y en medio de las dificultades de la existencia cotidiana, todas sus fuerzas se concentrar\u00e1n en lograr que su cultura y religi\u00f3n, las de los vencidos, recuperen la dignidad y el papel que merecen. Para ello deber\u00e1 correr riesgos y atreverse con audaces y muy peligrosas iniciativas.Los lectores de La catedral del mar encontrar\u00e1n en esta segunda novela de su autor las mismas claves que llevaron al \u00e9xito a la primera: la fidelidad hist\u00f3rica, que se entrevera con un apasionado relato de amor y odio, de ilusiones perdidas y esperanzas que dan sentido a la vida y la lanzan por los caminos de la aventura. De ese modo, su autor construye una trepidante novela que pretende reflejar la tragedia del pueblo morisco, ahora que se cumple el cuarto centenario de su expulsi\u00f3n de Espa\u00f1a, y que tambi\u00e9n relata una vida singular, la de un hombre fronterizo y enamorado que nunca se resign\u00f3 a la derrota y luch\u00f3 por la convivencia.<\/p>\n","protected":false},"excerpt":{"rendered":"<p>FALCONES, ILDEFONSO<\/p>\n","protected":false},"featured_media":299274,"template":"","meta":{"_acf_changed":false,"om_disable_all_campaigns":false,"rs_blank_template":"","rs_page_bg_color":"","slide_template_v7":"","inline_featured_image":false,"_monsterinsights_skip_tracking":false,"_monsterinsights_sitenote_active":false,"_monsterinsights_sitenote_note":"","_monsterinsights_sitenote_category":0},"product_brand":[],"product_cat":[90,540],"product_tag":[],"class_list":{"0":"post-299273","1":"product","2":"type-product","3":"status-publish","4":"has-post-thumbnail","6":"product_cat-altres","7":"product_cat-otros","9":"first","10":"instock","11":"taxable","12":"shipping-taxable","13":"purchasable","14":"product-type-simple"},"acf":{"autor":"FALCONES, ILDEFONSO","codart":"840138742","libros-coleccion":"","ediciones":"1","encuadernacion":"Carpeta","fecha_de_publicacion":"25\/09\/2009","novedad":"0","paginas":"922","subtitulo":"","orden":"999","portada":"0","idioma":"cat","editorial":[{"ID":6350,"post_author":"3","post_date":"2022-07-28 17:50:18","post_date_gmt":"2022-07-28 15:50:18","post_content":"","post_title":"ROSA DELS VENTS","post_excerpt":"","post_status":"publish","comment_status":"closed","ping_status":"closed","post_password":"","post_name":"rosa-dels-vents","to_ping":"","pinged":"","post_modified":"2022-07-28 17:50:18","post_modified_gmt":"2022-07-28 15:50:18","post_content_filtered":"","post_parent":0,"guid":"http:\/\/dev.claret.cat\/editorial\/rosa-dels-vents\/","menu_order":0,"post_type":"editorial","post_mime_type":"","comment_count":"0","filter":"raw"}],"autores-libros":[{"ID":157840,"post_author":"3","post_date":"2022-10-14 15:32:03","post_date_gmt":"2022-10-14 13:32:03","post_content":"","post_title":"ILDEFONSO FALCONES","post_excerpt":"","post_status":"publish","comment_status":"closed","ping_status":"closed","post_password":"","post_name":"ildefonso-falcones","to_ping":"","pinged":"","post_modified":"2022-10-14 15:32:03","post_modified_gmt":"2022-10-14 13:32:03","post_content_filtered":"","post_parent":0,"guid":"http:\/\/dev.claret.cat\/autor\/ildefonso-falcones\/","menu_order":0,"post_type":"autor","post_mime_type":"","comment_count":"0","filter":"raw"}]},"aioseo_notices":[],"_links":{"self":[{"href":"https:\/\/www.claret.cat\/es\/wp-json\/wp\/v2\/product\/299273","targetHints":{"allow":["GET"]}}],"collection":[{"href":"https:\/\/www.claret.cat\/es\/wp-json\/wp\/v2\/product"}],"about":[{"href":"https:\/\/www.claret.cat\/es\/wp-json\/wp\/v2\/types\/product"}],"wp:featuredmedia":[{"embeddable":true,"href":"https:\/\/www.claret.cat\/es\/wp-json\/wp\/v2\/media\/299274"}],"wp:attachment":[{"href":"https:\/\/www.claret.cat\/es\/wp-json\/wp\/v2\/media?parent=299273"}],"wp:term":[{"taxonomy":"product_brand","embeddable":true,"href":"https:\/\/www.claret.cat\/es\/wp-json\/wp\/v2\/product_brand?post=299273"},{"taxonomy":"product_cat","embeddable":true,"href":"https:\/\/www.claret.cat\/es\/wp-json\/wp\/v2\/product_cat?post=299273"},{"taxonomy":"product_tag","embeddable":true,"href":"https:\/\/www.claret.cat\/es\/wp-json\/wp\/v2\/product_tag?post=299273"}],"curies":[{"name":"wp","href":"https:\/\/api.w.org\/{rel}","templated":true}]}}