{"id":299308,"date":"2022-12-16T01:28:53","date_gmt":"2022-12-16T00:28:53","guid":{"rendered":"http:\/\/dev.claret.cat\/llibre\/superlopez-el-secreto-de-la-biblioteca-magos-del-humor-199-9788402422606\/"},"modified":"2023-01-28T16:23:32","modified_gmt":"2023-01-28T15:23:32","slug":"superlopez-el-secreto-de-la-biblioteca-magos-del-humor-199-9788402422606","status":"publish","type":"product","link":"https:\/\/www.claret.cat\/es\/libro\/superlopez-el-secreto-de-la-biblioteca-magos-del-humor-199-9788402422606\/","title":{"rendered":"SUPERL\u00d3PEZ. EL SECRETO DE LA BIBLIOTECA (MAGOS DEL HUMOR 199)"},"content":{"rendered":"<p>N\u00famero 199 de la colecci\u00f3n \u00abMagos del Humor\u00bb. Superl\u00f3pez se adentra en el m\u00e1gico mundo de las bibliotecas&#8230; S\u00faperlopez se encuentra en la biblioteca con un ni\u00f1o, junto al que  vivir\u00e1 una gran aventura. Un libro les dar\u00e1 la clave para adentrarse en  un mundo extraordinario al pisar la baldosa 457 de la biblioteca. Al  bajar por unas escaleras descubrir\u00e1n un mundo extraordinario que les  llevar\u00e1 a un barco pirata, en donde conocer\u00e1n al capit\u00e1n Barbatinta y a  toda la tripulaci\u00f3n. Al pisar fortuitamente una tabla del barco volver\u00e1n al mundo real. La aventura termina con una preciosa frase de Superl\u00f3pez: \u00abLos libros son m\u00e1gicos&#8230;, por eso las bibliotecas tambi\u00e9n.\u00bb Sobre la colecci\u00f3n:<br \/>La colecci\u00f3n \u00abMagos del Humor\u00bb naci\u00f3 en la editorial Bruguera en el a\u00f1o 1984 recuperando t\u00edtulos que ya hab\u00edan sido publicados en  su antecesora \u00abAses del Humor\u00bb (1969). Debido al cierre de Bruguera en  1986, en esta etapa solo llegaron a ver la luz los  primeros 12 vol\u00famenes de la serie, pero en 1987 Ediciones B retom\u00f3 la  publicaci\u00f3n de la colecci\u00f3n desde su primer n\u00famero hasta la actualidad. \u00abMagos del Humor\u00bb, con su formato coleccionista en tapa dura de 210 x  290 mm, es la colecci\u00f3n en la que aparecen por primera vez las aventuras in\u00e9ditas de Mortadelo y Filem\u00f3n y de Superl\u00f3pez, aunque tambi\u00e9n puede encontrarse material de grandes personajes de Bruguera como Zipi y Zape de Escobar, 13, Rue del Percebe, Pepe  Gotera y Otilio, El botones Sacarino, La familia Trapisonda yRompetechos de Ib\u00e1\u00f1ez, Los cuentos de t\u00edo V\u00e1zquez o La familia Cebolleta de Manuel V\u00e1zquez, entre otros.<\/p>\n","protected":false},"excerpt":{"rendered":"<p>JAN,<\/p>\n","protected":false},"featured_media":299309,"template":"","meta":{"_acf_changed":false,"om_disable_all_campaigns":false,"rs_blank_template":"","rs_page_bg_color":"","slide_template_v7":"","inline_featured_image":false,"_monsterinsights_skip_tracking":false,"_monsterinsights_sitenote_active":false,"_monsterinsights_sitenote_note":"","_monsterinsights_sitenote_category":0},"product_brand":[],"product_cat":[108,558],"product_tag":[],"class_list":{"0":"post-299308","1":"product","2":"type-product","3":"status-publish","4":"has-post-thumbnail","6":"product_cat-comic","7":"product_cat-comic-3_infantil-juvenil-spa-spa","9":"first","10":"instock","11":"taxable","12":"shipping-taxable","13":"purchasable","14":"product-type-simple"},"acf":{"autor":"JAN,","codart":"840242260","libros-coleccion":"MAGOS DEL HUMOR","ediciones":"1","encuadernacion":"Carton\u00e9","fecha_de_publicacion":"01\/06\/2019","novedad":"1","paginas":"46","subtitulo":"","orden":"0","portada":"0","idioma":"spa","editorial":[{"ID":147571,"post_author":"3","post_date":"2022-10-14 11:51:35","post_date_gmt":"2022-10-14 09:51:35","post_content":"","post_title":"Bruguera (Ediciones B)","post_excerpt":"","post_status":"publish","comment_status":"closed","ping_status":"closed","post_password":"","post_name":"bruguera-ediciones-b","to_ping":"","pinged":"","post_modified":"2022-10-14 11:51:35","post_modified_gmt":"2022-10-14 09:51:35","post_content_filtered":"","post_parent":0,"guid":"http:\/\/dev.claret.cat\/editorial\/bruguera-ediciones-b\/","menu_order":0,"post_type":"editorial","post_mime_type":"","comment_count":"0","filter":"raw"}],"autores-libros":[{"ID":158452,"post_author":"3","post_date":"2022-10-14 15:36:58","post_date_gmt":"2022-10-14 13:36:58","post_content":"","post_title":"JAN","post_excerpt":"","post_status":"publish","comment_status":"closed","ping_status":"closed","post_password":"","post_name":"jan","to_ping":"","pinged":"","post_modified":"2022-10-14 15:36:58","post_modified_gmt":"2022-10-14 13:36:58","post_content_filtered":"","post_parent":0,"guid":"http:\/\/dev.claret.cat\/autor\/jan\/","menu_order":0,"post_type":"autor","post_mime_type":"","comment_count":"0","filter":"raw"}]},"aioseo_notices":[],"_links":{"self":[{"href":"https:\/\/www.claret.cat\/es\/wp-json\/wp\/v2\/product\/299308","targetHints":{"allow":["GET"]}}],"collection":[{"href":"https:\/\/www.claret.cat\/es\/wp-json\/wp\/v2\/product"}],"about":[{"href":"https:\/\/www.claret.cat\/es\/wp-json\/wp\/v2\/types\/product"}],"wp:featuredmedia":[{"embeddable":true,"href":"https:\/\/www.claret.cat\/es\/wp-json\/wp\/v2\/media\/299309"}],"wp:attachment":[{"href":"https:\/\/www.claret.cat\/es\/wp-json\/wp\/v2\/media?parent=299308"}],"wp:term":[{"taxonomy":"product_brand","embeddable":true,"href":"https:\/\/www.claret.cat\/es\/wp-json\/wp\/v2\/product_brand?post=299308"},{"taxonomy":"product_cat","embeddable":true,"href":"https:\/\/www.claret.cat\/es\/wp-json\/wp\/v2\/product_cat?post=299308"},{"taxonomy":"product_tag","embeddable":true,"href":"https:\/\/www.claret.cat\/es\/wp-json\/wp\/v2\/product_tag?post=299308"}],"curies":[{"name":"wp","href":"https:\/\/api.w.org\/{rel}","templated":true}]}}