{"id":299367,"date":"2022-12-16T01:31:17","date_gmt":"2022-12-16T00:31:17","guid":{"rendered":"http:\/\/dev.claret.cat\/llibre\/el-leonla-bruja-y-el-armario-las-cronicas-de-narnia-2-840805703\/"},"modified":"2024-05-31T18:01:14","modified_gmt":"2024-05-31T16:01:14","slug":"el-leonla-bruja-y-el-armario-las-cronicas-de-narnia-2-9788408057031","status":"publish","type":"product","link":"https:\/\/www.claret.cat\/es\/libro\/el-leonla-bruja-y-el-armario-las-cronicas-de-narnia-2-9788408057031\/","title":{"rendered":"EL LE\u00d3N,LA BRUJA Y EL ARMARIO ( LAS CR\u00d3NICAS DE NARNIA 2)"},"content":{"rendered":"<p>Hace m\u00e1s de 50 a\u00f1os C.S. Lewis cre\u00f3 una tierra de maravillas, fantas\u00edas y embrujos llamada, Narnia. Desde entonces m\u00e1s de 60 millones de lectores han descubierto este fant\u00e1stico mundo.<br \/>Durante la Segunda Guerra Mundial, cuatro ni\u00f1os son enviados fuera de Londres, a la inmensa casa de un viejo profesor. En ese lugar, en una habitaci\u00f3n, hay un antiguo armario. En su interior cuelgan numerosos abrigos&#8230; al fondo est\u00e1 Narnia. En este mundo se internan los cuatro ni\u00f1os y viven sorprendentes aventuras.<br \/>Narnia&#8230;un mundo congelado&#8230; un pa\u00eds que aguarda su liberaci\u00f3n.<br \/>Cuatro ni\u00f1os que viven en una casa solitaria descubren un armario que les sirve de puerta de acceso a Narnia, un pa\u00eds congelado en un invierno eterno y sin Navidad. Cumpliendo con las viejas profec\u00edas, los ni\u00f1os -junto con el le\u00f3n Aslan- ser\u00e1n los encargados de liberar al pa\u00eds de la tiran\u00eda de la Burja Blanca y recuperar el verano, la luz y la alegr\u00eda para todos los habitantes de Narnia.<\/p>\n","protected":false},"excerpt":{"rendered":"<p>LEWIS, C.S.<\/p>\n","protected":false},"featured_media":968445,"template":"","meta":{"_acf_changed":false,"om_disable_all_campaigns":false,"rs_blank_template":"","rs_page_bg_color":"","slide_template_v7":"","inline_featured_image":false,"_monsterinsights_skip_tracking":false,"_monsterinsights_sitenote_active":false,"_monsterinsights_sitenote_note":"","_monsterinsights_sitenote_category":0},"product_brand":[],"product_cat":[90,540],"product_tag":[],"class_list":{"0":"post-299367","1":"product","2":"type-product","3":"status-publish","4":"has-post-thumbnail","6":"product_cat-altres","7":"product_cat-otros","9":"first","10":"outofstock","11":"taxable","12":"shipping-taxable","13":"purchasable","14":"product-type-simple"},"acf":{"autor":"LEWIS, C.S.","codart":"840805703","libros-coleccion":"","ediciones":"1","encuadernacion":"Carton\u00e9","fecha_de_publicacion":"01\/03\/2005","novedad":"0","paginas":"233","subtitulo":"","orden":"999","portada":"0","idioma":"spa","editorial":[{"ID":6182,"post_author":"3","post_date":"2022-07-28 17:46:40","post_date_gmt":"2022-07-28 15:46:40","post_content":"","post_title":"DESTINO, S.L.","post_excerpt":"","post_status":"publish","comment_status":"closed","ping_status":"closed","post_password":"","post_name":"destino-s-l","to_ping":"","pinged":"","post_modified":"2022-07-28 17:46:40","post_modified_gmt":"2022-07-28 15:46:40","post_content_filtered":"","post_parent":0,"guid":"http:\/\/dev.claret.cat\/editorial\/destino-s-l\/","menu_order":0,"post_type":"editorial","post_mime_type":"","comment_count":"0","filter":"raw"}],"autores-libros":[{"ID":151994,"post_author":"3","post_date":"2022-10-14 14:45:16","post_date_gmt":"2022-10-14 12:45:16","post_content":"","post_title":"C.S. LEWIS","post_excerpt":"","post_status":"publish","comment_status":"closed","ping_status":"closed","post_password":"","post_name":"c-s-lewis-2","to_ping":"","pinged":"","post_modified":"2022-10-14 14:45:16","post_modified_gmt":"2022-10-14 12:45:16","post_content_filtered":"","post_parent":0,"guid":"http:\/\/dev.claret.cat\/autor\/c-s-lewis-2\/","menu_order":0,"post_type":"autor","post_mime_type":"","comment_count":"0","filter":"raw"}]},"aioseo_notices":[],"_links":{"self":[{"href":"https:\/\/www.claret.cat\/es\/wp-json\/wp\/v2\/product\/299367","targetHints":{"allow":["GET"]}}],"collection":[{"href":"https:\/\/www.claret.cat\/es\/wp-json\/wp\/v2\/product"}],"about":[{"href":"https:\/\/www.claret.cat\/es\/wp-json\/wp\/v2\/types\/product"}],"wp:featuredmedia":[{"embeddable":true,"href":"https:\/\/www.claret.cat\/es\/wp-json\/wp\/v2\/media\/968445"}],"wp:attachment":[{"href":"https:\/\/www.claret.cat\/es\/wp-json\/wp\/v2\/media?parent=299367"}],"wp:term":[{"taxonomy":"product_brand","embeddable":true,"href":"https:\/\/www.claret.cat\/es\/wp-json\/wp\/v2\/product_brand?post=299367"},{"taxonomy":"product_cat","embeddable":true,"href":"https:\/\/www.claret.cat\/es\/wp-json\/wp\/v2\/product_cat?post=299367"},{"taxonomy":"product_tag","embeddable":true,"href":"https:\/\/www.claret.cat\/es\/wp-json\/wp\/v2\/product_tag?post=299367"}],"curies":[{"name":"wp","href":"https:\/\/api.w.org\/{rel}","templated":true}]}}