{"id":299407,"date":"2022-12-16T01:33:06","date_gmt":"2022-12-16T00:33:06","guid":{"rendered":"http:\/\/dev.claret.cat\/llibre\/atenas-de-cerca-2-9788408064206\/"},"modified":"2023-01-28T10:17:43","modified_gmt":"2023-01-28T09:17:43","slug":"atenas-de-cerca-2-9788408064206","status":"publish","type":"product","link":"https:\/\/www.claret.cat\/es\/libro\/atenas-de-cerca-2-9788408064206\/","title":{"rendered":"ATENAS DE CERCA 2"},"content":{"rendered":"<p>Desde la emblem\u00e1tica Acr\u00f3polis, que se eleva majestuosa sobre la ciudad, hasta las galer\u00edas de arte moderno, las plazas encantadoras y los bares animados&#8230;Incluye:_Mapas de cada barrio_Itinerarios \u00fanicos y resumen de lo m\u00e1s destacado para sacarle todo el jugo a una corta visita_Expertos locales desvelan los secretos de la ciudadLas nuevas gu\u00edas De cerca, que mantienen el compromiso de Lonely Planet (investigar sin descanso al pie de calle para ser las mejores gu\u00edas de viaje del mundo) se renuevan y buscan mejorarse.\u00a0Algunas de las novedades que encontrar\u00e9is en las nuevas gu\u00edas de esta colecci\u00f3n son:\u00a0\u00d8 Gu\u00eda r\u00e1pida, una secci\u00f3n para que los viajeros comiencen a descubrir lo mejor de su destino desde la primera p\u00e1gina\u00a0\u00d8 Una nueva estructura que permite usar la gu\u00eda de una forma m\u00e1s f\u00e1cil e intuitiva; hay m\u00e1s color y un dise\u00f1o muy din\u00e1mico para que la gu\u00eda se convierta en nuestras alas imprescindibles\u00a0\u00d8 Un cap\u00edtulo que recoge las mejores experiencias, comidas, visitas, compras, etc. que la ciudad puede ofrecer, es decir, nuestro listado imprescindible para no perderse absolutamente nada\u00a0\u00d8 Toda la informaci\u00f3n necesaria para disfrutar de la ciudad como un local, para ser original, para conocer la ciudad como si fu\u00e9ramos de all\u00ed mismo\u00a0\u00d8 Gu\u00eda de supervivencia para salir de casa con todo lo que hay que saber y no perder el tiempo buscando datos b\u00e1sicos como el transporte o los descuentos\u00a0\u00d8 Y, por supuesto, la cartograf\u00eda muy cerca de la mano: un util\u00edsimo mapa desplegable y mapas de cada uno de los barrios\u00a0\u00d8 Tambi\u00e9n rutas a pie y planes para cada d\u00eda que un experimentado e independiente autor ha preparado para los lectores<\/p>\n","protected":false},"excerpt":{"rendered":"<p>AVERBUCK, ALEXIS<\/p>\n","protected":false},"featured_media":299408,"template":"","meta":{"_acf_changed":false,"om_disable_all_campaigns":false,"rs_blank_template":"","rs_page_bg_color":"","slide_template_v7":"","inline_featured_image":false,"_monsterinsights_skip_tracking":false,"_monsterinsights_sitenote_active":false,"_monsterinsights_sitenote_note":"","_monsterinsights_sitenote_category":0},"product_brand":[],"product_cat":[557,107],"product_tag":[],"class_list":{"0":"post-299407","1":"product","2":"type-product","3":"status-publish","4":"has-post-thumbnail","6":"product_cat-guias-de-viaje","7":"product_cat-guies-de-viatge","9":"first","10":"instock","11":"taxable","12":"shipping-taxable","13":"purchasable","14":"product-type-simple"},"acf":{"autor":"AVERBUCK, ALEXIS","codart":"840806420","libros-coleccion":"","ediciones":"1","encuadernacion":"R\u00fastica","fecha_de_publicacion":"01\/05\/2013","novedad":"0","paginas":"176","subtitulo":"EDICION 2013","orden":"999","portada":"0","idioma":"spa","editorial":[{"ID":8244,"post_author":"3","post_date":"2022-09-30 09:21:26","post_date_gmt":"2022-09-30 07:21:26","post_content":"","post_title":"GEOPLANETA EDITORIAL","post_excerpt":"","post_status":"publish","comment_status":"closed","ping_status":"closed","post_password":"","post_name":"geoplaneta-editorial","to_ping":"","pinged":"","post_modified":"2022-09-30 09:21:26","post_modified_gmt":"2022-09-30 07:21:26","post_content_filtered":"","post_parent":0,"guid":"http:\/\/dev.claret.cat\/editorial\/geoplaneta-editorial\/","menu_order":0,"post_type":"editorial","post_mime_type":"","comment_count":"0","filter":"raw"}],"autores-libros":[{"ID":149724,"post_author":"3","post_date":"2022-10-14 14:27:12","post_date_gmt":"2022-10-14 12:27:12","post_content":"","post_title":"ALEXIS AVERBUCK","post_excerpt":"","post_status":"publish","comment_status":"closed","ping_status":"closed","post_password":"","post_name":"alexis-averbuck","to_ping":"","pinged":"","post_modified":"2022-10-14 14:27:12","post_modified_gmt":"2022-10-14 12:27:12","post_content_filtered":"","post_parent":0,"guid":"http:\/\/dev.claret.cat\/autor\/alexis-averbuck\/","menu_order":0,"post_type":"autor","post_mime_type":"","comment_count":"0","filter":"raw"}]},"aioseo_notices":[],"_links":{"self":[{"href":"https:\/\/www.claret.cat\/es\/wp-json\/wp\/v2\/product\/299407","targetHints":{"allow":["GET"]}}],"collection":[{"href":"https:\/\/www.claret.cat\/es\/wp-json\/wp\/v2\/product"}],"about":[{"href":"https:\/\/www.claret.cat\/es\/wp-json\/wp\/v2\/types\/product"}],"wp:featuredmedia":[{"embeddable":true,"href":"https:\/\/www.claret.cat\/es\/wp-json\/wp\/v2\/media\/299408"}],"wp:attachment":[{"href":"https:\/\/www.claret.cat\/es\/wp-json\/wp\/v2\/media?parent=299407"}],"wp:term":[{"taxonomy":"product_brand","embeddable":true,"href":"https:\/\/www.claret.cat\/es\/wp-json\/wp\/v2\/product_brand?post=299407"},{"taxonomy":"product_cat","embeddable":true,"href":"https:\/\/www.claret.cat\/es\/wp-json\/wp\/v2\/product_cat?post=299407"},{"taxonomy":"product_tag","embeddable":true,"href":"https:\/\/www.claret.cat\/es\/wp-json\/wp\/v2\/product_tag?post=299407"}],"curies":[{"name":"wp","href":"https:\/\/api.w.org\/{rel}","templated":true}]}}