{"id":299434,"date":"2022-12-16T01:34:11","date_gmt":"2022-12-16T00:34:11","guid":{"rendered":"http:\/\/dev.claret.cat\/llibre\/pijama-para-dos-9788408078296\/"},"modified":"2025-12-01T11:05:26","modified_gmt":"2025-12-01T10:05:26","slug":"pijama-para-dos-9788408078296","status":"publish","type":"product","link":"https:\/\/www.claret.cat\/es\/libro\/pijama-para-dos-9788408078296\/","title":{"rendered":"PIJAMA PARA DOS"},"content":{"rendered":"<p>\u00c9ste es un libro rompedor, no apto para cardiacos, que pretende demoler el matrimonio apolillado y caduco, y propone una verdadera revoluci\u00f3n, la de la entrega y el desprecio de la comodidad. Es un libro radical y por esa misma raz\u00f3n profundamente optimista. Reivindica el amor sin esperar nada a cambio, un oasis de desinter\u00e9s en un desierto llamado mercado. Es para los que quieren acertar en la aventura para dos y para los que ya est\u00e1n casados y no han reparado en que tienen el para\u00edso mucho m\u00e1s cerca de lo que se imaginaban.<\/p>\n","protected":false},"excerpt":{"rendered":"<p>BASALLO, ALFONSO<\/p>\n","protected":false},"featured_media":1069105,"template":"","meta":{"_acf_changed":false,"om_disable_all_campaigns":false,"rs_blank_template":"","rs_page_bg_color":"","slide_template_v7":"","inline_featured_image":false,"_monsterinsights_skip_tracking":false,"_monsterinsights_sitenote_active":false,"_monsterinsights_sitenote_note":"","_monsterinsights_sitenote_category":0},"product_brand":[],"product_cat":[90,540],"product_tag":[],"class_list":{"0":"post-299434","1":"product","2":"type-product","3":"status-publish","4":"has-post-thumbnail","6":"product_cat-altres","7":"product_cat-otros","9":"first","10":"outofstock","11":"taxable","12":"shipping-taxable","13":"purchasable","14":"product-type-simple"},"acf":{"autor":"BASALLO, ALFONSO","codart":"840807829","libros-coleccion":"","ediciones":"1","encuadernacion":"R\u00fastica","fecha_de_publicacion":"01\/03\/2008","novedad":"0","paginas":"240","subtitulo":"","orden":"999","portada":"0","idioma":"spa","editorial":[{"ID":262398,"post_author":"3","post_date":"2022-10-24 11:23:51","post_date_gmt":"2022-10-24 09:23:51","post_content":"","post_title":"PLANETA EDITORIAL","post_excerpt":"","post_status":"publish","comment_status":"closed","ping_status":"closed","post_password":"","post_name":"planeta-editorial-3","to_ping":"","pinged":"","post_modified":"2022-10-24 11:23:51","post_modified_gmt":"2022-10-24 09:23:51","post_content_filtered":"","post_parent":0,"guid":"http:\/\/dev.claret.cat\/editorial\/planeta-editorial-3\/","menu_order":0,"post_type":"editorial","post_mime_type":"","comment_count":"0","filter":"raw"}],"autores-libros":[{"ID":299433,"post_author":"3","post_date":"2022-12-16 01:34:09","post_date_gmt":"2022-12-16 00:34:09","post_content":"","post_title":"ALFONSO BASALLO","post_excerpt":"","post_status":"publish","comment_status":"closed","ping_status":"closed","post_password":"","post_name":"alfonso-basallo","to_ping":"","pinged":"","post_modified":"2022-12-16 01:34:09","post_modified_gmt":"2022-12-16 00:34:09","post_content_filtered":"","post_parent":0,"guid":"http:\/\/dev.claret.cat\/autor\/alfonso-basallo\/","menu_order":0,"post_type":"autor","post_mime_type":"","comment_count":"0","filter":"raw"}],"booktrailer":"","resenas":""},"aioseo_notices":[],"_links":{"self":[{"href":"https:\/\/www.claret.cat\/es\/wp-json\/wp\/v2\/product\/299434","targetHints":{"allow":["GET"]}}],"collection":[{"href":"https:\/\/www.claret.cat\/es\/wp-json\/wp\/v2\/product"}],"about":[{"href":"https:\/\/www.claret.cat\/es\/wp-json\/wp\/v2\/types\/product"}],"wp:featuredmedia":[{"embeddable":true,"href":"https:\/\/www.claret.cat\/es\/wp-json\/wp\/v2\/media\/1069105"}],"wp:attachment":[{"href":"https:\/\/www.claret.cat\/es\/wp-json\/wp\/v2\/media?parent=299434"}],"wp:term":[{"taxonomy":"product_brand","embeddable":true,"href":"https:\/\/www.claret.cat\/es\/wp-json\/wp\/v2\/product_brand?post=299434"},{"taxonomy":"product_cat","embeddable":true,"href":"https:\/\/www.claret.cat\/es\/wp-json\/wp\/v2\/product_cat?post=299434"},{"taxonomy":"product_tag","embeddable":true,"href":"https:\/\/www.claret.cat\/es\/wp-json\/wp\/v2\/product_tag?post=299434"}],"curies":[{"name":"wp","href":"https:\/\/api.w.org\/{rel}","templated":true}]}}