{"id":299451,"date":"2022-12-16T01:34:51","date_gmt":"2022-12-16T00:34:51","guid":{"rendered":"http:\/\/dev.claret.cat\/llibre\/aprende-con-pocoyo-3-8408086162\/"},"modified":"2025-10-20T22:51:59","modified_gmt":"2025-10-20T20:51:59","slug":"aprende-con-pocoyo-3-9788408086161","status":"publish","type":"product","link":"https:\/\/www.claret.cat\/es\/libro\/aprende-con-pocoyo-3-9788408086161\/","title":{"rendered":"APRENDE CON POCOYO +3"},"content":{"rendered":"<p>Cuaderno repleto de divertidas actividades creadas para reforzar los aprendizajes adquiridos en la escuela. Con Pocoy\u00f3 y sus amigos, el ni\u00f1o aprender\u00e1 jugando y se divertir\u00e1 desarrollando su creatividad e ingenio. Favorece el aprendizaje: &#8211; Pintar ayuda al desarrollo de la motricidad fina y la coordinaci\u00f3n oculo-manual, habilidades necesarias para el futuro aprendizaje de la lectura y la escritura. &#8211; Los pasatiempos estimulan la atenci\u00f3n, la percepci\u00f3n y la orientaci\u00f3n espacial. Son habilidades que el ni\u00f1o debe desarrollar para poder adquirir nuevos aprendizajes m\u00e1s complejos. &#8211; Las actividades de letras y n\u00fameros introducen los primeros aprendizajes de lectura, escritura y matem\u00e1ticas para ni\u00f1os prelectores.<br \/>\u00c1reas de aprendizaje: Adivinanzas, canciones, poes\u00eda, Opuestos, contrarios, colores, n\u00fameros, vocabularios, Educaci\u00f3n art\u00edstica<\/p>\n","protected":false},"excerpt":{"rendered":"<p>GOMEZ, AURORA<\/p>\n","protected":false},"featured_media":299452,"template":"","meta":{"_acf_changed":false,"om_disable_all_campaigns":false,"rs_blank_template":"","rs_page_bg_color":"","slide_template_v7":"","inline_featured_image":false,"_monsterinsights_skip_tracking":false,"_monsterinsights_sitenote_active":false,"_monsterinsights_sitenote_note":"","_monsterinsights_sitenote_category":0},"product_brand":[],"product_cat":[333,122],"product_tag":[],"class_list":{"0":"post-299451","1":"product","2":"type-product","3":"status-publish","4":"has-post-thumbnail","6":"product_cat-cuadernos-de-vacaciones","7":"product_cat-quaderns-de-vacances","9":"first","10":"instock","11":"taxable","12":"shipping-taxable","13":"purchasable","14":"product-type-simple"},"acf":{"autor":"GOMEZ, AURORA","codart":"840808616","libros-coleccion":"","ediciones":"1","encuadernacion":"R\u00fastica","fecha_de_publicacion":"11\/05\/2009","novedad":"0","paginas":"20","subtitulo":"","orden":"999","portada":"0","idioma":"spa","editorial":[{"ID":6378,"post_author":"3","post_date":"2022-07-28 17:50:54","post_date_gmt":"2022-07-28 15:50:54","post_content":"","post_title":"TIMUN MAS, S.A.","post_excerpt":"","post_status":"publish","comment_status":"closed","ping_status":"closed","post_password":"","post_name":"timun-mas-s-a","to_ping":"","pinged":"","post_modified":"2022-07-28 17:50:54","post_modified_gmt":"2022-07-28 15:50:54","post_content_filtered":"","post_parent":0,"guid":"http:\/\/dev.claret.cat\/editorial\/timun-mas-s-a\/","menu_order":0,"post_type":"editorial","post_mime_type":"","comment_count":"0","filter":"raw"}],"autores-libros":[{"ID":299450,"post_author":"3","post_date":"2022-12-16 01:34:49","post_date_gmt":"2022-12-16 00:34:49","post_content":"","post_title":"AURORA GOMEZ","post_excerpt":"","post_status":"publish","comment_status":"closed","ping_status":"closed","post_password":"","post_name":"aurora-gomez","to_ping":"","pinged":"","post_modified":"2022-12-16 01:34:49","post_modified_gmt":"2022-12-16 00:34:49","post_content_filtered":"","post_parent":0,"guid":"http:\/\/dev.claret.cat\/autor\/aurora-gomez\/","menu_order":0,"post_type":"autor","post_mime_type":"","comment_count":"0","filter":"raw"}],"booktrailer":"","resenas":""},"aioseo_notices":[],"_links":{"self":[{"href":"https:\/\/www.claret.cat\/es\/wp-json\/wp\/v2\/product\/299451","targetHints":{"allow":["GET"]}}],"collection":[{"href":"https:\/\/www.claret.cat\/es\/wp-json\/wp\/v2\/product"}],"about":[{"href":"https:\/\/www.claret.cat\/es\/wp-json\/wp\/v2\/types\/product"}],"wp:featuredmedia":[{"embeddable":true,"href":"https:\/\/www.claret.cat\/es\/wp-json\/wp\/v2\/media\/299452"}],"wp:attachment":[{"href":"https:\/\/www.claret.cat\/es\/wp-json\/wp\/v2\/media?parent=299451"}],"wp:term":[{"taxonomy":"product_brand","embeddable":true,"href":"https:\/\/www.claret.cat\/es\/wp-json\/wp\/v2\/product_brand?post=299451"},{"taxonomy":"product_cat","embeddable":true,"href":"https:\/\/www.claret.cat\/es\/wp-json\/wp\/v2\/product_cat?post=299451"},{"taxonomy":"product_tag","embeddable":true,"href":"https:\/\/www.claret.cat\/es\/wp-json\/wp\/v2\/product_tag?post=299451"}],"curies":[{"name":"wp","href":"https:\/\/api.w.org\/{rel}","templated":true}]}}