{"id":299553,"date":"2022-12-16T01:39:02","date_gmt":"2022-12-16T00:39:02","guid":{"rendered":"http:\/\/dev.claret.cat\/llibre\/los-asesinos-del-emperador-8408103253\/"},"modified":"2023-01-28T09:17:40","modified_gmt":"2023-01-28T08:17:40","slug":"los-asesinos-del-emperador-8408103253","status":"publish","type":"product","link":"https:\/\/www.claret.cat\/es\/libro\/los-asesinos-del-emperador-8408103253\/","title":{"rendered":"LOS ASESINOS DEL EMPERADOR"},"content":{"rendered":"<p>18 de septiembre del a\u00f1o 96 d. C. Un plan perfecto. Un d\u00eda dise\u00f1ado para escribir la Historia, pero cuando todo sale mal la Historia ya no se escribe? se improvisa: una guerra civil, las fieras del Coliseo, la guardia pretoriana, traiciones, envenenamientos, delatores y poetas, combates en la arena, ejecuciones sumar\u00edsimas, el \u00faltimo disc\u00edpulo de Cristo, el ascenso y ca\u00edda de una dinast\u00eda imperial, locura y esperanza, la erupci\u00f3n de Vesubio, un pu\u00f1ado de gladiadores, la amistad inquebrantable, Marco Ulpio Trajano, el mito de las amazonas, una gladiadora, nueve emperadores, treinta y cinco a\u00f1os de la historia de Roma. 18 de septiembre del 96 d. C. Un grupo de gladiadores dispuestos a todo avanza por las alcantarillas de Roma. Nada ni nadie puede detenerlos. Ni siquiera la Historia.<\/p>\n","protected":false},"excerpt":{"rendered":"<p>SANTIAGO POSTEGUILLO G\u00d3ME<\/p>\n","protected":false},"featured_media":299554,"template":"","meta":{"_acf_changed":false,"om_disable_all_campaigns":false,"rs_blank_template":"","rs_page_bg_color":"","slide_template_v7":"","inline_featured_image":false,"_monsterinsights_skip_tracking":false,"_monsterinsights_sitenote_active":false,"_monsterinsights_sitenote_note":"","_monsterinsights_sitenote_category":0},"product_brand":[],"product_cat":[90,540],"product_tag":[],"class_list":{"0":"post-299553","1":"product","2":"type-product","3":"status-publish","4":"has-post-thumbnail","6":"product_cat-altres","7":"product_cat-otros","9":"first","10":"instock","11":"taxable","12":"shipping-taxable","13":"purchasable","14":"product-type-simple"},"acf":{"autor":"SANTIAGO POSTEGUILLO G\u00d3ME","codart":"840810325","libros-coleccion":"","ediciones":"0","encuadernacion":"Carton\u00e9","fecha_de_publicacion":"02\/09\/2011","novedad":"0","paginas":"800","subtitulo":"","orden":"999","portada":"0","idioma":"spa","editorial":[{"ID":6233,"post_author":"3","post_date":"2022-07-28 17:47:48","post_date_gmt":"2022-07-28 15:47:48","post_content":"","post_title":"EDITORIAL PLANETA","post_excerpt":"","post_status":"publish","comment_status":"closed","ping_status":"closed","post_password":"","post_name":"editorial-planeta","to_ping":"","pinged":"","post_modified":"2022-07-28 17:47:48","post_modified_gmt":"2022-07-28 15:47:48","post_content_filtered":"","post_parent":0,"guid":"http:\/\/dev.claret.cat\/editorial\/editorial-planeta\/","menu_order":0,"post_type":"editorial","post_mime_type":"","comment_count":"0","filter":"raw"}],"autores-libros":[{"ID":299552,"post_author":"3","post_date":"2022-12-16 01:39:00","post_date_gmt":"2022-12-16 00:39:00","post_content":"","post_title":"SANTIAGO POSTEGUILLO G\u00d3MEZ","post_excerpt":"","post_status":"publish","comment_status":"closed","ping_status":"closed","post_password":"","post_name":"santiago-posteguillo-gomez","to_ping":"","pinged":"","post_modified":"2022-12-16 01:39:00","post_modified_gmt":"2022-12-16 00:39:00","post_content_filtered":"","post_parent":0,"guid":"http:\/\/dev.claret.cat\/autor\/santiago-posteguillo-gomez\/","menu_order":0,"post_type":"autor","post_mime_type":"","comment_count":"0","filter":"raw"}]},"aioseo_notices":[],"_links":{"self":[{"href":"https:\/\/www.claret.cat\/es\/wp-json\/wp\/v2\/product\/299553","targetHints":{"allow":["GET"]}}],"collection":[{"href":"https:\/\/www.claret.cat\/es\/wp-json\/wp\/v2\/product"}],"about":[{"href":"https:\/\/www.claret.cat\/es\/wp-json\/wp\/v2\/types\/product"}],"wp:featuredmedia":[{"embeddable":true,"href":"https:\/\/www.claret.cat\/es\/wp-json\/wp\/v2\/media\/299554"}],"wp:attachment":[{"href":"https:\/\/www.claret.cat\/es\/wp-json\/wp\/v2\/media?parent=299553"}],"wp:term":[{"taxonomy":"product_brand","embeddable":true,"href":"https:\/\/www.claret.cat\/es\/wp-json\/wp\/v2\/product_brand?post=299553"},{"taxonomy":"product_cat","embeddable":true,"href":"https:\/\/www.claret.cat\/es\/wp-json\/wp\/v2\/product_cat?post=299553"},{"taxonomy":"product_tag","embeddable":true,"href":"https:\/\/www.claret.cat\/es\/wp-json\/wp\/v2\/product_tag?post=299553"}],"curies":[{"name":"wp","href":"https:\/\/api.w.org\/{rel}","templated":true}]}}