{"id":299582,"date":"2022-12-16T01:40:09","date_gmt":"2022-12-16T00:40:09","guid":{"rendered":"http:\/\/dev.claret.cat\/llibre\/la-sombra-del-viento-9788408112310\/"},"modified":"2023-01-28T18:37:17","modified_gmt":"2023-01-28T17:37:17","slug":"la-sombra-del-viento-9788408112310","status":"publish","type":"product","link":"https:\/\/www.claret.cat\/es\/libro\/la-sombra-del-viento-9788408112310\/","title":{"rendered":"LA SOMBRA DEL VIENTO"},"content":{"rendered":"<p>Un amanecer de 1945 un muchacho es conducido por su padre a un misterioso lugar oculto en el coraz\u00f3n de la ciudad vieja: El Cementerio de los Libros Olvidados. All\u00ed, Daniel Sempere encuentra un libro maldito que cambiar\u00e1 el rumbo de su vida y le arrastra a un laberinto de intrigas y secretos enterrados en el alma oscura de la ciudad. La Sombra del Viento es un misterio literario ambientado en la Barcelona de la primera mitad del siglo XX, desde los \u00faltimos esplendores del Modernismo a las tinieblas de la posguerra.<\/p>\n","protected":false},"excerpt":{"rendered":"<p>RUIZ ZAF\u00d3N, CARLOS<\/p>\n","protected":false},"featured_media":299583,"template":"","meta":{"_acf_changed":false,"om_disable_all_campaigns":false,"rs_blank_template":"","rs_page_bg_color":"","slide_template_v7":"","inline_featured_image":false,"_monsterinsights_skip_tracking":false,"_monsterinsights_sitenote_active":false,"_monsterinsights_sitenote_note":"","_monsterinsights_sitenote_category":0},"product_brand":[],"product_cat":[353,87],"product_tag":[],"class_list":{"0":"post-299582","1":"product","2":"type-product","3":"status-publish","4":"has-post-thumbnail","6":"product_cat-literatura-2_humanidades","7":"product_cat-literatura","9":"first","10":"instock","11":"taxable","12":"shipping-taxable","13":"purchasable","14":"product-type-simple"},"acf":{"autor":"RUIZ ZAF\u00d3N, CARLOS","codart":"840811231","libros-coleccion":"","ediciones":"1","encuadernacion":"R\u00fastica","fecha_de_publicacion":"01\/04\/2013","novedad":"0","paginas":"575","subtitulo":"","orden":"999","portada":"0","idioma":"spa","editorial":[{"ID":6149,"post_author":"3","post_date":"2022-07-28 17:45:56","post_date_gmt":"2022-07-28 15:45:56","post_content":"","post_title":"BOOKET","post_excerpt":"","post_status":"publish","comment_status":"closed","ping_status":"closed","post_password":"","post_name":"booket","to_ping":"","pinged":"","post_modified":"2022-07-28 17:45:56","post_modified_gmt":"2022-07-28 15:45:56","post_content_filtered":"","post_parent":0,"guid":"http:\/\/dev.claret.cat\/editorial\/booket\/","menu_order":0,"post_type":"editorial","post_mime_type":"","comment_count":"0","filter":"raw"}],"autores-libros":[{"ID":152318,"post_author":"3","post_date":"2022-10-14 14:47:49","post_date_gmt":"2022-10-14 12:47:49","post_content":"","post_title":"CARLOS RUIZ ZAF\u00d3N","post_excerpt":"","post_status":"publish","comment_status":"closed","ping_status":"closed","post_password":"","post_name":"carlos-ruiz-zafon","to_ping":"","pinged":"","post_modified":"2022-10-14 14:47:49","post_modified_gmt":"2022-10-14 12:47:49","post_content_filtered":"","post_parent":0,"guid":"http:\/\/dev.claret.cat\/autor\/carlos-ruiz-zafon\/","menu_order":0,"post_type":"autor","post_mime_type":"","comment_count":"0","filter":"raw"}]},"aioseo_notices":[],"_links":{"self":[{"href":"https:\/\/www.claret.cat\/es\/wp-json\/wp\/v2\/product\/299582","targetHints":{"allow":["GET"]}}],"collection":[{"href":"https:\/\/www.claret.cat\/es\/wp-json\/wp\/v2\/product"}],"about":[{"href":"https:\/\/www.claret.cat\/es\/wp-json\/wp\/v2\/types\/product"}],"wp:featuredmedia":[{"embeddable":true,"href":"https:\/\/www.claret.cat\/es\/wp-json\/wp\/v2\/media\/299583"}],"wp:attachment":[{"href":"https:\/\/www.claret.cat\/es\/wp-json\/wp\/v2\/media?parent=299582"}],"wp:term":[{"taxonomy":"product_brand","embeddable":true,"href":"https:\/\/www.claret.cat\/es\/wp-json\/wp\/v2\/product_brand?post=299582"},{"taxonomy":"product_cat","embeddable":true,"href":"https:\/\/www.claret.cat\/es\/wp-json\/wp\/v2\/product_cat?post=299582"},{"taxonomy":"product_tag","embeddable":true,"href":"https:\/\/www.claret.cat\/es\/wp-json\/wp\/v2\/product_tag?post=299582"}],"curies":[{"name":"wp","href":"https:\/\/api.w.org\/{rel}","templated":true}]}}