{"id":299592,"date":"2022-12-16T01:40:35","date_gmt":"2022-12-16T00:40:35","guid":{"rendered":"http:\/\/dev.claret.cat\/llibre\/buenos-dias-princesa-9788408114512\/"},"modified":"2023-01-28T06:16:49","modified_gmt":"2023-01-28T05:16:49","slug":"buenos-dias-princesa-9788408114512","status":"publish","type":"product","link":"https:\/\/www.claret.cat\/es\/libro\/buenos-dias-princesa-9788408114512\/","title":{"rendered":"\u00a1BUENOS D\u00cdAS, PRINCESA!"},"content":{"rendered":"<p>Han pasado algo m\u00e1s de dos a\u00f1os en la vida de los chicos que forman? El club de los incomprendidos? Las cosas han cambiado desde que uno tras otro se fueron encontrando en el camino. Nuevos problemas, secretos, amores, celos&#8230; Sin embargo, hasta el momento, su amistad ha podido con todo y con todos. Ra\u00fal, se ha convertido en un atractivo joven y en un l\u00edder nato; Valeria, derrocha simpat\u00eda por donde pisa, aunque no ha vencido del todo a su timidez; Eli, es la que m\u00e1s se ha transformado de todos y se los lleva de calle; Mar\u00eda, vigila y sue\u00f1a tras sus gafas de pasta de color azul; Bruno, no consigue olvidar lo que siente y en lo m\u00e1s profundo de su coraz\u00f3n espera ser correspondido; y Ester, es la nuera que toda madre querr\u00eda tener aunque no es tan inocente como todos piensan. Son seis chicos que sienten, sufren, aman, creen, r\u00eden, evolucionan&#8230; como otros chicos de su edad. Pero los seis son especiales. Al menos, para el resto del grupo. \u00bfConseguir\u00e1n superar todas las pruebas que se le van a presentar? S\u00f3lo puedes averiguarlo leyendo, \u00a1Buenos d\u00edas, princesa!<\/p>\n","protected":false},"excerpt":{"rendered":"<p>BLUE JEANS<\/p>\n","protected":false},"featured_media":299593,"template":"","meta":{"_acf_changed":false,"om_disable_all_campaigns":false,"rs_blank_template":"","rs_page_bg_color":"","slide_template_v7":"","inline_featured_image":false,"_monsterinsights_skip_tracking":false,"_monsterinsights_sitenote_active":false,"_monsterinsights_sitenote_note":"","_monsterinsights_sitenote_category":0},"product_brand":[],"product_cat":[86,352,353,87],"product_tag":[],"class_list":{"0":"post-299592","1":"product","2":"type-product","3":"status-publish","4":"has-post-thumbnail","6":"product_cat-infantil","7":"product_cat-infantil-3_infantil-juvenil-spa","8":"product_cat-literatura-2_humanidades","9":"product_cat-literatura","11":"first","12":"instock","13":"taxable","14":"shipping-taxable","15":"purchasable","16":"product-type-simple"},"acf":{"autor":"BLUE JEANS","codart":"840811451","libros-coleccion":"","ediciones":"1","encuadernacion":"R\u00fastica","fecha_de_publicacion":"01\/02\/2016","novedad":"0","paginas":"544","subtitulo":"","orden":"999","portada":"0","idioma":"spa","editorial":[{"ID":6149,"post_author":"3","post_date":"2022-07-28 17:45:56","post_date_gmt":"2022-07-28 15:45:56","post_content":"","post_title":"BOOKET","post_excerpt":"","post_status":"publish","comment_status":"closed","ping_status":"closed","post_password":"","post_name":"booket","to_ping":"","pinged":"","post_modified":"2022-07-28 17:45:56","post_modified_gmt":"2022-07-28 15:45:56","post_content_filtered":"","post_parent":0,"guid":"http:\/\/dev.claret.cat\/editorial\/booket\/","menu_order":0,"post_type":"editorial","post_mime_type":"","comment_count":"0","filter":"raw"}],"autores-libros":[{"ID":151774,"post_author":"3","post_date":"2022-10-14 14:43:31","post_date_gmt":"2022-10-14 12:43:31","post_content":"","post_title":"BLUE JEANS","post_excerpt":"","post_status":"publish","comment_status":"closed","ping_status":"closed","post_password":"","post_name":"blue-jeans","to_ping":"","pinged":"","post_modified":"2022-10-14 14:43:31","post_modified_gmt":"2022-10-14 12:43:31","post_content_filtered":"","post_parent":0,"guid":"http:\/\/dev.claret.cat\/autor\/blue-jeans\/","menu_order":0,"post_type":"autor","post_mime_type":"","comment_count":"0","filter":"raw"}]},"aioseo_notices":[],"_links":{"self":[{"href":"https:\/\/www.claret.cat\/es\/wp-json\/wp\/v2\/product\/299592","targetHints":{"allow":["GET"]}}],"collection":[{"href":"https:\/\/www.claret.cat\/es\/wp-json\/wp\/v2\/product"}],"about":[{"href":"https:\/\/www.claret.cat\/es\/wp-json\/wp\/v2\/types\/product"}],"wp:featuredmedia":[{"embeddable":true,"href":"https:\/\/www.claret.cat\/es\/wp-json\/wp\/v2\/media\/299593"}],"wp:attachment":[{"href":"https:\/\/www.claret.cat\/es\/wp-json\/wp\/v2\/media?parent=299592"}],"wp:term":[{"taxonomy":"product_brand","embeddable":true,"href":"https:\/\/www.claret.cat\/es\/wp-json\/wp\/v2\/product_brand?post=299592"},{"taxonomy":"product_cat","embeddable":true,"href":"https:\/\/www.claret.cat\/es\/wp-json\/wp\/v2\/product_cat?post=299592"},{"taxonomy":"product_tag","embeddable":true,"href":"https:\/\/www.claret.cat\/es\/wp-json\/wp\/v2\/product_tag?post=299592"}],"curies":[{"name":"wp","href":"https:\/\/api.w.org\/{rel}","templated":true}]}}