{"id":299733,"date":"2022-12-16T01:46:31","date_gmt":"2022-12-16T00:46:31","guid":{"rendered":"http:\/\/dev.claret.cat\/llibre\/you-2-need-you-9788408149989\/"},"modified":"2023-01-28T19:17:18","modified_gmt":"2023-01-28T18:17:18","slug":"you-2-need-you-9788408149989","status":"publish","type":"product","link":"https:\/\/www.claret.cat\/es\/libro\/you-2-need-you-9788408149989\/","title":{"rendered":"YOU 2:  NEED YOU"},"content":{"rendered":"<p>Ha pasado un a\u00f1o desde que Eden Munro vio por \u00faltima vez a su medio hermano ?confes\u00e9moslo, tambi\u00e9n su amor secreto? Tyler. Desde entonces no ha escatimado esfuerzos por olvidarlo y luchar contra ese amor prohibido. Pero cuando Tyler la invita a reunirse con \u00e9l en New York durante el verano?su determinaci\u00f3n flojea. Mucho.<\/p>\n","protected":false},"excerpt":{"rendered":"<p>MASKAME, ESTELLE<\/p>\n","protected":false},"featured_media":299734,"template":"","meta":{"_acf_changed":false,"om_disable_all_campaigns":false,"rs_blank_template":"","rs_page_bg_color":"","slide_template_v7":"","inline_featured_image":false,"_monsterinsights_skip_tracking":false,"_monsterinsights_sitenote_active":false,"_monsterinsights_sitenote_note":"","_monsterinsights_sitenote_category":0},"product_brand":[],"product_cat":[352,86],"product_tag":[],"class_list":{"0":"post-299733","1":"product","2":"type-product","3":"status-publish","4":"has-post-thumbnail","6":"product_cat-infantil-3_infantil-juvenil-spa","7":"product_cat-infantil","9":"first","10":"instock","11":"taxable","12":"shipping-taxable","13":"purchasable","14":"product-type-simple"},"acf":{"autor":"MASKAME, ESTELLE","codart":"840814998","libros-coleccion":"","ediciones":"1","encuadernacion":"R\u00fastica","fecha_de_publicacion":"16\/03\/2016","novedad":"0","paginas":"438","subtitulo":"ADMITE QUE NECESITAS SU AMOR","orden":"999","portada":"0","idioma":"spa","editorial":[{"ID":6182,"post_author":"3","post_date":"2022-07-28 17:46:40","post_date_gmt":"2022-07-28 15:46:40","post_content":"","post_title":"DESTINO, S.L.","post_excerpt":"","post_status":"publish","comment_status":"closed","ping_status":"closed","post_password":"","post_name":"destino-s-l","to_ping":"","pinged":"","post_modified":"2022-07-28 17:46:40","post_modified_gmt":"2022-07-28 15:46:40","post_content_filtered":"","post_parent":0,"guid":"http:\/\/dev.claret.cat\/editorial\/destino-s-l\/","menu_order":0,"post_type":"editorial","post_mime_type":"","comment_count":"0","filter":"raw"}],"autores-libros":[{"ID":155399,"post_author":"3","post_date":"2022-10-14 15:12:31","post_date_gmt":"2022-10-14 13:12:31","post_content":"","post_title":"ESTELLE MASKAME","post_excerpt":"","post_status":"publish","comment_status":"closed","ping_status":"closed","post_password":"","post_name":"estelle-maskame","to_ping":"","pinged":"","post_modified":"2022-10-14 15:12:31","post_modified_gmt":"2022-10-14 13:12:31","post_content_filtered":"","post_parent":0,"guid":"http:\/\/dev.claret.cat\/autor\/estelle-maskame\/","menu_order":0,"post_type":"autor","post_mime_type":"","comment_count":"0","filter":"raw"}]},"aioseo_notices":[],"_links":{"self":[{"href":"https:\/\/www.claret.cat\/es\/wp-json\/wp\/v2\/product\/299733","targetHints":{"allow":["GET"]}}],"collection":[{"href":"https:\/\/www.claret.cat\/es\/wp-json\/wp\/v2\/product"}],"about":[{"href":"https:\/\/www.claret.cat\/es\/wp-json\/wp\/v2\/types\/product"}],"wp:featuredmedia":[{"embeddable":true,"href":"https:\/\/www.claret.cat\/es\/wp-json\/wp\/v2\/media\/299734"}],"wp:attachment":[{"href":"https:\/\/www.claret.cat\/es\/wp-json\/wp\/v2\/media?parent=299733"}],"wp:term":[{"taxonomy":"product_brand","embeddable":true,"href":"https:\/\/www.claret.cat\/es\/wp-json\/wp\/v2\/product_brand?post=299733"},{"taxonomy":"product_cat","embeddable":true,"href":"https:\/\/www.claret.cat\/es\/wp-json\/wp\/v2\/product_cat?post=299733"},{"taxonomy":"product_tag","embeddable":true,"href":"https:\/\/www.claret.cat\/es\/wp-json\/wp\/v2\/product_tag?post=299733"}],"curies":[{"name":"wp","href":"https:\/\/api.w.org\/{rel}","templated":true}]}}