{"id":299751,"date":"2022-12-16T01:47:12","date_gmt":"2022-12-16T00:47:12","guid":{"rendered":"http:\/\/dev.claret.cat\/llibre\/la-segunda-guerra-mundial-contada-para-escepticos-9788408150213\/"},"modified":"2023-01-28T11:55:31","modified_gmt":"2023-01-28T10:55:31","slug":"la-segunda-guerra-mundial-contada-para-escepticos-9788408150213","status":"publish","type":"product","link":"https:\/\/www.claret.cat\/es\/libro\/la-segunda-guerra-mundial-contada-para-escepticos-9788408150213\/","title":{"rendered":"LA SEGUNDA GUERRA MUNDIAL CONTADA PARA ESC\u00c9PTICOS"},"content":{"rendered":"<p>En el a\u00f1o 2015 se conmemora el 70.\u00ba aniversario del final de la segunda\u00a0guerra mundial, la guerra total de la que todos conocemos los grandes\u00a0hitos: los turbios inicios del nazismo, la invasi\u00f3n de Polonia, la derrota de\u00a0Francia, el bombardeo de Pearl Harbor, el Afrika Korps, el holocausto\u00a0jud\u00edo, la batalla de Stalingrado, el desembarco de Normand\u00eda, la batalla\u00a0final en Berl\u00edn, Hiroshima, Nagasaki? Pero adem\u00e1s de todos estos\u00a0hechos, el lector encontrar\u00e1 en esta obra historias que los libros\u00a0no acostumbran a tratar, historias de personas: la de los exc\u00e9ntricos\u00a0que descifraron el c\u00f3digo Enigma; la bailarina jud\u00eda que hizo striptease\u00a0ante la c\u00e1mara de gas; el submarinista alem\u00e1n que hundi\u00f3 su nave\u00a0al tirar de la cadena en el retrete; el aviador que ayud\u00f3 a su enemigo\u00a0herido a encontrar el camino de la base; la posible homosexualidad de\u00a0Hitler; las astucias de Stalin; las cuatro amantes diarias de Mussolini; las\u00a0vacilaciones de Franco; Himmler y sus SS buscando el Grial en Espa\u00f1a;\u00a0los espa\u00f1oles en el sitio de Leningrado; las org\u00edas en el bunker del\u00a0F\u00fchrer; el japon\u00e9s que sobrevivi\u00f3 a las dos bombas at\u00f3micas? o las\u00a0inveros\u00edmiles peripecias del gato del acorazado Bismarck.Fiel al estilo caracter\u00edstico de las obras de Eslava, el lector encontrar\u00e1 en\u00a0este libro un relato trepidante que se lee como una novela pero sin\u00a0dejar de ser historia rigurosa y documentada.<\/p>\n","protected":false},"excerpt":{"rendered":"<p>ESLAVA GAL\u00c1N, JUAN<\/p>\n","protected":false},"featured_media":299752,"template":"","meta":{"_acf_changed":false,"om_disable_all_campaigns":false,"rs_blank_template":"","rs_page_bg_color":"","slide_template_v7":"","inline_featured_image":false,"_monsterinsights_skip_tracking":false,"_monsterinsights_sitenote_active":false,"_monsterinsights_sitenote_note":"","_monsterinsights_sitenote_category":0},"product_brand":[],"product_cat":[351,85,353,87],"product_tag":[],"class_list":{"0":"post-299751","1":"product","2":"type-product","3":"status-publish","4":"has-post-thumbnail","6":"product_cat-historia-2_humanidades","7":"product_cat-historia","8":"product_cat-literatura-2_humanidades","9":"product_cat-literatura","11":"first","12":"instock","13":"taxable","14":"shipping-taxable","15":"purchasable","16":"product-type-simple"},"acf":{"autor":"ESLAVA GAL\u00c1N, JUAN","codart":"840815021","libros-coleccion":"","ediciones":"1","encuadernacion":"R\u00fastica","fecha_de_publicacion":"16\/03\/2016","novedad":"0","paginas":"750","subtitulo":"","orden":"999","portada":"0","idioma":"spa","editorial":[{"ID":6149,"post_author":"3","post_date":"2022-07-28 17:45:56","post_date_gmt":"2022-07-28 15:45:56","post_content":"","post_title":"BOOKET","post_excerpt":"","post_status":"publish","comment_status":"closed","ping_status":"closed","post_password":"","post_name":"booket","to_ping":"","pinged":"","post_modified":"2022-07-28 17:45:56","post_modified_gmt":"2022-07-28 15:45:56","post_content_filtered":"","post_parent":0,"guid":"http:\/\/dev.claret.cat\/editorial\/booket\/","menu_order":0,"post_type":"editorial","post_mime_type":"","comment_count":"0","filter":"raw"}],"autores-libros":[{"ID":161034,"post_author":"3","post_date":"2022-10-14 15:57:52","post_date_gmt":"2022-10-14 13:57:52","post_content":"","post_title":"JUAN ESLAVA GAL\u00c1N","post_excerpt":"","post_status":"publish","comment_status":"closed","ping_status":"closed","post_password":"","post_name":"juan-eslava-galan","to_ping":"","pinged":"","post_modified":"2022-10-14 15:57:52","post_modified_gmt":"2022-10-14 13:57:52","post_content_filtered":"","post_parent":0,"guid":"http:\/\/dev.claret.cat\/autor\/juan-eslava-galan\/","menu_order":0,"post_type":"autor","post_mime_type":"","comment_count":"0","filter":"raw"}]},"aioseo_notices":[],"_links":{"self":[{"href":"https:\/\/www.claret.cat\/es\/wp-json\/wp\/v2\/product\/299751","targetHints":{"allow":["GET"]}}],"collection":[{"href":"https:\/\/www.claret.cat\/es\/wp-json\/wp\/v2\/product"}],"about":[{"href":"https:\/\/www.claret.cat\/es\/wp-json\/wp\/v2\/types\/product"}],"wp:featuredmedia":[{"embeddable":true,"href":"https:\/\/www.claret.cat\/es\/wp-json\/wp\/v2\/media\/299752"}],"wp:attachment":[{"href":"https:\/\/www.claret.cat\/es\/wp-json\/wp\/v2\/media?parent=299751"}],"wp:term":[{"taxonomy":"product_brand","embeddable":true,"href":"https:\/\/www.claret.cat\/es\/wp-json\/wp\/v2\/product_brand?post=299751"},{"taxonomy":"product_cat","embeddable":true,"href":"https:\/\/www.claret.cat\/es\/wp-json\/wp\/v2\/product_cat?post=299751"},{"taxonomy":"product_tag","embeddable":true,"href":"https:\/\/www.claret.cat\/es\/wp-json\/wp\/v2\/product_tag?post=299751"}],"curies":[{"name":"wp","href":"https:\/\/api.w.org\/{rel}","templated":true}]}}