{"id":299779,"date":"2022-12-16T01:48:17","date_gmt":"2022-12-16T00:48:17","guid":{"rendered":"http:\/\/dev.claret.cat\/llibre\/star-wars-el-despertar-de-la-fuerza-libro-de-la-pelicula-9788408150831\/"},"modified":"2023-01-28T03:35:55","modified_gmt":"2023-01-28T02:35:55","slug":"star-wars-el-despertar-de-la-fuerza-libro-de-la-pelicula-9788408150831","status":"publish","type":"product","link":"https:\/\/www.claret.cat\/es\/libro\/star-wars-el-despertar-de-la-fuerza-libro-de-la-pelicula-9788408150831\/","title":{"rendered":"STAR WARS: EL DESPERTAR DE LA FUERZA. LIBRO DE LA PEL\u00cdCULA"},"content":{"rendered":"<p>Libro que narra la historia completa de Star Wars: El despertar de la fuerza. La s\u00e9ptima entrega de la saga de ciencia ficci\u00f3n m\u00e1s exitosa de todos los tiempos. \u00a1Qu\u00e9 la fuerza te acompa\u00f1e!<\/p>\n","protected":false},"excerpt":{"rendered":"<p>STAR WARS<\/p>\n","protected":false},"featured_media":299780,"template":"","meta":{"_acf_changed":false,"om_disable_all_campaigns":false,"rs_blank_template":"","rs_page_bg_color":"","slide_template_v7":"","inline_featured_image":false,"_monsterinsights_skip_tracking":false,"_monsterinsights_sitenote_active":false,"_monsterinsights_sitenote_note":"","_monsterinsights_sitenote_category":0},"product_brand":[],"product_cat":[86,352],"product_tag":[],"class_list":{"0":"post-299779","1":"product","2":"type-product","3":"status-publish","4":"has-post-thumbnail","6":"product_cat-infantil","7":"product_cat-infantil-3_infantil-juvenil-spa","9":"first","10":"instock","11":"taxable","12":"shipping-taxable","13":"purchasable","14":"product-type-simple"},"acf":{"autor":"STAR WARS","codart":"840815083","libros-coleccion":"","ediciones":"1","encuadernacion":"Carton\u00e9","fecha_de_publicacion":"01\/02\/2016","novedad":"0","paginas":"112","subtitulo":"","orden":"999","portada":"0","idioma":"spa","editorial":[{"ID":6330,"post_author":"3","post_date":"2022-07-28 17:49:52","post_date_gmt":"2022-07-28 15:49:52","post_content":"","post_title":"PLANETA EDITORIAL","post_excerpt":"","post_status":"publish","comment_status":"closed","ping_status":"closed","post_password":"","post_name":"planeta-editorial","to_ping":"","pinged":"","post_modified":"2022-07-28 17:49:52","post_modified_gmt":"2022-07-28 15:49:52","post_content_filtered":"","post_parent":0,"guid":"http:\/\/dev.claret.cat\/editorial\/planeta-editorial\/","menu_order":0,"post_type":"editorial","post_mime_type":"","comment_count":"0","filter":"raw"}],"autores-libros":[{"ID":169766,"post_author":"3","post_date":"2022-10-14 22:29:51","post_date_gmt":"2022-10-14 20:29:51","post_content":"","post_title":"STAR WARS","post_excerpt":"","post_status":"publish","comment_status":"closed","ping_status":"closed","post_password":"","post_name":"star-wars","to_ping":"","pinged":"","post_modified":"2022-10-14 22:29:51","post_modified_gmt":"2022-10-14 20:29:51","post_content_filtered":"","post_parent":0,"guid":"http:\/\/dev.claret.cat\/autor\/star-wars\/","menu_order":0,"post_type":"autor","post_mime_type":"","comment_count":"0","filter":"raw"}]},"aioseo_notices":[],"_links":{"self":[{"href":"https:\/\/www.claret.cat\/es\/wp-json\/wp\/v2\/product\/299779","targetHints":{"allow":["GET"]}}],"collection":[{"href":"https:\/\/www.claret.cat\/es\/wp-json\/wp\/v2\/product"}],"about":[{"href":"https:\/\/www.claret.cat\/es\/wp-json\/wp\/v2\/types\/product"}],"wp:featuredmedia":[{"embeddable":true,"href":"https:\/\/www.claret.cat\/es\/wp-json\/wp\/v2\/media\/299780"}],"wp:attachment":[{"href":"https:\/\/www.claret.cat\/es\/wp-json\/wp\/v2\/media?parent=299779"}],"wp:term":[{"taxonomy":"product_brand","embeddable":true,"href":"https:\/\/www.claret.cat\/es\/wp-json\/wp\/v2\/product_brand?post=299779"},{"taxonomy":"product_cat","embeddable":true,"href":"https:\/\/www.claret.cat\/es\/wp-json\/wp\/v2\/product_cat?post=299779"},{"taxonomy":"product_tag","embeddable":true,"href":"https:\/\/www.claret.cat\/es\/wp-json\/wp\/v2\/product_tag?post=299779"}],"curies":[{"name":"wp","href":"https:\/\/api.w.org\/{rel}","templated":true}]}}