{"id":299822,"date":"2022-12-16T01:49:58","date_gmt":"2022-12-16T00:49:58","guid":{"rendered":"http:\/\/dev.claret.cat\/llibre\/lo-mejor-de-nuestras-vidas-9788408152019\/"},"modified":"2023-01-28T03:09:22","modified_gmt":"2023-01-28T02:09:22","slug":"lo-mejor-de-nuestras-vidas-9788408152019","status":"publish","type":"product","link":"https:\/\/www.claret.cat\/es\/libro\/lo-mejor-de-nuestras-vidas-9788408152019\/","title":{"rendered":"LO MEJOR DE NUESTRAS VIDAS"},"content":{"rendered":"<p>\u00abLo mejor de nuestras vidas es un viaje\u00a0apasionado de una madre, de profesi\u00f3n\u00a0pediatra. Un recorrido por el intenso y revelador\u00a0mundo de las emociones de nuestros\u00a0hijos, con el cual os sentir\u00e9is identificados\u00a0desde la primera p\u00e1gina, en la que\u00a0me encuentro en el paritorio, aterrada\u00a0pero inmensamente feliz, hasta la dif\u00edcil\u00a0pero a la vez inspiradora etapa de la adolescencia.Un verdadero aprendizaje de\u00a0vida, un descubrimiento profundo de mis\u00a0emociones, de las de mis hijos y de las de\u00a0cientos de familias que pasan por mi consulta.\u00bfQu\u00e9 siente mi hijo? \u00bfQu\u00e9 siento\u00a0yo como madre? \u00bfO t\u00fa como padre? Una\u00a0lectura para no desperdiciar ni un solo minuto\u00a0de la vida de nuestros hijos, instantes\u00a0que ya no volver\u00e1n. \u00bfQu\u00e9 te gustar\u00eda\u00a0que recordaran tus hijos de ti y de su infancia\u00a0cuando sean mayores? \u00a1Atr\u00e9vete a\u00a0descubrirlo!\u00bb<\/p>\n","protected":false},"excerpt":{"rendered":"<p>GAL\u00c1N BERTRAND, LUC\u00cdA<\/p>\n","protected":false},"featured_media":299823,"template":"","meta":{"_acf_changed":false,"om_disable_all_campaigns":false,"rs_blank_template":"","rs_page_bg_color":"","slide_template_v7":"","inline_featured_image":false,"_monsterinsights_skip_tracking":false,"_monsterinsights_sitenote_active":false,"_monsterinsights_sitenote_note":"","_monsterinsights_sitenote_category":0},"product_brand":[],"product_cat":[100,550],"product_tag":[],"class_list":{"0":"post-299822","1":"product","2":"type-product","3":"status-publish","4":"has-post-thumbnail","6":"product_cat-escola-de-pares","7":"product_cat-escuela-de-padres-3_infantil-juvenil-spa-spa","9":"first","10":"instock","11":"taxable","12":"shipping-taxable","13":"purchasable","14":"product-type-simple"},"acf":{"autor":"GAL\u00c1N BERTRAND, LUC\u00cdA","codart":"840815201","libros-coleccion":"","ediciones":"1","encuadernacion":"R\u00fastica","fecha_de_publicacion":"01\/03\/2016","novedad":"0","paginas":"288","subtitulo":"DESDE LA EXPERIENCIA DE MI PROFESI\u00d3N Y LA SENSIBILIDAD DE MI MATERNIDAD","orden":"999","portada":"0","idioma":"spa","editorial":[{"ID":6233,"post_author":"3","post_date":"2022-07-28 17:47:48","post_date_gmt":"2022-07-28 15:47:48","post_content":"","post_title":"EDITORIAL PLANETA","post_excerpt":"","post_status":"publish","comment_status":"closed","ping_status":"closed","post_password":"","post_name":"editorial-planeta","to_ping":"","pinged":"","post_modified":"2022-07-28 17:47:48","post_modified_gmt":"2022-07-28 15:47:48","post_content_filtered":"","post_parent":0,"guid":"http:\/\/dev.claret.cat\/editorial\/editorial-planeta\/","menu_order":0,"post_type":"editorial","post_mime_type":"","comment_count":"0","filter":"raw"}],"autores-libros":[{"ID":5745,"post_author":"3","post_date":"2022-07-28 17:30:33","post_date_gmt":"2022-07-28 15:30:33","post_content":"","post_title":"LUC\u00cdA GAL\u00c1N BERTRAND","post_excerpt":"","post_status":"publish","comment_status":"closed","ping_status":"closed","post_password":"","post_name":"lucia-galan-bertrand","to_ping":"","pinged":"","post_modified":"2022-07-28 17:30:33","post_modified_gmt":"2022-07-28 15:30:33","post_content_filtered":"","post_parent":0,"guid":"http:\/\/dev.claret.cat\/autor\/lucia-galan-bertrand\/","menu_order":0,"post_type":"autor","post_mime_type":"","comment_count":"0","filter":"raw"}]},"aioseo_notices":[],"_links":{"self":[{"href":"https:\/\/www.claret.cat\/es\/wp-json\/wp\/v2\/product\/299822","targetHints":{"allow":["GET"]}}],"collection":[{"href":"https:\/\/www.claret.cat\/es\/wp-json\/wp\/v2\/product"}],"about":[{"href":"https:\/\/www.claret.cat\/es\/wp-json\/wp\/v2\/types\/product"}],"wp:featuredmedia":[{"embeddable":true,"href":"https:\/\/www.claret.cat\/es\/wp-json\/wp\/v2\/media\/299823"}],"wp:attachment":[{"href":"https:\/\/www.claret.cat\/es\/wp-json\/wp\/v2\/media?parent=299822"}],"wp:term":[{"taxonomy":"product_brand","embeddable":true,"href":"https:\/\/www.claret.cat\/es\/wp-json\/wp\/v2\/product_brand?post=299822"},{"taxonomy":"product_cat","embeddable":true,"href":"https:\/\/www.claret.cat\/es\/wp-json\/wp\/v2\/product_cat?post=299822"},{"taxonomy":"product_tag","embeddable":true,"href":"https:\/\/www.claret.cat\/es\/wp-json\/wp\/v2\/product_tag?post=299822"}],"curies":[{"name":"wp","href":"https:\/\/api.w.org\/{rel}","templated":true}]}}