{"id":300034,"date":"2022-12-16T01:58:52","date_gmt":"2022-12-16T00:58:52","guid":{"rendered":"http:\/\/dev.claret.cat\/llibre\/arrautza-ou-huevo-oeuf-egg-9788409110971\/"},"modified":"2023-01-28T23:53:44","modified_gmt":"2023-01-28T22:53:44","slug":"arrautza-ou-huevo-oeuf-egg-9788409110971","status":"publish","type":"product","link":"https:\/\/www.claret.cat\/es\/libro\/arrautza-ou-huevo-oeuf-egg-9788409110971\/","title":{"rendered":"ARRAUTZ\u00c1, OU, HUEVO, OEUF, EGG"},"content":{"rendered":"<p>A l\u2019hora de parlar de la relaci\u00f3 entre les diferents lleng\u00fces del m\u00f3n, el primer que cal tenir en compte \u00e9s el que Abdelfattah Kilito va expressar de manera metaf\u00f2rica: les paraules s\u00f3n el contrari que el sab\u00f3. Com m\u00e9s s\u2019utilitzen, m\u00e9s for\u00e7a adquireixen. La repetici\u00f3 n\u2019\u00e9s el motor. Qu\u00e8 passa, doncs, amb les lleng\u00fces que, per l\u2019esc\u00e0s nombre de parlants, o per la falta d\u2019un poder pol\u00edtic o econ\u00f2mic que les empari, no poden tenir un gran \u00fas?<\/p>\n","protected":false},"excerpt":{"rendered":"<p>ATXAGA, BERNARDO<\/p>\n","protected":false},"featured_media":300035,"template":"","meta":{"_acf_changed":false,"om_disable_all_campaigns":false,"rs_blank_template":"","rs_page_bg_color":"","slide_template_v7":"","inline_featured_image":false,"_monsterinsights_skip_tracking":false,"_monsterinsights_sitenote_active":false,"_monsterinsights_sitenote_note":"","_monsterinsights_sitenote_category":0},"product_brand":[],"product_cat":[84,350],"product_tag":[],"class_list":{"0":"post-300034","1":"product","2":"type-product","3":"status-publish","4":"has-post-thumbnail","6":"product_cat-sociologia","7":"product_cat-sociologia-2_humanidades","9":"first","10":"instock","11":"taxable","12":"shipping-taxable","13":"purchasable","14":"product-type-simple"},"acf":{"autor":"ATXAGA, BERNARDO","codart":"840911097","libros-coleccion":"Breus CCCB","ediciones":"1","encuadernacion":"R\u00fastica","fecha_de_publicacion":"01\/05\/2019","novedad":"1","paginas":"58","subtitulo":"","orden":"0","portada":"0","idioma":"cat","editorial":[{"ID":148166,"post_author":"3","post_date":"2022-10-14 11:56:09","post_date_gmt":"2022-10-14 09:56:09","post_content":"","post_title":"FUN. INSTITUTO 25 MAYO PARA LA DEMOCRCIA","post_excerpt":"","post_status":"publish","comment_status":"closed","ping_status":"closed","post_password":"","post_name":"fun-instituto-25-mayo-para-la-democrcia","to_ping":"","pinged":"","post_modified":"2022-10-14 11:56:09","post_modified_gmt":"2022-10-14 09:56:09","post_content_filtered":"","post_parent":0,"guid":"http:\/\/dev.claret.cat\/editorial\/fun-instituto-25-mayo-para-la-democrcia\/","menu_order":0,"post_type":"editorial","post_mime_type":"","comment_count":"0","filter":"raw"}],"autores-libros":[{"ID":151622,"post_author":"3","post_date":"2022-10-14 14:42:19","post_date_gmt":"2022-10-14 12:42:19","post_content":"","post_title":"BERNARDO ATXAGA","post_excerpt":"","post_status":"publish","comment_status":"closed","ping_status":"closed","post_password":"","post_name":"bernardo-atxaga","to_ping":"","pinged":"","post_modified":"2022-10-14 14:42:19","post_modified_gmt":"2022-10-14 12:42:19","post_content_filtered":"","post_parent":0,"guid":"http:\/\/dev.claret.cat\/autor\/bernardo-atxaga\/","menu_order":0,"post_type":"autor","post_mime_type":"","comment_count":"0","filter":"raw"}]},"aioseo_notices":[],"_links":{"self":[{"href":"https:\/\/www.claret.cat\/es\/wp-json\/wp\/v2\/product\/300034","targetHints":{"allow":["GET"]}}],"collection":[{"href":"https:\/\/www.claret.cat\/es\/wp-json\/wp\/v2\/product"}],"about":[{"href":"https:\/\/www.claret.cat\/es\/wp-json\/wp\/v2\/types\/product"}],"wp:featuredmedia":[{"embeddable":true,"href":"https:\/\/www.claret.cat\/es\/wp-json\/wp\/v2\/media\/300035"}],"wp:attachment":[{"href":"https:\/\/www.claret.cat\/es\/wp-json\/wp\/v2\/media?parent=300034"}],"wp:term":[{"taxonomy":"product_brand","embeddable":true,"href":"https:\/\/www.claret.cat\/es\/wp-json\/wp\/v2\/product_brand?post=300034"},{"taxonomy":"product_cat","embeddable":true,"href":"https:\/\/www.claret.cat\/es\/wp-json\/wp\/v2\/product_cat?post=300034"},{"taxonomy":"product_tag","embeddable":true,"href":"https:\/\/www.claret.cat\/es\/wp-json\/wp\/v2\/product_tag?post=300034"}],"curies":[{"name":"wp","href":"https:\/\/api.w.org\/{rel}","templated":true}]}}