{"id":300149,"date":"2022-12-16T02:03:48","date_gmt":"2022-12-16T01:03:48","guid":{"rendered":"http:\/\/dev.claret.cat\/llibre\/guia-para-papas-y-mamas-en-apuros-9788412031201\/"},"modified":"2023-01-28T13:27:48","modified_gmt":"2023-01-28T12:27:48","slug":"guia-para-papas-y-mamas-en-apuros-9788412031201","status":"publish","type":"product","link":"https:\/\/www.claret.cat\/es\/libro\/guia-para-papas-y-mamas-en-apuros-9788412031201\/","title":{"rendered":"GU\u00cdA PARA PAP\u00c1S Y MAM\u00c1S EN APUROS"},"content":{"rendered":"<p>Este libro trata de ser un manual completo y actual basado en los \u00faltimos estudios cient\u00edficos de psicolog\u00eda. Abordo, entre otros temas de m\u00e1xima actualidad en la infancia y adolescencia, el bullying, la autoestima, los l\u00edmites, la responsabilidad, el manejo de Internet y los smartphones, el Mindfulness para menores, la ansiedad y el estr\u00e9s, el divorcio, las habilidades sociales, el TDAH, y la asertividad.<\/p>\n","protected":false},"excerpt":{"rendered":"<p>RIZALDOS LAMOCA, MIGUEL \u00c1NGEL<\/p>\n","protected":false},"featured_media":300150,"template":"","meta":{"_acf_changed":false,"om_disable_all_campaigns":false,"rs_blank_template":"","rs_page_bg_color":"","slide_template_v7":"","inline_featured_image":false,"_monsterinsights_skip_tracking":false,"_monsterinsights_sitenote_active":false,"_monsterinsights_sitenote_note":"","_monsterinsights_sitenote_category":0},"product_brand":[],"product_cat":[100,550,348,82],"product_tag":[],"class_list":{"0":"post-300149","1":"product","2":"type-product","3":"status-publish","4":"has-post-thumbnail","6":"product_cat-escola-de-pares","7":"product_cat-escuela-de-padres-3_infantil-juvenil-spa-spa","8":"product_cat-pedagogia-2_humanidades","9":"product_cat-pedagogia","11":"first","12":"instock","13":"taxable","14":"shipping-taxable","15":"purchasable","16":"product-type-simple"},"acf":{"autor":"RIZALDOS LAMOCA, MIGUEL \u00c1NGEL","codart":"841203120","libros-coleccion":"","ediciones":"1","encuadernacion":"R\u00fastica","fecha_de_publicacion":"01\/05\/2019","novedad":"1","paginas":"0","subtitulo":"","orden":"0","portada":"0","idioma":"spa","autores-libros":[{"ID":164946,"post_author":"3","post_date":"2022-10-14 17:51:09","post_date_gmt":"2022-10-14 15:51:09","post_content":"","post_title":"MIGUEL \u00c1NGEL RIZALDOS LAMOCA","post_excerpt":"","post_status":"publish","comment_status":"closed","ping_status":"closed","post_password":"","post_name":"miguel-angel-rizaldos-lamoca","to_ping":"","pinged":"","post_modified":"2022-10-14 17:51:09","post_modified_gmt":"2022-10-14 15:51:09","post_content_filtered":"","post_parent":0,"guid":"http:\/\/dev.claret.cat\/autor\/miguel-angel-rizaldos-lamoca\/","menu_order":0,"post_type":"autor","post_mime_type":"","comment_count":"0","filter":"raw"}]},"aioseo_notices":[],"_links":{"self":[{"href":"https:\/\/www.claret.cat\/es\/wp-json\/wp\/v2\/product\/300149","targetHints":{"allow":["GET"]}}],"collection":[{"href":"https:\/\/www.claret.cat\/es\/wp-json\/wp\/v2\/product"}],"about":[{"href":"https:\/\/www.claret.cat\/es\/wp-json\/wp\/v2\/types\/product"}],"wp:featuredmedia":[{"embeddable":true,"href":"https:\/\/www.claret.cat\/es\/wp-json\/wp\/v2\/media\/300150"}],"wp:attachment":[{"href":"https:\/\/www.claret.cat\/es\/wp-json\/wp\/v2\/media?parent=300149"}],"wp:term":[{"taxonomy":"product_brand","embeddable":true,"href":"https:\/\/www.claret.cat\/es\/wp-json\/wp\/v2\/product_brand?post=300149"},{"taxonomy":"product_cat","embeddable":true,"href":"https:\/\/www.claret.cat\/es\/wp-json\/wp\/v2\/product_cat?post=300149"},{"taxonomy":"product_tag","embeddable":true,"href":"https:\/\/www.claret.cat\/es\/wp-json\/wp\/v2\/product_tag?post=300149"}],"curies":[{"name":"wp","href":"https:\/\/api.w.org\/{rel}","templated":true}]}}