{"id":300208,"date":"2022-12-16T02:06:26","date_gmt":"2022-12-16T01:06:26","guid":{"rendered":"http:\/\/dev.claret.cat\/llibre\/21-consejos-nutricionales-para-vivir-sano-9788413200071\/"},"modified":"2023-01-28T09:39:18","modified_gmt":"2023-01-28T08:39:18","slug":"21-consejos-nutricionales-para-vivir-sano-9788413200071","status":"publish","type":"product","link":"https:\/\/www.claret.cat\/es\/libro\/21-consejos-nutricionales-para-vivir-sano-9788413200071\/","title":{"rendered":"21 CONSEJOS NUTRICIONALES PARA VIVIR SANO"},"content":{"rendered":"<p>En este manual &#8217;21 consejos nutricionales&#8217; los autores intentamos trasmitir los conocimientos sobre salud y dieta al p\u00fablico en general,  con el objetivo de conseguir unos h\u00e1bitos nutricionales saludables. Todos nosotros comemos de manera diaria, y una correcta alimentaci\u00f3n es la base de una vida sana. En estos momentos existen m\u00faltiples problemas nutricionales en nuestra sociedad, obesidad, diabetes mellitus, dislipemia, alteraciones de la degluci\u00f3n, intolerancias, alergias y un largo etc. En estos 21 cap\u00edtulos damos respuesta a estas situaciones, con diferentes men\u00fas y recomendaciones f\u00e1ciles de llevar a cabo en nuestra vida diaria. En la \u00faltima parte del libro, esos men\u00fas est\u00e1n perfectamente calibrados siguiendo los est\u00e1ndares internacionales.  Los autores esperan que el libro sea \u00fatil a todos los lectores, y que puedan aplicar sus consejos en la vida cotidiana.<\/p>\n","protected":false},"excerpt":{"rendered":"<p>LUIS ROMAN, DANIEL A. DE \/ LOPEZ GOMEZ, JUAN JOSE<\/p>\n","protected":false},"featured_media":300209,"template":"","meta":{"_acf_changed":false,"om_disable_all_campaigns":false,"rs_blank_template":"","rs_page_bg_color":"","slide_template_v7":"","inline_featured_image":false,"_monsterinsights_skip_tracking":false,"_monsterinsights_sitenote_active":false,"_monsterinsights_sitenote_note":"","_monsterinsights_sitenote_category":0},"product_brand":[],"product_cat":[547,97],"product_tag":[],"class_list":{"0":"post-300208","1":"product","2":"type-product","3":"status-publish","4":"has-post-thumbnail","6":"product_cat-salud","7":"product_cat-salut","9":"first","10":"instock","11":"taxable","12":"shipping-taxable","13":"purchasable","14":"product-type-simple"},"acf":{"autor":"LUIS ROMAN, DANIEL A. DE \/ LOPEZ GOMEZ, JUAN JOSE","codart":"841320007","libros-coleccion":"","ediciones":"1","encuadernacion":"R\u00fastica","fecha_de_publicacion":"01\/04\/2019","novedad":"1","paginas":"168","subtitulo":"","orden":"0","portada":"0","idioma":"spa","autores-libros":[{"ID":153543,"post_author":"3","post_date":"2022-10-14 14:57:35","post_date_gmt":"2022-10-14 12:57:35","post_content":"","post_title":"DANIEL A. DE LUIS ROMAN","post_excerpt":"","post_status":"publish","comment_status":"closed","ping_status":"closed","post_password":"","post_name":"daniel-a-de-luis-roman","to_ping":"","pinged":"","post_modified":"2022-10-14 14:57:35","post_modified_gmt":"2022-10-14 12:57:35","post_content_filtered":"","post_parent":0,"guid":"http:\/\/dev.claret.cat\/autor\/daniel-a-de-luis-roman\/","menu_order":0,"post_type":"autor","post_mime_type":"","comment_count":"0","filter":"raw"},{"ID":161068,"post_author":"3","post_date":"2022-10-14 15:58:08","post_date_gmt":"2022-10-14 13:58:08","post_content":"","post_title":"JUAN JOSE LOPEZ GOMEZ","post_excerpt":"","post_status":"publish","comment_status":"closed","ping_status":"closed","post_password":"","post_name":"juan-jose-lopez-gomez","to_ping":"","pinged":"","post_modified":"2022-10-14 15:58:08","post_modified_gmt":"2022-10-14 13:58:08","post_content_filtered":"","post_parent":0,"guid":"http:\/\/dev.claret.cat\/autor\/juan-jose-lopez-gomez\/","menu_order":0,"post_type":"autor","post_mime_type":"","comment_count":"0","filter":"raw"}]},"aioseo_notices":[],"_links":{"self":[{"href":"https:\/\/www.claret.cat\/es\/wp-json\/wp\/v2\/product\/300208","targetHints":{"allow":["GET"]}}],"collection":[{"href":"https:\/\/www.claret.cat\/es\/wp-json\/wp\/v2\/product"}],"about":[{"href":"https:\/\/www.claret.cat\/es\/wp-json\/wp\/v2\/types\/product"}],"wp:featuredmedia":[{"embeddable":true,"href":"https:\/\/www.claret.cat\/es\/wp-json\/wp\/v2\/media\/300209"}],"wp:attachment":[{"href":"https:\/\/www.claret.cat\/es\/wp-json\/wp\/v2\/media?parent=300208"}],"wp:term":[{"taxonomy":"product_brand","embeddable":true,"href":"https:\/\/www.claret.cat\/es\/wp-json\/wp\/v2\/product_brand?post=300208"},{"taxonomy":"product_cat","embeddable":true,"href":"https:\/\/www.claret.cat\/es\/wp-json\/wp\/v2\/product_cat?post=300208"},{"taxonomy":"product_tag","embeddable":true,"href":"https:\/\/www.claret.cat\/es\/wp-json\/wp\/v2\/product_tag?post=300208"}],"curies":[{"name":"wp","href":"https:\/\/api.w.org\/{rel}","templated":true}]}}