{"id":300351,"date":"2022-12-16T02:12:34","date_gmt":"2022-12-16T01:12:34","guid":{"rendered":"http:\/\/dev.claret.cat\/llibre\/persuasion-9788415089476\/"},"modified":"2025-03-17T10:16:32","modified_gmt":"2025-03-17T09:16:32","slug":"persuasion-9788415089476","status":"publish","type":"product","link":"https:\/\/www.claret.cat\/es\/libro\/persuasion-9788415089476\/","title":{"rendered":"PERSUASI\u00d3N"},"content":{"rendered":"<p>La \u00faltima novela de la inglesa Jane Austen, completada justo meses antes de su muerte y publicada p\u00f3stumamente ese mismo a\u00f1o. En ella Austen nos presenta la historia de Anne Elliot y su reencuentro con un viejo amor, Frederick Wentworth, a\u00f1os despu\u00e9s de un compromiso terminado por el miedo y la presi\u00f3n familiar.<\/p>\n<p>La escritora explora los temas del rol de la mujer en la sociedad inglesa de principios del siglo XIX, la persuasi\u00f3n y la presi\u00f3n social, sin perder su caracter\u00edstico estilo mordaz e ir\u00f3nico.<\/p>\n","protected":false},"excerpt":{"rendered":"<p>AUSTEN, JANE<\/p>\n","protected":false},"featured_media":1011796,"template":"","meta":{"_acf_changed":false,"om_disable_all_campaigns":false,"rs_blank_template":"","rs_page_bg_color":"","slide_template_v7":"","inline_featured_image":false,"_monsterinsights_skip_tracking":false,"_monsterinsights_sitenote_active":false,"_monsterinsights_sitenote_note":"","_monsterinsights_sitenote_category":0},"product_brand":[],"product_cat":[87,353],"product_tag":[],"class_list":{"0":"post-300351","1":"product","2":"type-product","3":"status-publish","4":"has-post-thumbnail","6":"product_cat-literatura","7":"product_cat-literatura-2_humanidades","9":"first","10":"outofstock","11":"taxable","12":"shipping-taxable","13":"purchasable","14":"product-type-simple"},"acf":{"autor":"AUSTEN, JANE","codart":"841508947","libros-coleccion":"","ediciones":"1","encuadernacion":"R\u00fastica","fecha_de_publicacion":"10\/02\/2016","novedad":"0","paginas":"283","subtitulo":"","orden":"999","portada":"0","idioma":"spa","editorial":[{"ID":148685,"post_author":"3","post_date":"2022-10-14 12:00:11","post_date_gmt":"2022-10-14 10:00:11","post_content":"","post_title":"PLUT\u00d3N EDICIONES","post_excerpt":"","post_status":"publish","comment_status":"closed","ping_status":"closed","post_password":"","post_name":"pluton-ediciones","to_ping":"","pinged":"","post_modified":"2022-10-14 12:00:11","post_modified_gmt":"2022-10-14 10:00:11","post_content_filtered":"","post_parent":0,"guid":"http:\/\/dev.claret.cat\/editorial\/pluton-ediciones\/","menu_order":0,"post_type":"editorial","post_mime_type":"","comment_count":"0","filter":"raw"}],"autores-libros":[{"ID":158486,"post_author":"3","post_date":"2022-10-14 15:37:14","post_date_gmt":"2022-10-14 13:37:14","post_content":"","post_title":"JANE AUSTEN","post_excerpt":"","post_status":"publish","comment_status":"closed","ping_status":"closed","post_password":"","post_name":"jane-austen","to_ping":"","pinged":"","post_modified":"2022-10-14 15:37:14","post_modified_gmt":"2022-10-14 13:37:14","post_content_filtered":"","post_parent":0,"guid":"http:\/\/dev.claret.cat\/autor\/jane-austen\/","menu_order":0,"post_type":"autor","post_mime_type":"","comment_count":"0","filter":"raw"}]},"aioseo_notices":[],"_links":{"self":[{"href":"https:\/\/www.claret.cat\/es\/wp-json\/wp\/v2\/product\/300351","targetHints":{"allow":["GET"]}}],"collection":[{"href":"https:\/\/www.claret.cat\/es\/wp-json\/wp\/v2\/product"}],"about":[{"href":"https:\/\/www.claret.cat\/es\/wp-json\/wp\/v2\/types\/product"}],"wp:featuredmedia":[{"embeddable":true,"href":"https:\/\/www.claret.cat\/es\/wp-json\/wp\/v2\/media\/1011796"}],"wp:attachment":[{"href":"https:\/\/www.claret.cat\/es\/wp-json\/wp\/v2\/media?parent=300351"}],"wp:term":[{"taxonomy":"product_brand","embeddable":true,"href":"https:\/\/www.claret.cat\/es\/wp-json\/wp\/v2\/product_brand?post=300351"},{"taxonomy":"product_cat","embeddable":true,"href":"https:\/\/www.claret.cat\/es\/wp-json\/wp\/v2\/product_cat?post=300351"},{"taxonomy":"product_tag","embeddable":true,"href":"https:\/\/www.claret.cat\/es\/wp-json\/wp\/v2\/product_tag?post=300351"}],"curies":[{"name":"wp","href":"https:\/\/api.w.org\/{rel}","templated":true}]}}